{"id":12,"date":"2021-10-22T13:43:11","date_gmt":"2021-10-22T13:43:11","guid":{"rendered":"http:\/\/black-wood-archery.com\/?page_id=12"},"modified":"2022-04-29T17:12:25","modified_gmt":"2022-04-29T17:12:25","slug":"credits","status":"publish","type":"page","link":"http:\/\/black-wood-archery.com\/de\/credits\/","title":{"rendered":"Impressum"},"content":{"rendered":"<div data-elementor-type=\"wp-page\" data-elementor-id=\"12\" class=\"elementor elementor-12\" data-elementor-settings=\"[]\">\n\t\t\t\t\t\t\t<div class=\"elementor-section-wrap\">\n\t\t\t\t\t\t\t<section class=\"elementor-section elementor-top-section elementor-element elementor-element-55f9587c elementor-section-boxed elementor-section-height-default elementor-section-height-default\" data-id=\"55f9587c\" data-element_type=\"section\" data-settings=\"{&quot;background_background&quot;:&quot;classic&quot;,&quot;background_motion_fx_motion_fx_scrolling&quot;:&quot;yes&quot;,&quot;background_motion_fx_translateY_effect&quot;:&quot;yes&quot;,&quot;background_motion_fx_translateY_speed&quot;:{&quot;unit&quot;:&quot;px&quot;,&quot;size&quot;:10,&quot;sizes&quot;:[]},&quot;background_motion_fx_translateY_affectedRange&quot;:{&quot;unit&quot;:&quot;%&quot;,&quot;size&quot;:&quot;&quot;,&quot;sizes&quot;:{&quot;start&quot;:0,&quot;end&quot;:100}},&quot;background_motion_fx_devices&quot;:[&quot;desktop&quot;,&quot;tablet&quot;,&quot;mobile&quot;]}\">\n\t\t\t\t\t\t\t<div class=\"elementor-background-overlay\"><\/div>\n\t\t\t\t\t\t\t<div class=\"elementor-container elementor-column-gap-default\">\n\t\t\t\t\t<div class=\"elementor-column elementor-col-100 elementor-top-column elementor-element elementor-element-60bb3bce\" data-id=\"60bb3bce\" data-element_type=\"column\">\n\t\t\t<div class=\"elementor-widget-wrap elementor-element-populated\">\n\t\t\t\t\t\t\t\t\t<\/div>\n\t\t<\/div>\n\t\t\t\t\t\t\t<\/div>\n\t\t<\/section>\n\t\t\t\t<section class=\"elementor-section elementor-top-section elementor-element elementor-element-5a259de7 elementor-section-boxed elementor-section-height-default elementor-section-height-default\" data-id=\"5a259de7\" data-element_type=\"section\">\n\t\t\t\t\t\t<div class=\"elementor-container elementor-column-gap-default\">\n\t\t\t\t\t<div class=\"elementor-column elementor-col-100 elementor-top-column elementor-element elementor-element-3fc425dc\" data-id=\"3fc425dc\" data-element_type=\"column\">\n\t\t\t<div class=\"elementor-widget-wrap elementor-element-populated\">\n\t\t\t\t\t\t\t\t<section class=\"elementor-section elementor-inner-section elementor-element elementor-element-137f98c8 elementor-section-boxed elementor-section-height-default elementor-section-height-default\" data-id=\"137f98c8\" data-element_type=\"section\">\n\t\t\t\t\t\t<div class=\"elementor-container elementor-column-gap-default\">\n\t\t\t\t\t<div class=\"elementor-column elementor-col-50 elementor-inner-column elementor-element elementor-element-57292ae3 elementor-invisible\" data-id=\"57292ae3\" data-element_type=\"column\" data-settings=\"{&quot;animation&quot;:&quot;fadeInUp&quot;}\">\n\t\t\t<div class=\"elementor-widget-wrap elementor-element-populated\">\n\t\t\t\t\t\t\t\t<div class=\"elementor-element elementor-element-67a62391 ekit-equal-height-disable elementor-widget elementor-widget-elementskit-icon-box\" data-id=\"67a62391\" data-element_type=\"widget\" data-widget_type=\"elementskit-icon-box.default\">\n\t\t\t\t<div class=\"elementor-widget-container\">\n\t\t\t<div class=\"ekit-wid-con\" >        <!-- link opening -->\n                <!-- end link opening -->\n\n        <div class=\"elementskit-infobox text- text- icon-lef-right-aligin elementor-animation-  gradient-active  hover_from_left\">\n                        <div class=\"box-body\">\n                            <h3 class=\"elementskit-info-box-title\">\n                    Impressum                <\/h3>\n                                    <p>Blackwood Archery<br>\nThomas Scholl<br>\nWaldstra\u00dfe 3<br>\nD-96328 K\u00fcps-Burkersdorf<br>\n<br>\nTelefon: +49 (0) 9264 8789<br>\nMobil: +49 (0) 162 34 111 69<br>\n<br>\nmail@scholl-bogenbau.de<br>\nwww.black-wood-archery.de<br>\n<br>\nUmsatzsteueridentifikationsnummer: DE187170959<br>\n<br>\nInhaltlich verantwortlich gem\u00e4\u00df \n\u00a710 Abs. 3 MDStV: Thomas Scholl <\/p>\n                                <\/div>\n        \n        \n                <\/div>\n        <\/div>\t\t<\/div>\n\t\t\t\t<\/div>\n\t\t\t\t\t<\/div>\n\t\t<\/div>\n\t\t\t\t<div class=\"elementor-column elementor-col-50 elementor-inner-column elementor-element elementor-element-afa8d85 elementor-invisible\" data-id=\"afa8d85\" data-element_type=\"column\" data-settings=\"{&quot;animation&quot;:&quot;fadeInUp&quot;,&quot;animation_delay&quot;:1200}\">\n\t\t\t<div class=\"elementor-widget-wrap elementor-element-populated\">\n\t\t\t\t\t\t\t\t<div class=\"elementor-element elementor-element-e493ae1 ekit-equal-height-disable elementor-widget elementor-widget-elementskit-icon-box\" data-id=\"e493ae1\" data-element_type=\"widget\" data-widget_type=\"elementskit-icon-box.default\">\n\t\t\t\t<div class=\"elementor-widget-container\">\n\t\t\t<div class=\"ekit-wid-con\" >        <!-- link opening -->\n                <!-- end link opening -->\n\n        <div class=\"elementskit-infobox text- text- icon-lef-right-aligin elementor-animation-  gradient-active  hover_from_left\">\n                        <div class=\"box-body\">\n                            <h3 class=\"elementskit-info-box-title\">\n                    Copyright Hinweis:                <\/h3>\n                                    <p>Alle Texte, Bilder und Gestaltungselemente sowie das gesamte Design unterliegen dem Copyright der jeweiligen Firmen. Kein Teil dieser Pr\u00e4sentation darf ohne schriftliche Genehmigung der Rechteinhaber analog oder digital, gleich welcher Form, vervielf\u00e4ltigt oder au\u00dferhalb dieser Pr\u00e4sentation ver\u00f6ffentlicht werden.\nZuwiderhandlungen m\u00fcssen und werden strafrechtlich verfolgt. <\/p>\n                                <\/div>\n        \n        \n                <\/div>\n        <\/div>\t\t<\/div>\n\t\t\t\t<\/div>\n\t\t\t\t\t<\/div>\n\t\t<\/div>\n\t\t\t\t\t\t\t<\/div>\n\t\t<\/section>\n\t\t\t\t\t<\/div>\n\t\t<\/div>\n\t\t\t\t\t\t\t<\/div>\n\t\t<\/section>\n\t\t\t\t\t\t<\/div>\n\t\t\t\t\t<\/div>","protected":false},"excerpt":{"rendered":"<p>Credits Blackwood Archery Thomas Scholl Waldstra\u00dfe 3 D-96328 K\u00fcps-Burkersdorf Phone: +49 (0) 9264 8789 Mobil: +49 (0) 162 34 111 69 mail@scholl-bogenbau.de www.black-wood-archery.de VAT registration number: DE187170959 Responsible for content according to \u00a710 Abs. 3 MDStV: Thomas Scholl Copyright notice: All texts, images, and design elements as well as the entire design are subject to [&hellip;]<\/p>","protected":false},"author":2,"featured_media":0,"parent":0,"menu_order":0,"comment_status":"closed","ping_status":"closed","template":"elementor_header_footer","meta":{"footnotes":""},"class_list":["post-12","page","type-page","status-publish","hentry"],"_links":{"self":[{"href":"http:\/\/black-wood-archery.com\/de\/wp-json\/wp\/v2\/pages\/12","targetHints":{"allow":["GET"]}}],"collection":[{"href":"http:\/\/black-wood-archery.com\/de\/wp-json\/wp\/v2\/pages"}],"about":[{"href":"http:\/\/black-wood-archery.com\/de\/wp-json\/wp\/v2\/types\/page"}],"author":[{"embeddable":true,"href":"http:\/\/black-wood-archery.com\/de\/wp-json\/wp\/v2\/users\/2"}],"replies":[{"embeddable":true,"href":"http:\/\/black-wood-archery.com\/de\/wp-json\/wp\/v2\/comments?post=12"}],"version-history":[{"count":22,"href":"http:\/\/black-wood-archery.com\/de\/wp-json\/wp\/v2\/pages\/12\/revisions"}],"predecessor-version":[{"id":1869,"href":"http:\/\/black-wood-archery.com\/de\/wp-json\/wp\/v2\/pages\/12\/revisions\/1869"}],"wp:attachment":[{"href":"http:\/\/black-wood-archery.com\/de\/wp-json\/wp\/v2\/media?parent=12"}],"curies":[{"name":"wp","href":"https:\/\/api.w.org\/{rel}","templated":true}]}}