{"id":1318,"date":"2021-12-01T18:47:58","date_gmt":"2021-12-01T18:47:58","guid":{"rendered":"http:\/\/black-wood-archery.com\/?page_id=1318"},"modified":"2023-01-12T17:09:41","modified_gmt":"2023-01-12T17:09:41","slug":"mounting-quivers","status":"publish","type":"page","link":"http:\/\/black-wood-archery.com\/de\/mounting-quivers\/","title":{"rendered":"Bogenk\u00f6cher"},"content":{"rendered":"<div data-elementor-type=\"wp-page\" data-elementor-id=\"1318\" class=\"elementor elementor-1318\" data-elementor-settings=\"[]\">\n\t\t\t\t\t\t\t<div class=\"elementor-section-wrap\">\n\t\t\t\t\t\t\t<section class=\"elementor-section elementor-top-section elementor-element elementor-element-7c44e940 elementor-section-boxed elementor-section-height-default elementor-section-height-default\" data-id=\"7c44e940\" data-element_type=\"section\" data-settings=\"{&quot;background_background&quot;:&quot;classic&quot;,&quot;background_motion_fx_motion_fx_scrolling&quot;:&quot;yes&quot;,&quot;background_motion_fx_translateY_effect&quot;:&quot;yes&quot;,&quot;background_motion_fx_translateY_speed&quot;:{&quot;unit&quot;:&quot;px&quot;,&quot;size&quot;:10,&quot;sizes&quot;:[]},&quot;background_motion_fx_translateY_affectedRange&quot;:{&quot;unit&quot;:&quot;%&quot;,&quot;size&quot;:&quot;&quot;,&quot;sizes&quot;:{&quot;start&quot;:0,&quot;end&quot;:100}},&quot;background_motion_fx_devices&quot;:[&quot;desktop&quot;,&quot;tablet&quot;,&quot;mobile&quot;]}\">\n\t\t\t\t\t\t\t<div class=\"elementor-background-overlay\"><\/div>\n\t\t\t\t\t\t\t<div class=\"elementor-container elementor-column-gap-default\">\n\t\t\t\t\t<div class=\"elementor-column elementor-col-100 elementor-top-column elementor-element elementor-element-cca1870\" data-id=\"cca1870\" data-element_type=\"column\">\n\t\t\t<div class=\"elementor-widget-wrap elementor-element-populated\">\n\t\t\t\t\t\t\t\t\t<\/div>\n\t\t<\/div>\n\t\t\t\t\t\t\t<\/div>\n\t\t<\/section>\n\t\t\t\t<section class=\"elementor-section elementor-top-section elementor-element elementor-element-54425ab elementor-section-full_width elementor-section-height-default elementor-section-height-default\" data-id=\"54425ab\" data-element_type=\"section\" data-settings=\"{&quot;background_background&quot;:&quot;classic&quot;}\">\n\t\t\t\t\t\t<div class=\"elementor-container elementor-column-gap-default\">\n\t\t\t\t\t<div class=\"elementor-column elementor-col-100 elementor-top-column elementor-element elementor-element-45205636\" data-id=\"45205636\" data-element_type=\"column\">\n\t\t\t<div class=\"elementor-widget-wrap elementor-element-populated\">\n\t\t\t\t\t\t\t\t<section class=\"elementor-section elementor-inner-section elementor-element elementor-element-4d354e71 elementor-section-boxed elementor-section-height-default elementor-section-height-default\" data-id=\"4d354e71\" data-element_type=\"section\">\n\t\t\t\t\t\t<div class=\"elementor-container elementor-column-gap-default\">\n\t\t\t\t\t<div class=\"elementor-column elementor-col-33 elementor-inner-column elementor-element elementor-element-59940a81\" data-id=\"59940a81\" data-element_type=\"column\">\n\t\t\t<div class=\"elementor-widget-wrap elementor-element-populated\">\n\t\t\t\t\t\t\t\t<div class=\"elementor-element elementor-element-b825082 elementor-widget elementor-widget-image\" data-id=\"b825082\" data-element_type=\"widget\" data-widget_type=\"image.default\">\n\t\t\t\t<div class=\"elementor-widget-container\">\n\t\t\t\t\t\t\t\t\t\t\t\t\t\t\t<img loading=\"lazy\" decoding=\"async\" width=\"768\" height=\"1024\" src=\"http:\/\/black-wood-archery.com\/wp-content\/uploads\/2021\/12\/WhatsApp-Image-2021-12-07-at-10.25.30-1-768x1024.jpeg\" class=\"attachment-large size-large\" alt=\"\" srcset=\"http:\/\/black-wood-archery.com\/wp-content\/uploads\/2021\/12\/WhatsApp-Image-2021-12-07-at-10.25.30-1-768x1024.jpeg 768w, http:\/\/black-wood-archery.com\/wp-content\/uploads\/2021\/12\/WhatsApp-Image-2021-12-07-at-10.25.30-1-225x300.jpeg 225w, http:\/\/black-wood-archery.com\/wp-content\/uploads\/2021\/12\/WhatsApp-Image-2021-12-07-at-10.25.30-1-1152x1536.jpeg 1152w, http:\/\/black-wood-archery.com\/wp-content\/uploads\/2021\/12\/WhatsApp-Image-2021-12-07-at-10.25.30-1-9x12.jpeg 9w, http:\/\/black-wood-archery.com\/wp-content\/uploads\/2021\/12\/WhatsApp-Image-2021-12-07-at-10.25.30-1.jpeg 1512w\" sizes=\"auto, (max-width: 768px) 100vw, 768px\" \/>\t\t\t\t\t\t\t\t\t\t\t\t\t\t\t<\/div>\n\t\t\t\t<\/div>\n\t\t\t\t\t<\/div>\n\t\t<\/div>\n\t\t\t\t<div class=\"elementor-column elementor-col-33 elementor-inner-column elementor-element elementor-element-3aa11962\" data-id=\"3aa11962\" data-element_type=\"column\">\n\t\t\t<div class=\"elementor-widget-wrap elementor-element-populated\">\n\t\t\t\t\t\t\t\t<div class=\"elementor-element elementor-element-5bc67296 elementor-widget elementor-widget-image\" data-id=\"5bc67296\" data-element_type=\"widget\" data-widget_type=\"image.default\">\n\t\t\t\t<div class=\"elementor-widget-container\">\n\t\t\t\t\t\t\t\t\t\t\t\t\t\t\t<img loading=\"lazy\" decoding=\"async\" width=\"768\" height=\"1024\" src=\"http:\/\/black-wood-archery.com\/wp-content\/uploads\/2021\/12\/WhatsApp-Image-2021-12-07-at-10.25.29-768x1024.jpeg\" class=\"attachment-large size-large\" alt=\"\" srcset=\"http:\/\/black-wood-archery.com\/wp-content\/uploads\/2021\/12\/WhatsApp-Image-2021-12-07-at-10.25.29-768x1024.jpeg 768w, http:\/\/black-wood-archery.com\/wp-content\/uploads\/2021\/12\/WhatsApp-Image-2021-12-07-at-10.25.29-225x300.jpeg 225w, http:\/\/black-wood-archery.com\/wp-content\/uploads\/2021\/12\/WhatsApp-Image-2021-12-07-at-10.25.29-1152x1536.jpeg 1152w, http:\/\/black-wood-archery.com\/wp-content\/uploads\/2021\/12\/WhatsApp-Image-2021-12-07-at-10.25.29-9x12.jpeg 9w, http:\/\/black-wood-archery.com\/wp-content\/uploads\/2021\/12\/WhatsApp-Image-2021-12-07-at-10.25.29.jpeg 1512w\" sizes=\"auto, (max-width: 768px) 100vw, 768px\" \/>\t\t\t\t\t\t\t\t\t\t\t\t\t\t\t<\/div>\n\t\t\t\t<\/div>\n\t\t\t\t\t<\/div>\n\t\t<\/div>\n\t\t\t\t<div class=\"elementor-column elementor-col-33 elementor-inner-column elementor-element elementor-element-5f798f85\" data-id=\"5f798f85\" data-element_type=\"column\">\n\t\t\t<div class=\"elementor-widget-wrap elementor-element-populated\">\n\t\t\t\t\t\t\t\t<div class=\"elementor-element elementor-element-6cf6b51e elementor-widget elementor-widget-image\" data-id=\"6cf6b51e\" data-element_type=\"widget\" data-widget_type=\"image.default\">\n\t\t\t\t<div class=\"elementor-widget-container\">\n\t\t\t\t\t\t\t\t\t\t\t\t\t\t\t<img loading=\"lazy\" decoding=\"async\" width=\"768\" height=\"1024\" src=\"http:\/\/black-wood-archery.com\/wp-content\/uploads\/2021\/12\/WhatsApp-Image-2021-12-07-at-10.25.30-768x1024.jpeg\" class=\"attachment-large size-large\" alt=\"\" srcset=\"http:\/\/black-wood-archery.com\/wp-content\/uploads\/2021\/12\/WhatsApp-Image-2021-12-07-at-10.25.30-768x1024.jpeg 768w, http:\/\/black-wood-archery.com\/wp-content\/uploads\/2021\/12\/WhatsApp-Image-2021-12-07-at-10.25.30-225x300.jpeg 225w, http:\/\/black-wood-archery.com\/wp-content\/uploads\/2021\/12\/WhatsApp-Image-2021-12-07-at-10.25.30-1152x1536.jpeg 1152w, http:\/\/black-wood-archery.com\/wp-content\/uploads\/2021\/12\/WhatsApp-Image-2021-12-07-at-10.25.30-9x12.jpeg 9w, http:\/\/black-wood-archery.com\/wp-content\/uploads\/2021\/12\/WhatsApp-Image-2021-12-07-at-10.25.30.jpeg 1512w\" sizes=\"auto, (max-width: 768px) 100vw, 768px\" \/>\t\t\t\t\t\t\t\t\t\t\t\t\t\t\t<\/div>\n\t\t\t\t<\/div>\n\t\t\t\t\t<\/div>\n\t\t<\/div>\n\t\t\t\t\t\t\t<\/div>\n\t\t<\/section>\n\t\t\t\t<section class=\"elementor-section elementor-inner-section elementor-element elementor-element-66b89750 elementor-section-boxed elementor-section-height-default elementor-section-height-default\" data-id=\"66b89750\" data-element_type=\"section\">\n\t\t\t\t\t\t<div class=\"elementor-container elementor-column-gap-default\">\n\t\t\t\t\t<div class=\"elementor-column elementor-col-33 elementor-inner-column elementor-element elementor-element-261d2da2\" data-id=\"261d2da2\" data-element_type=\"column\" data-settings=\"{&quot;background_background&quot;:&quot;classic&quot;}\">\n\t\t\t<div class=\"elementor-widget-wrap elementor-element-populated\">\n\t\t\t\t\t\t\t\t<div class=\"elementor-element elementor-element-693cfd59 elementor-widget elementor-widget-text-editor\" data-id=\"693cfd59\" data-element_type=\"widget\" data-widget_type=\"text-editor.default\">\n\t\t\t\t<div class=\"elementor-widget-container\">\n\t\t\t\t\t\t\t<p dir=\"ltr\" data-placeholder=\"\u00dcbersetzung\">\u00a0<\/p><p id=\"tw-target-text\" class=\"tw-data-text tw-text-large tw-ta\" dir=\"ltr\" data-placeholder=\"\u00dcbersetzung\"><span class=\"Y2IQFc\" lang=\"en\">Alle Bogenk\u00f6cher werden von uns per Hand gefertigt.<\/span><\/p><p class=\"tw-data-text tw-text-large tw-ta\" dir=\"ltr\" data-placeholder=\"\u00dcbersetzung\"><span class=\"Y2IQFc\" lang=\"en\">Sie sind aus vegetabil gegerbtem Wildleder gefertigt und wird individuell f\u00fcr den Kunden hergestellt. <\/span><\/p><p class=\"tw-data-text tw-text-large tw-ta\" dir=\"ltr\" data-placeholder=\"\u00dcbersetzung\"><span class=\"Y2IQFc\" lang=\"en\">Ebenfalls erh\u00e4ltlich in Schlangenleder, punziert oder nach Wunsch eingef\u00e4rbt.<\/span><\/p>\t\t\t\t\t\t<\/div>\n\t\t\t\t<\/div>\n\t\t\t\t<div class=\"elementor-element elementor-element-7828cd1 elementor-widget__width-initial elementor-widget elementor-widget-text-editor\" data-id=\"7828cd1\" data-element_type=\"widget\" data-widget_type=\"text-editor.default\">\n\t\t\t\t<div class=\"elementor-widget-container\">\n\t\t\t\t\t\t\t<p><b>Basis Preis<\/b><\/p>\t\t\t\t\t\t<\/div>\n\t\t\t\t<\/div>\n\t\t\t\t<div class=\"elementor-element elementor-element-6d91157 elementor-widget__width-initial elementor-widget elementor-widget-text-editor\" data-id=\"6d91157\" data-element_type=\"widget\" data-widget_type=\"text-editor.default\">\n\t\t\t\t<div class=\"elementor-widget-container\">\n\t\t\t\t\t\t\t<p>ab \u20ac 180;<br \/>Endpreis abh\u00e4ngig von den gew\u00e4hlten Materialien und dem Mehraufwand f\u00fcr Sonderanfertigungen<\/p>\t\t\t\t\t\t<\/div>\n\t\t\t\t<\/div>\n\t\t\t\t\t<\/div>\n\t\t<\/div>\n\t\t\t\t<div class=\"elementor-column elementor-col-33 elementor-inner-column elementor-element elementor-element-705c2ff8\" data-id=\"705c2ff8\" data-element_type=\"column\">\n\t\t\t<div class=\"elementor-widget-wrap elementor-element-populated\">\n\t\t\t\t\t\t\t\t<div class=\"elementor-element elementor-element-6313a419 elementor-widget elementor-widget-image\" data-id=\"6313a419\" data-element_type=\"widget\" data-widget_type=\"image.default\">\n\t\t\t\t<div class=\"elementor-widget-container\">\n\t\t\t\t\t\t\t\t\t\t\t\t\t\t\t<img loading=\"lazy\" decoding=\"async\" width=\"768\" height=\"1024\" src=\"http:\/\/black-wood-archery.com\/wp-content\/uploads\/2021\/12\/WhatsApp-Image-2021-12-07-at-10.25.30-2-768x1024.jpeg\" class=\"attachment-large size-large\" alt=\"\" srcset=\"http:\/\/black-wood-archery.com\/wp-content\/uploads\/2021\/12\/WhatsApp-Image-2021-12-07-at-10.25.30-2-768x1024.jpeg 768w, http:\/\/black-wood-archery.com\/wp-content\/uploads\/2021\/12\/WhatsApp-Image-2021-12-07-at-10.25.30-2-225x300.jpeg 225w, http:\/\/black-wood-archery.com\/wp-content\/uploads\/2021\/12\/WhatsApp-Image-2021-12-07-at-10.25.30-2-1152x1536.jpeg 1152w, http:\/\/black-wood-archery.com\/wp-content\/uploads\/2021\/12\/WhatsApp-Image-2021-12-07-at-10.25.30-2-9x12.jpeg 9w, http:\/\/black-wood-archery.com\/wp-content\/uploads\/2021\/12\/WhatsApp-Image-2021-12-07-at-10.25.30-2.jpeg 1512w\" sizes=\"auto, (max-width: 768px) 100vw, 768px\" \/>\t\t\t\t\t\t\t\t\t\t\t\t\t\t\t<\/div>\n\t\t\t\t<\/div>\n\t\t\t\t\t<\/div>\n\t\t<\/div>\n\t\t\t\t<div class=\"elementor-column elementor-col-33 elementor-inner-column elementor-element elementor-element-6be2aa59\" data-id=\"6be2aa59\" data-element_type=\"column\">\n\t\t\t<div class=\"elementor-widget-wrap elementor-element-populated\">\n\t\t\t\t\t\t\t\t<div class=\"elementor-element elementor-element-43737d42 elementor-widget elementor-widget-image\" data-id=\"43737d42\" data-element_type=\"widget\" data-widget_type=\"image.default\">\n\t\t\t\t<div class=\"elementor-widget-container\">\n\t\t\t\t\t\t\t\t\t\t\t\t\t\t\t<img loading=\"lazy\" decoding=\"async\" width=\"768\" height=\"1024\" src=\"http:\/\/black-wood-archery.com\/wp-content\/uploads\/2021\/12\/WhatsApp-Image-2021-12-07-at-10.25.29-2-768x1024.jpeg\" class=\"attachment-large size-large\" alt=\"\" srcset=\"http:\/\/black-wood-archery.com\/wp-content\/uploads\/2021\/12\/WhatsApp-Image-2021-12-07-at-10.25.29-2-768x1024.jpeg 768w, http:\/\/black-wood-archery.com\/wp-content\/uploads\/2021\/12\/WhatsApp-Image-2021-12-07-at-10.25.29-2-225x300.jpeg 225w, http:\/\/black-wood-archery.com\/wp-content\/uploads\/2021\/12\/WhatsApp-Image-2021-12-07-at-10.25.29-2-1152x1536.jpeg 1152w, http:\/\/black-wood-archery.com\/wp-content\/uploads\/2021\/12\/WhatsApp-Image-2021-12-07-at-10.25.29-2-9x12.jpeg 9w, http:\/\/black-wood-archery.com\/wp-content\/uploads\/2021\/12\/WhatsApp-Image-2021-12-07-at-10.25.29-2.jpeg 1512w\" sizes=\"auto, (max-width: 768px) 100vw, 768px\" \/>\t\t\t\t\t\t\t\t\t\t\t\t\t\t\t<\/div>\n\t\t\t\t<\/div>\n\t\t\t\t\t<\/div>\n\t\t<\/div>\n\t\t\t\t\t\t\t<\/div>\n\t\t<\/section>\n\t\t\t\t<section class=\"elementor-section elementor-inner-section elementor-element elementor-element-6082637c elementor-section-boxed elementor-section-height-default elementor-section-height-default\" data-id=\"6082637c\" data-element_type=\"section\">\n\t\t\t\t\t\t<div class=\"elementor-container elementor-column-gap-default\">\n\t\t\t\t\t<div class=\"elementor-column elementor-col-33 elementor-inner-column elementor-element elementor-element-2e8ece37\" data-id=\"2e8ece37\" data-element_type=\"column\">\n\t\t\t<div class=\"elementor-widget-wrap elementor-element-populated\">\n\t\t\t\t\t\t\t\t<div class=\"elementor-element elementor-element-44c1ef76 elementor-widget elementor-widget-image\" data-id=\"44c1ef76\" data-element_type=\"widget\" data-widget_type=\"image.default\">\n\t\t\t\t<div class=\"elementor-widget-container\">\n\t\t\t\t\t\t\t\t\t\t\t\t\t\t\t<img loading=\"lazy\" decoding=\"async\" width=\"768\" height=\"1024\" src=\"http:\/\/black-wood-archery.com\/wp-content\/uploads\/2021\/12\/WhatsApp-Image-2021-12-07-at-10.25.29-1-768x1024.jpeg\" class=\"attachment-large size-large\" alt=\"\" srcset=\"http:\/\/black-wood-archery.com\/wp-content\/uploads\/2021\/12\/WhatsApp-Image-2021-12-07-at-10.25.29-1-768x1024.jpeg 768w, http:\/\/black-wood-archery.com\/wp-content\/uploads\/2021\/12\/WhatsApp-Image-2021-12-07-at-10.25.29-1-225x300.jpeg 225w, http:\/\/black-wood-archery.com\/wp-content\/uploads\/2021\/12\/WhatsApp-Image-2021-12-07-at-10.25.29-1-1152x1536.jpeg 1152w, http:\/\/black-wood-archery.com\/wp-content\/uploads\/2021\/12\/WhatsApp-Image-2021-12-07-at-10.25.29-1-9x12.jpeg 9w, http:\/\/black-wood-archery.com\/wp-content\/uploads\/2021\/12\/WhatsApp-Image-2021-12-07-at-10.25.29-1.jpeg 1512w\" sizes=\"auto, (max-width: 768px) 100vw, 768px\" \/>\t\t\t\t\t\t\t\t\t\t\t\t\t\t\t<\/div>\n\t\t\t\t<\/div>\n\t\t\t\t\t<\/div>\n\t\t<\/div>\n\t\t\t\t<div class=\"elementor-column elementor-col-33 elementor-inner-column elementor-element elementor-element-295bf3b8\" data-id=\"295bf3b8\" data-element_type=\"column\">\n\t\t\t<div class=\"elementor-widget-wrap elementor-element-populated\">\n\t\t\t\t\t\t\t\t<div class=\"elementor-element elementor-element-736e3758 elementor-widget elementor-widget-image\" data-id=\"736e3758\" data-element_type=\"widget\" data-widget_type=\"image.default\">\n\t\t\t\t<div class=\"elementor-widget-container\">\n\t\t\t\t\t\t\t\t\t\t\t\t\t\t\t<img loading=\"lazy\" decoding=\"async\" width=\"768\" height=\"1024\" src=\"http:\/\/black-wood-archery.com\/wp-content\/uploads\/2021\/12\/WhatsApp-Image-2021-12-07-at-10.25.29-3-768x1024.jpeg\" class=\"attachment-large size-large\" alt=\"\" srcset=\"http:\/\/black-wood-archery.com\/wp-content\/uploads\/2021\/12\/WhatsApp-Image-2021-12-07-at-10.25.29-3-768x1024.jpeg 768w, http:\/\/black-wood-archery.com\/wp-content\/uploads\/2021\/12\/WhatsApp-Image-2021-12-07-at-10.25.29-3-225x300.jpeg 225w, http:\/\/black-wood-archery.com\/wp-content\/uploads\/2021\/12\/WhatsApp-Image-2021-12-07-at-10.25.29-3-1152x1536.jpeg 1152w, http:\/\/black-wood-archery.com\/wp-content\/uploads\/2021\/12\/WhatsApp-Image-2021-12-07-at-10.25.29-3-9x12.jpeg 9w, http:\/\/black-wood-archery.com\/wp-content\/uploads\/2021\/12\/WhatsApp-Image-2021-12-07-at-10.25.29-3.jpeg 1512w\" sizes=\"auto, (max-width: 768px) 100vw, 768px\" \/>\t\t\t\t\t\t\t\t\t\t\t\t\t\t\t<\/div>\n\t\t\t\t<\/div>\n\t\t\t\t\t<\/div>\n\t\t<\/div>\n\t\t\t\t<div class=\"elementor-column elementor-col-33 elementor-inner-column elementor-element elementor-element-5c65abe9\" data-id=\"5c65abe9\" data-element_type=\"column\">\n\t\t\t<div class=\"elementor-widget-wrap\">\n\t\t\t\t\t\t\t\t\t<\/div>\n\t\t<\/div>\n\t\t\t\t\t\t\t<\/div>\n\t\t<\/section>\n\t\t\t\t\t<\/div>\n\t\t<\/div>\n\t\t\t\t\t\t\t<\/div>\n\t\t<\/section>\n\t\t\t\t\t\t<\/div>\n\t\t\t\t\t<\/div>","protected":false},"excerpt":{"rendered":"<p>\u00a0 All bow quivers are made by hand by us. They are made of vegetable-tanned suede and are made individually for the customer. Also available is Snake Leather, chased or colored as desired. Base Price from \u20ac 180;final price depending on the selected materials and extra efforts for design<\/p>","protected":false},"author":2,"featured_media":0,"parent":0,"menu_order":0,"comment_status":"closed","ping_status":"closed","template":"elementor_header_footer","meta":{"footnotes":""},"class_list":["post-1318","page","type-page","status-publish","hentry"],"_links":{"self":[{"href":"http:\/\/black-wood-archery.com\/de\/wp-json\/wp\/v2\/pages\/1318","targetHints":{"allow":["GET"]}}],"collection":[{"href":"http:\/\/black-wood-archery.com\/de\/wp-json\/wp\/v2\/pages"}],"about":[{"href":"http:\/\/black-wood-archery.com\/de\/wp-json\/wp\/v2\/types\/page"}],"author":[{"embeddable":true,"href":"http:\/\/black-wood-archery.com\/de\/wp-json\/wp\/v2\/users\/2"}],"replies":[{"embeddable":true,"href":"http:\/\/black-wood-archery.com\/de\/wp-json\/wp\/v2\/comments?post=1318"}],"version-history":[{"count":37,"href":"http:\/\/black-wood-archery.com\/de\/wp-json\/wp\/v2\/pages\/1318\/revisions"}],"predecessor-version":[{"id":2103,"href":"http:\/\/black-wood-archery.com\/de\/wp-json\/wp\/v2\/pages\/1318\/revisions\/2103"}],"wp:attachment":[{"href":"http:\/\/black-wood-archery.com\/de\/wp-json\/wp\/v2\/media?parent=1318"}],"curies":[{"name":"wp","href":"https:\/\/api.w.org\/{rel}","templated":true}]}}