{"id":1891,"date":"2022-06-17T10:45:44","date_gmt":"2022-06-17T10:45:44","guid":{"rendered":"http:\/\/black-wood-archery.com\/?page_id=1891"},"modified":"2022-06-18T18:36:36","modified_gmt":"2022-06-18T18:36:36","slug":"the-rock-t-rex","status":"publish","type":"page","link":"http:\/\/black-wood-archery.com\/de\/the-rock-t-rex\/","title":{"rendered":"The Rock T-Rex"},"content":{"rendered":"<div data-elementor-type=\"wp-page\" data-elementor-id=\"1891\" class=\"elementor elementor-1891\" data-elementor-settings=\"[]\">\n\t\t\t\t\t\t\t<div class=\"elementor-section-wrap\">\n\t\t\t\t\t\t\t<section class=\"elementor-section elementor-top-section elementor-element elementor-element-64009b67 elementor-section-boxed elementor-section-height-default elementor-section-height-default\" data-id=\"64009b67\" data-element_type=\"section\" data-settings=\"{&quot;background_background&quot;:&quot;classic&quot;,&quot;background_motion_fx_motion_fx_scrolling&quot;:&quot;yes&quot;,&quot;background_motion_fx_translateY_effect&quot;:&quot;yes&quot;,&quot;background_motion_fx_translateY_speed&quot;:{&quot;unit&quot;:&quot;px&quot;,&quot;size&quot;:10,&quot;sizes&quot;:[]},&quot;background_motion_fx_translateY_affectedRange&quot;:{&quot;unit&quot;:&quot;%&quot;,&quot;size&quot;:&quot;&quot;,&quot;sizes&quot;:{&quot;start&quot;:0,&quot;end&quot;:100}},&quot;background_motion_fx_devices&quot;:[&quot;desktop&quot;,&quot;tablet&quot;,&quot;mobile&quot;]}\">\n\t\t\t\t\t\t\t<div class=\"elementor-background-overlay\"><\/div>\n\t\t\t\t\t\t\t<div class=\"elementor-container elementor-column-gap-default\">\n\t\t\t\t\t<div class=\"elementor-column elementor-col-100 elementor-top-column elementor-element elementor-element-6902c612\" data-id=\"6902c612\" data-element_type=\"column\">\n\t\t\t<div class=\"elementor-widget-wrap elementor-element-populated\">\n\t\t\t\t\t\t\t\t\t<\/div>\n\t\t<\/div>\n\t\t\t\t\t\t\t<\/div>\n\t\t<\/section>\n\t\t\t\t<section class=\"elementor-section elementor-top-section elementor-element elementor-element-3c1d33ae elementor-section-full_width elementor-section-height-default elementor-section-height-default\" data-id=\"3c1d33ae\" data-element_type=\"section\" data-settings=\"{&quot;background_background&quot;:&quot;classic&quot;}\">\n\t\t\t\t\t\t<div class=\"elementor-container elementor-column-gap-default\">\n\t\t\t\t\t<div class=\"elementor-column elementor-col-100 elementor-top-column elementor-element elementor-element-3afa35e6\" data-id=\"3afa35e6\" data-element_type=\"column\">\n\t\t\t<div class=\"elementor-widget-wrap elementor-element-populated\">\n\t\t\t\t\t\t\t\t<section class=\"elementor-section elementor-inner-section elementor-element elementor-element-39c04d3f elementor-section-boxed elementor-section-height-default elementor-section-height-default\" data-id=\"39c04d3f\" data-element_type=\"section\">\n\t\t\t\t\t\t<div class=\"elementor-container elementor-column-gap-default\">\n\t\t\t\t\t<div class=\"elementor-column elementor-col-33 elementor-inner-column elementor-element elementor-element-5d694f91\" data-id=\"5d694f91\" data-element_type=\"column\">\n\t\t\t<div class=\"elementor-widget-wrap elementor-element-populated\">\n\t\t\t\t\t\t\t\t<div class=\"elementor-element elementor-element-4679bf04 elementor-widget elementor-widget-image\" data-id=\"4679bf04\" data-element_type=\"widget\" data-widget_type=\"image.default\">\n\t\t\t\t<div class=\"elementor-widget-container\">\n\t\t\t\t\t\t\t\t\t\t\t\t\t\t\t<img loading=\"lazy\" decoding=\"async\" width=\"768\" height=\"1024\" src=\"http:\/\/black-wood-archery.com\/wp-content\/uploads\/2022\/06\/WhatsApp-Image-2022-06-17-at-09.40.02-4-768x1024.jpeg\" class=\"attachment-large size-large\" alt=\"\" srcset=\"http:\/\/black-wood-archery.com\/wp-content\/uploads\/2022\/06\/WhatsApp-Image-2022-06-17-at-09.40.02-4-768x1024.jpeg 768w, http:\/\/black-wood-archery.com\/wp-content\/uploads\/2022\/06\/WhatsApp-Image-2022-06-17-at-09.40.02-4-225x300.jpeg 225w, http:\/\/black-wood-archery.com\/wp-content\/uploads\/2022\/06\/WhatsApp-Image-2022-06-17-at-09.40.02-4-1152x1536.jpeg 1152w, http:\/\/black-wood-archery.com\/wp-content\/uploads\/2022\/06\/WhatsApp-Image-2022-06-17-at-09.40.02-4-9x12.jpeg 9w, http:\/\/black-wood-archery.com\/wp-content\/uploads\/2022\/06\/WhatsApp-Image-2022-06-17-at-09.40.02-4.jpeg 1200w\" sizes=\"auto, (max-width: 768px) 100vw, 768px\" \/>\t\t\t\t\t\t\t\t\t\t\t\t\t\t\t<\/div>\n\t\t\t\t<\/div>\n\t\t\t\t\t<\/div>\n\t\t<\/div>\n\t\t\t\t<div class=\"elementor-column elementor-col-33 elementor-inner-column elementor-element elementor-element-79b49b1d\" data-id=\"79b49b1d\" data-element_type=\"column\">\n\t\t\t<div class=\"elementor-widget-wrap elementor-element-populated\">\n\t\t\t\t\t\t\t\t<div class=\"elementor-element elementor-element-562e8447 elementor-widget elementor-widget-image\" data-id=\"562e8447\" data-element_type=\"widget\" data-widget_type=\"image.default\">\n\t\t\t\t<div class=\"elementor-widget-container\">\n\t\t\t\t\t\t\t\t\t\t\t\t\t\t\t<img loading=\"lazy\" decoding=\"async\" width=\"768\" height=\"1024\" src=\"http:\/\/black-wood-archery.com\/wp-content\/uploads\/2022\/06\/WhatsApp-Image-2022-06-17-at-09.40.02-1-768x1024.jpeg\" class=\"attachment-large size-large\" alt=\"\" srcset=\"http:\/\/black-wood-archery.com\/wp-content\/uploads\/2022\/06\/WhatsApp-Image-2022-06-17-at-09.40.02-1-768x1024.jpeg 768w, http:\/\/black-wood-archery.com\/wp-content\/uploads\/2022\/06\/WhatsApp-Image-2022-06-17-at-09.40.02-1-225x300.jpeg 225w, http:\/\/black-wood-archery.com\/wp-content\/uploads\/2022\/06\/WhatsApp-Image-2022-06-17-at-09.40.02-1-1152x1536.jpeg 1152w, http:\/\/black-wood-archery.com\/wp-content\/uploads\/2022\/06\/WhatsApp-Image-2022-06-17-at-09.40.02-1-9x12.jpeg 9w, http:\/\/black-wood-archery.com\/wp-content\/uploads\/2022\/06\/WhatsApp-Image-2022-06-17-at-09.40.02-1.jpeg 1200w\" sizes=\"auto, (max-width: 768px) 100vw, 768px\" \/>\t\t\t\t\t\t\t\t\t\t\t\t\t\t\t<\/div>\n\t\t\t\t<\/div>\n\t\t\t\t\t<\/div>\n\t\t<\/div>\n\t\t\t\t<div class=\"elementor-column elementor-col-33 elementor-inner-column elementor-element elementor-element-295774db\" data-id=\"295774db\" data-element_type=\"column\">\n\t\t\t<div class=\"elementor-widget-wrap elementor-element-populated\">\n\t\t\t\t\t\t\t\t<div class=\"elementor-element elementor-element-6e21d183 elementor-widget elementor-widget-image\" data-id=\"6e21d183\" data-element_type=\"widget\" data-widget_type=\"image.default\">\n\t\t\t\t<div class=\"elementor-widget-container\">\n\t\t\t\t\t\t\t\t\t\t\t\t\t\t\t<img loading=\"lazy\" decoding=\"async\" width=\"768\" height=\"1024\" src=\"http:\/\/black-wood-archery.com\/wp-content\/uploads\/2022\/06\/WhatsApp-Image-2022-06-17-at-09.40.02-2-768x1024.jpeg\" class=\"attachment-large size-large\" alt=\"\" srcset=\"http:\/\/black-wood-archery.com\/wp-content\/uploads\/2022\/06\/WhatsApp-Image-2022-06-17-at-09.40.02-2-768x1024.jpeg 768w, http:\/\/black-wood-archery.com\/wp-content\/uploads\/2022\/06\/WhatsApp-Image-2022-06-17-at-09.40.02-2-225x300.jpeg 225w, http:\/\/black-wood-archery.com\/wp-content\/uploads\/2022\/06\/WhatsApp-Image-2022-06-17-at-09.40.02-2-1152x1536.jpeg 1152w, http:\/\/black-wood-archery.com\/wp-content\/uploads\/2022\/06\/WhatsApp-Image-2022-06-17-at-09.40.02-2-9x12.jpeg 9w, http:\/\/black-wood-archery.com\/wp-content\/uploads\/2022\/06\/WhatsApp-Image-2022-06-17-at-09.40.02-2.jpeg 1200w\" sizes=\"auto, (max-width: 768px) 100vw, 768px\" \/>\t\t\t\t\t\t\t\t\t\t\t\t\t\t\t<\/div>\n\t\t\t\t<\/div>\n\t\t\t\t\t<\/div>\n\t\t<\/div>\n\t\t\t\t\t\t\t<\/div>\n\t\t<\/section>\n\t\t\t\t<section class=\"elementor-section elementor-inner-section elementor-element elementor-element-794d36fc elementor-section-boxed elementor-section-height-default elementor-section-height-default\" data-id=\"794d36fc\" data-element_type=\"section\">\n\t\t\t\t\t\t<div class=\"elementor-container elementor-column-gap-default\">\n\t\t\t\t\t<div class=\"elementor-column elementor-col-33 elementor-inner-column elementor-element elementor-element-2590d24\" data-id=\"2590d24\" data-element_type=\"column\" data-settings=\"{&quot;background_background&quot;:&quot;classic&quot;}\">\n\t\t\t<div class=\"elementor-widget-wrap elementor-element-populated\">\n\t\t\t\t\t\t\t\t<div class=\"elementor-element elementor-element-30160c13 elementor-widget elementor-widget-text-editor\" data-id=\"30160c13\" data-element_type=\"widget\" data-widget_type=\"text-editor.default\">\n\t\t\t\t<div class=\"elementor-widget-container\">\n\t\t\t\t\t\t\t<p><b>The Rock T-Rex<\/b><\/p><p>Ein Fels (zu Englisch 'Rock') in der Brandung kann so schnell nichts ersch\u00fcttern, die h\u00f6chsten Wellen \nbeeindrucken ihn nicht.<\/p><p>Da dieser Recurve rein aus nat\u00fcrlichen H\u00f6lzern und Furnieren gebaut wird, ist er optisch sehr \nansprechend. Seine hohe Geschwindigkeit verdankt er seinen statischen Wurfarmen aus Action Bambus und einer Lage Carbon, beides unter dem wundersch\u00f6nen Echtholzfurnier und einer Lage Fiberglas versteckt.<\/p>\t\t\t\t\t\t<\/div>\n\t\t\t\t<\/div>\n\t\t\t\t<div class=\"elementor-element elementor-element-4cc2ab1d elementor-widget__width-initial elementor-widget elementor-widget-text-editor\" data-id=\"4cc2ab1d\" data-element_type=\"widget\" data-widget_type=\"text-editor.default\">\n\t\t\t\t<div class=\"elementor-widget-container\">\n\t\t\t\t\t\t\t<p><strong>Bogenl\u00e4nge<\/strong><\/p>\t\t\t\t\t\t<\/div>\n\t\t\t\t<\/div>\n\t\t\t\t<div class=\"elementor-element elementor-element-76f0ade8 elementor-widget__width-initial elementor-widget elementor-widget-text-editor\" data-id=\"76f0ade8\" data-element_type=\"widget\" data-widget_type=\"text-editor.default\">\n\t\t\t\t<div class=\"elementor-widget-container\">\n\t\t\t\t\t\t\t<p>62\u201c \u2013 66\u201c<\/p>\t\t\t\t\t\t<\/div>\n\t\t\t\t<\/div>\n\t\t\t\t<div class=\"elementor-element elementor-element-49871d88 elementor-widget__width-initial elementor-widget elementor-widget-text-editor\" data-id=\"49871d88\" data-element_type=\"widget\" data-widget_type=\"text-editor.default\">\n\t\t\t\t<div class=\"elementor-widget-container\">\n\t\t\t\t\t\t\t<p><strong>Zuggewicht<\/strong><\/p>\t\t\t\t\t\t<\/div>\n\t\t\t\t<\/div>\n\t\t\t\t<div class=\"elementor-element elementor-element-21dcd30 elementor-widget__width-initial elementor-widget elementor-widget-text-editor\" data-id=\"21dcd30\" data-element_type=\"widget\" data-widget_type=\"text-editor.default\">\n\t\t\t\t<div class=\"elementor-widget-container\">\n\t\t\t\t\t\t\t<p>30lbs \u2013 125 lbs<\/p>\t\t\t\t\t\t<\/div>\n\t\t\t\t<\/div>\n\t\t\t\t<div class=\"elementor-element elementor-element-27c2c01f elementor-widget__width-initial elementor-widget elementor-widget-text-editor\" data-id=\"27c2c01f\" data-element_type=\"widget\" data-widget_type=\"text-editor.default\">\n\t\t\t\t<div class=\"elementor-widget-container\">\n\t\t\t\t\t\t\t<p><strong>Griffst\u00fcck Rechtshand<\/strong><\/p>\t\t\t\t\t\t<\/div>\n\t\t\t\t<\/div>\n\t\t\t\t<div class=\"elementor-element elementor-element-2f5fd5d4 elementor-widget__width-initial elementor-widget elementor-widget-text-editor\" data-id=\"2f5fd5d4\" data-element_type=\"widget\" data-widget_type=\"text-editor.default\">\n\t\t\t\t<div class=\"elementor-widget-container\">\n\t\t\t\t\t\t\t<p>17\u201c, 19\u201c, 21\u201d &amp; 23\u201c<\/p>\t\t\t\t\t\t<\/div>\n\t\t\t\t<\/div>\n\t\t\t\t<div class=\"elementor-element elementor-element-1597029d elementor-widget__width-initial elementor-widget elementor-widget-text-editor\" data-id=\"1597029d\" data-element_type=\"widget\" data-widget_type=\"text-editor.default\">\n\t\t\t\t<div class=\"elementor-widget-container\">\n\t\t\t\t\t\t\t<p><strong>Griffst\u00fcck Linkshand<\/strong><\/p>\t\t\t\t\t\t<\/div>\n\t\t\t\t<\/div>\n\t\t\t\t<div class=\"elementor-element elementor-element-10e2ce93 elementor-widget__width-initial elementor-widget elementor-widget-text-editor\" data-id=\"10e2ce93\" data-element_type=\"widget\" data-widget_type=\"text-editor.default\">\n\t\t\t\t<div class=\"elementor-widget-container\">\n\t\t\t\t\t\t\t<p>17\u201c, 19\u201c, 21\u201d &amp; 23\u201c<\/p>\t\t\t\t\t\t<\/div>\n\t\t\t\t<\/div>\n\t\t\t\t<div class=\"elementor-element elementor-element-438e6f32 elementor-widget__width-initial elementor-widget elementor-widget-text-editor\" data-id=\"438e6f32\" data-element_type=\"widget\" data-widget_type=\"text-editor.default\">\n\t\t\t\t<div class=\"elementor-widget-container\">\n\t\t\t\t\t\t\t<p><strong>Pfeile<\/strong><\/p>\t\t\t\t\t\t<\/div>\n\t\t\t\t<\/div>\n\t\t\t\t<div class=\"elementor-element elementor-element-83233c6 elementor-widget__width-initial elementor-widget elementor-widget-text-editor\" data-id=\"83233c6\" data-element_type=\"widget\" data-widget_type=\"text-editor.default\">\n\t\t\t\t<div class=\"elementor-widget-container\">\n\t\t\t\t\t\t\t<p>min. 7 gpp<\/p>\t\t\t\t\t\t<\/div>\n\t\t\t\t<\/div>\n\t\t\t\t<div class=\"elementor-element elementor-element-4411701f elementor-widget__width-initial elementor-widget elementor-widget-text-editor\" data-id=\"4411701f\" data-element_type=\"widget\" data-widget_type=\"text-editor.default\">\n\t\t\t\t<div class=\"elementor-widget-container\">\n\t\t\t\t\t\t\t<p><strong>Sehnen<\/strong><\/p>\t\t\t\t\t\t<\/div>\n\t\t\t\t<\/div>\n\t\t\t\t<div class=\"elementor-element elementor-element-5d2a41d4 elementor-widget__width-initial elementor-widget elementor-widget-text-editor\" data-id=\"5d2a41d4\" data-element_type=\"widget\" data-widget_type=\"text-editor.default\">\n\t\t\t\t<div class=\"elementor-widget-container\">\n\t\t\t\t\t\t\t<p>Dynema 97<\/p><p>Fast Flight<\/p><p>Fast Flight +<\/p>\t\t\t\t\t\t<\/div>\n\t\t\t\t<\/div>\n\t\t\t\t<div class=\"elementor-element elementor-element-6c7c7 elementor-widget__width-initial elementor-widget elementor-widget-text-editor\" data-id=\"6c7c7\" data-element_type=\"widget\" data-widget_type=\"text-editor.default\">\n\t\t\t\t<div class=\"elementor-widget-container\">\n\t\t\t\t\t\t\t<p><strong>Basispreis<\/strong><\/p>\t\t\t\t\t\t<\/div>\n\t\t\t\t<\/div>\n\t\t\t\t<div class=\"elementor-element elementor-element-51e55b21 elementor-widget__width-initial elementor-widget elementor-widget-text-editor\" data-id=\"51e55b21\" data-element_type=\"widget\" data-widget_type=\"text-editor.default\">\n\t\t\t\t<div class=\"elementor-widget-container\">\n\t\t\t\t\t\t\t<p id=\"tw-target-text\" class=\"tw-data-text tw-text-large tw-ta\" dir=\"ltr\" data-placeholder=\"\u00dcbersetzung\"><span class=\"Y2IQFc\" lang=\"en\">zur Zeit nicht verf\u00fcgbar<\/span>;<br \/>Endpreis abh\u00e4ngig von den ausgew\u00e4hlten Materialien und den ausgew\u00e4hlten Extras<\/p>\t\t\t\t\t\t<\/div>\n\t\t\t\t<\/div>\n\t\t\t\t\t<\/div>\n\t\t<\/div>\n\t\t\t\t<div class=\"elementor-column elementor-col-33 elementor-inner-column elementor-element elementor-element-1b8482ba\" data-id=\"1b8482ba\" data-element_type=\"column\">\n\t\t\t<div class=\"elementor-widget-wrap elementor-element-populated\">\n\t\t\t\t\t\t\t\t<div class=\"elementor-element elementor-element-1110b096 elementor-widget elementor-widget-image\" data-id=\"1110b096\" data-element_type=\"widget\" data-widget_type=\"image.default\">\n\t\t\t\t<div class=\"elementor-widget-container\">\n\t\t\t\t\t\t\t\t\t\t\t\t\t\t\t<img loading=\"lazy\" decoding=\"async\" width=\"768\" height=\"1024\" src=\"http:\/\/black-wood-archery.com\/wp-content\/uploads\/2022\/06\/WhatsApp-Image-2022-06-17-at-09.40.03-768x1024.jpeg\" class=\"attachment-large size-large\" alt=\"\" srcset=\"http:\/\/black-wood-archery.com\/wp-content\/uploads\/2022\/06\/WhatsApp-Image-2022-06-17-at-09.40.03-768x1024.jpeg 768w, http:\/\/black-wood-archery.com\/wp-content\/uploads\/2022\/06\/WhatsApp-Image-2022-06-17-at-09.40.03-225x300.jpeg 225w, http:\/\/black-wood-archery.com\/wp-content\/uploads\/2022\/06\/WhatsApp-Image-2022-06-17-at-09.40.03-1152x1536.jpeg 1152w, http:\/\/black-wood-archery.com\/wp-content\/uploads\/2022\/06\/WhatsApp-Image-2022-06-17-at-09.40.03-9x12.jpeg 9w, http:\/\/black-wood-archery.com\/wp-content\/uploads\/2022\/06\/WhatsApp-Image-2022-06-17-at-09.40.03.jpeg 1200w\" sizes=\"auto, (max-width: 768px) 100vw, 768px\" \/>\t\t\t\t\t\t\t\t\t\t\t\t\t\t\t<\/div>\n\t\t\t\t<\/div>\n\t\t\t\t\t<\/div>\n\t\t<\/div>\n\t\t\t\t<div class=\"elementor-column elementor-col-33 elementor-inner-column elementor-element elementor-element-88c5076\" data-id=\"88c5076\" data-element_type=\"column\">\n\t\t\t<div class=\"elementor-widget-wrap elementor-element-populated\">\n\t\t\t\t\t\t\t\t<div class=\"elementor-element elementor-element-4c0afca7 elementor-widget elementor-widget-image\" data-id=\"4c0afca7\" data-element_type=\"widget\" data-widget_type=\"image.default\">\n\t\t\t\t<div class=\"elementor-widget-container\">\n\t\t\t\t\t\t\t\t\t\t\t\t\t\t\t<img loading=\"lazy\" decoding=\"async\" width=\"768\" height=\"1024\" src=\"http:\/\/black-wood-archery.com\/wp-content\/uploads\/2022\/06\/WhatsApp-Image-2022-06-17-at-09.40.03-1-768x1024.jpeg\" class=\"attachment-large size-large\" alt=\"\" srcset=\"http:\/\/black-wood-archery.com\/wp-content\/uploads\/2022\/06\/WhatsApp-Image-2022-06-17-at-09.40.03-1-768x1024.jpeg 768w, http:\/\/black-wood-archery.com\/wp-content\/uploads\/2022\/06\/WhatsApp-Image-2022-06-17-at-09.40.03-1-225x300.jpeg 225w, http:\/\/black-wood-archery.com\/wp-content\/uploads\/2022\/06\/WhatsApp-Image-2022-06-17-at-09.40.03-1-1152x1536.jpeg 1152w, http:\/\/black-wood-archery.com\/wp-content\/uploads\/2022\/06\/WhatsApp-Image-2022-06-17-at-09.40.03-1-9x12.jpeg 9w, http:\/\/black-wood-archery.com\/wp-content\/uploads\/2022\/06\/WhatsApp-Image-2022-06-17-at-09.40.03-1.jpeg 1200w\" sizes=\"auto, (max-width: 768px) 100vw, 768px\" \/>\t\t\t\t\t\t\t\t\t\t\t\t\t\t\t<\/div>\n\t\t\t\t<\/div>\n\t\t\t\t\t<\/div>\n\t\t<\/div>\n\t\t\t\t\t\t\t<\/div>\n\t\t<\/section>\n\t\t\t\t<section class=\"elementor-section elementor-inner-section elementor-element elementor-element-57e9f978 elementor-section-boxed elementor-section-height-default elementor-section-height-default\" data-id=\"57e9f978\" data-element_type=\"section\">\n\t\t\t\t\t\t<div class=\"elementor-container elementor-column-gap-default\">\n\t\t\t\t\t<div class=\"elementor-column elementor-col-33 elementor-inner-column elementor-element elementor-element-1e1fd049\" data-id=\"1e1fd049\" data-element_type=\"column\">\n\t\t\t<div class=\"elementor-widget-wrap\">\n\t\t\t\t\t\t\t\t\t<\/div>\n\t\t<\/div>\n\t\t\t\t<div class=\"elementor-column elementor-col-33 elementor-inner-column elementor-element elementor-element-6accdf88\" data-id=\"6accdf88\" data-element_type=\"column\">\n\t\t\t<div class=\"elementor-widget-wrap\">\n\t\t\t\t\t\t\t\t\t<\/div>\n\t\t<\/div>\n\t\t\t\t<div class=\"elementor-column elementor-col-33 elementor-inner-column elementor-element elementor-element-6c36e00e\" data-id=\"6c36e00e\" data-element_type=\"column\">\n\t\t\t<div class=\"elementor-widget-wrap\">\n\t\t\t\t\t\t\t\t\t<\/div>\n\t\t<\/div>\n\t\t\t\t\t\t\t<\/div>\n\t\t<\/section>\n\t\t\t\t\t<\/div>\n\t\t<\/div>\n\t\t\t\t\t\t\t<\/div>\n\t\t<\/section>\n\t\t\t\t\t\t<\/div>\n\t\t\t\t\t<\/div>","protected":false},"excerpt":{"rendered":"<p>The Rock T-Rex A rock in the surf cannot shake anything so quickly, the highest waves do not impress it. Since this recurve is made entirely of natural woods and veneers, it is visually very appealing. It owes its high speed due to its static limbs, the action bamboo and a layer of carbon, both [&hellip;]<\/p>","protected":false},"author":2,"featured_media":0,"parent":0,"menu_order":0,"comment_status":"closed","ping_status":"closed","template":"elementor_header_footer","meta":{"footnotes":""},"class_list":["post-1891","page","type-page","status-publish","hentry"],"_links":{"self":[{"href":"http:\/\/black-wood-archery.com\/de\/wp-json\/wp\/v2\/pages\/1891","targetHints":{"allow":["GET"]}}],"collection":[{"href":"http:\/\/black-wood-archery.com\/de\/wp-json\/wp\/v2\/pages"}],"about":[{"href":"http:\/\/black-wood-archery.com\/de\/wp-json\/wp\/v2\/types\/page"}],"author":[{"embeddable":true,"href":"http:\/\/black-wood-archery.com\/de\/wp-json\/wp\/v2\/users\/2"}],"replies":[{"embeddable":true,"href":"http:\/\/black-wood-archery.com\/de\/wp-json\/wp\/v2\/comments?post=1891"}],"version-history":[{"count":10,"href":"http:\/\/black-wood-archery.com\/de\/wp-json\/wp\/v2\/pages\/1891\/revisions"}],"predecessor-version":[{"id":1945,"href":"http:\/\/black-wood-archery.com\/de\/wp-json\/wp\/v2\/pages\/1891\/revisions\/1945"}],"wp:attachment":[{"href":"http:\/\/black-wood-archery.com\/de\/wp-json\/wp\/v2\/media?parent=1891"}],"curies":[{"name":"wp","href":"https:\/\/api.w.org\/{rel}","templated":true}]}}