{"id":1118,"date":"2021-11-20T18:32:32","date_gmt":"2021-11-20T18:32:32","guid":{"rendered":"http:\/\/black-wood-archery.com\/?page_id=1118"},"modified":"2022-02-25T16:40:21","modified_gmt":"2022-02-25T16:40:21","slug":"the-rock","status":"publish","type":"page","link":"https:\/\/black-wood-archery.com\/de\/the-rock\/","title":{"rendered":"The Rock"},"content":{"rendered":"<div data-elementor-type=\"wp-page\" data-elementor-id=\"1118\" class=\"elementor elementor-1118\" data-elementor-settings=\"[]\">\n\t\t\t\t\t\t\t<div class=\"elementor-section-wrap\">\n\t\t\t\t\t\t\t<section class=\"elementor-section elementor-top-section elementor-element elementor-element-12d6180e elementor-section-boxed elementor-section-height-default elementor-section-height-default\" data-id=\"12d6180e\" data-element_type=\"section\" data-settings=\"{&quot;background_background&quot;:&quot;classic&quot;,&quot;background_motion_fx_motion_fx_scrolling&quot;:&quot;yes&quot;,&quot;background_motion_fx_translateY_effect&quot;:&quot;yes&quot;,&quot;background_motion_fx_translateY_speed&quot;:{&quot;unit&quot;:&quot;px&quot;,&quot;size&quot;:10,&quot;sizes&quot;:[]},&quot;background_motion_fx_translateY_affectedRange&quot;:{&quot;unit&quot;:&quot;%&quot;,&quot;size&quot;:&quot;&quot;,&quot;sizes&quot;:{&quot;start&quot;:0,&quot;end&quot;:100}},&quot;background_motion_fx_devices&quot;:[&quot;desktop&quot;,&quot;tablet&quot;,&quot;mobile&quot;]}\">\n\t\t\t\t\t\t\t<div class=\"elementor-background-overlay\"><\/div>\n\t\t\t\t\t\t\t<div class=\"elementor-container elementor-column-gap-default\">\n\t\t\t\t\t<div class=\"elementor-column elementor-col-100 elementor-top-column elementor-element elementor-element-19d04586\" data-id=\"19d04586\" data-element_type=\"column\">\n\t\t\t<div class=\"elementor-widget-wrap elementor-element-populated\">\n\t\t\t\t\t\t\t\t\t<\/div>\n\t\t<\/div>\n\t\t\t\t\t\t\t<\/div>\n\t\t<\/section>\n\t\t\t\t<section class=\"elementor-section elementor-top-section elementor-element elementor-element-924f763 elementor-section-full_width elementor-section-height-default elementor-section-height-default\" data-id=\"924f763\" data-element_type=\"section\" data-settings=\"{&quot;background_background&quot;:&quot;classic&quot;}\">\n\t\t\t\t\t\t<div class=\"elementor-container elementor-column-gap-default\">\n\t\t\t\t\t<div class=\"elementor-column elementor-col-100 elementor-top-column elementor-element elementor-element-49b57b88\" data-id=\"49b57b88\" data-element_type=\"column\">\n\t\t\t<div class=\"elementor-widget-wrap elementor-element-populated\">\n\t\t\t\t\t\t\t\t<section class=\"elementor-section elementor-inner-section elementor-element elementor-element-5e97cfec elementor-section-boxed elementor-section-height-default elementor-section-height-default\" data-id=\"5e97cfec\" data-element_type=\"section\">\n\t\t\t\t\t\t<div class=\"elementor-container elementor-column-gap-default\">\n\t\t\t\t\t<div class=\"elementor-column elementor-col-33 elementor-inner-column elementor-element elementor-element-5302be63\" data-id=\"5302be63\" data-element_type=\"column\">\n\t\t\t<div class=\"elementor-widget-wrap elementor-element-populated\">\n\t\t\t\t\t\t\t\t<div class=\"elementor-element elementor-element-3205e4d elementor-aspect-ratio-169 elementor-widget elementor-widget-video\" data-id=\"3205e4d\" data-element_type=\"widget\" data-settings=\"{&quot;youtube_url&quot;:&quot;https:\\\/\\\/www.youtube.com\\\/watch?v=JBJxUWadxOg&quot;,&quot;start&quot;:1,&quot;show_image_overlay&quot;:&quot;yes&quot;,&quot;image_overlay&quot;:{&quot;url&quot;:&quot;http:\\\/\\\/black-wood-archery.com\\\/wp-content\\\/uploads\\\/2021\\\/11\\\/20210908_170825-scaled.jpg&quot;,&quot;id&quot;:1122,&quot;alt&quot;:&quot;&quot;,&quot;source&quot;:&quot;library&quot;},&quot;play_on_mobile&quot;:&quot;yes&quot;,&quot;video_type&quot;:&quot;youtube&quot;,&quot;controls&quot;:&quot;yes&quot;,&quot;aspect_ratio&quot;:&quot;169&quot;}\" data-widget_type=\"video.default\">\n\t\t\t\t<div class=\"elementor-widget-container\">\n\t\t\t\t\t<div class=\"elementor-wrapper elementor-fit-aspect-ratio elementor-open-inline\">\n\t\t\t<div class=\"elementor-video\"><\/div>\t\t\t\t<div class=\"elementor-custom-embed-image-overlay\" style=\"background-image: url(https:\/\/black-wood-archery.com\/wp-content\/uploads\/2021\/11\/20210908_170825-scaled.jpg);\">\n\t\t\t\t\t\t\t\t\t\t\t\t\t\t\t\t<div class=\"elementor-custom-embed-play\" role=\"button\">\n\t\t\t\t\t\t\t<i class=\"eicon-play\" aria-hidden=\"true\"><\/i>\n\t\t\t\t\t\t\t<span class=\"elementor-screen-only\">Video abspielen<\/span>\n\t\t\t\t\t\t<\/div>\n\t\t\t\t\t\t\t\t\t<\/div>\n\t\t\t\t\t<\/div>\n\t\t\t\t<\/div>\n\t\t\t\t<\/div>\n\t\t\t\t\t<\/div>\n\t\t<\/div>\n\t\t\t\t<div class=\"elementor-column elementor-col-33 elementor-inner-column elementor-element elementor-element-705bcee1\" data-id=\"705bcee1\" data-element_type=\"column\">\n\t\t\t<div class=\"elementor-widget-wrap elementor-element-populated\">\n\t\t\t\t\t\t\t\t<div class=\"elementor-element elementor-element-742a452f elementor-widget elementor-widget-image\" data-id=\"742a452f\" data-element_type=\"widget\" data-widget_type=\"image.default\">\n\t\t\t\t<div class=\"elementor-widget-container\">\n\t\t\t\t\t\t\t\t\t\t\t\t\t\t\t<img loading=\"lazy\" decoding=\"async\" width=\"800\" height=\"600\" src=\"https:\/\/black-wood-archery.com\/wp-content\/uploads\/2021\/11\/20210908_170930-1024x768.jpg\" class=\"attachment-large size-large\" alt=\"\" srcset=\"https:\/\/black-wood-archery.com\/wp-content\/uploads\/2021\/11\/20210908_170930-1024x768.jpg 1024w, https:\/\/black-wood-archery.com\/wp-content\/uploads\/2021\/11\/20210908_170930-300x225.jpg 300w, https:\/\/black-wood-archery.com\/wp-content\/uploads\/2021\/11\/20210908_170930-768x576.jpg 768w, https:\/\/black-wood-archery.com\/wp-content\/uploads\/2021\/11\/20210908_170930-1536x1152.jpg 1536w, https:\/\/black-wood-archery.com\/wp-content\/uploads\/2021\/11\/20210908_170930-2048x1536.jpg 2048w\" sizes=\"auto, (max-width: 800px) 100vw, 800px\" \/>\t\t\t\t\t\t\t\t\t\t\t\t\t\t\t<\/div>\n\t\t\t\t<\/div>\n\t\t\t\t\t<\/div>\n\t\t<\/div>\n\t\t\t\t<div class=\"elementor-column elementor-col-33 elementor-inner-column elementor-element elementor-element-55d88312\" data-id=\"55d88312\" data-element_type=\"column\">\n\t\t\t<div class=\"elementor-widget-wrap elementor-element-populated\">\n\t\t\t\t\t\t\t\t<div class=\"elementor-element elementor-element-35392373 elementor-widget elementor-widget-image\" data-id=\"35392373\" data-element_type=\"widget\" data-widget_type=\"image.default\">\n\t\t\t\t<div class=\"elementor-widget-container\">\n\t\t\t\t\t\t\t\t\t\t\t\t\t\t\t<img loading=\"lazy\" decoding=\"async\" width=\"800\" height=\"600\" src=\"https:\/\/black-wood-archery.com\/wp-content\/uploads\/2021\/11\/20210908_171036-1024x768.jpg\" class=\"attachment-large size-large\" alt=\"\" srcset=\"https:\/\/black-wood-archery.com\/wp-content\/uploads\/2021\/11\/20210908_171036-1024x768.jpg 1024w, https:\/\/black-wood-archery.com\/wp-content\/uploads\/2021\/11\/20210908_171036-300x225.jpg 300w, https:\/\/black-wood-archery.com\/wp-content\/uploads\/2021\/11\/20210908_171036-768x576.jpg 768w, https:\/\/black-wood-archery.com\/wp-content\/uploads\/2021\/11\/20210908_171036-1536x1152.jpg 1536w, https:\/\/black-wood-archery.com\/wp-content\/uploads\/2021\/11\/20210908_171036-2048x1536.jpg 2048w\" sizes=\"auto, (max-width: 800px) 100vw, 800px\" \/>\t\t\t\t\t\t\t\t\t\t\t\t\t\t\t<\/div>\n\t\t\t\t<\/div>\n\t\t\t\t\t<\/div>\n\t\t<\/div>\n\t\t\t\t\t\t\t<\/div>\n\t\t<\/section>\n\t\t\t\t<section class=\"elementor-section elementor-inner-section elementor-element elementor-element-47f2437f elementor-section-boxed elementor-section-height-default elementor-section-height-default\" data-id=\"47f2437f\" data-element_type=\"section\">\n\t\t\t\t\t\t<div class=\"elementor-container elementor-column-gap-default\">\n\t\t\t\t\t<div class=\"elementor-column elementor-col-33 elementor-inner-column elementor-element elementor-element-6fce01f7\" data-id=\"6fce01f7\" data-element_type=\"column\" data-settings=\"{&quot;background_background&quot;:&quot;classic&quot;}\">\n\t\t\t<div class=\"elementor-widget-wrap elementor-element-populated\">\n\t\t\t\t\t\t\t\t<div class=\"elementor-element elementor-element-777f3e6f elementor-widget elementor-widget-text-editor\" data-id=\"777f3e6f\" data-element_type=\"widget\" data-widget_type=\"text-editor.default\">\n\t\t\t\t<div class=\"elementor-widget-container\">\n\t\t\t\t\t\t\t<p>Ein Fels (zu Englisch 'Rock') in der Brandung kann so schnell nichts ersch\u00fcttern, die h\u00f6chsten Wellen \nbeeindrucken ihn nicht.<br><\/p>\n<p>Da dieser Recurve rein aus nat\u00fcrlichen H\u00f6lzern und Furnieren gebaut wird, ist er optisch sehr \nansprechend. Seine hohe Geschwindigkeit verdankt er dem Action Bambus und einer Lage Carbon, beides unter dem wundersch\u00f6nen Echtholzfurnier und einer Lage Fiberglas versteckt.<\/p>\t\t\t\t\t\t<\/div>\n\t\t\t\t<\/div>\n\t\t\t\t<div class=\"elementor-element elementor-element-101a67f2 elementor-widget__width-initial elementor-widget elementor-widget-text-editor\" data-id=\"101a67f2\" data-element_type=\"widget\" data-widget_type=\"text-editor.default\">\n\t\t\t\t<div class=\"elementor-widget-container\">\n\t\t\t\t\t\t\t<p><strong>Bogenl\u00e4nge<\/strong><\/p>\t\t\t\t\t\t<\/div>\n\t\t\t\t<\/div>\n\t\t\t\t<div class=\"elementor-element elementor-element-5007d385 elementor-widget__width-initial elementor-widget elementor-widget-text-editor\" data-id=\"5007d385\" data-element_type=\"widget\" data-widget_type=\"text-editor.default\">\n\t\t\t\t<div class=\"elementor-widget-container\">\n\t\t\t\t\t\t\t<p>62\u201c \u2013 66\u201c<\/p>\t\t\t\t\t\t<\/div>\n\t\t\t\t<\/div>\n\t\t\t\t<div class=\"elementor-element elementor-element-709c3ba7 elementor-widget__width-initial elementor-widget elementor-widget-text-editor\" data-id=\"709c3ba7\" data-element_type=\"widget\" data-widget_type=\"text-editor.default\">\n\t\t\t\t<div class=\"elementor-widget-container\">\n\t\t\t\t\t\t\t<p><strong>Zuggewicht<\/strong><\/p>\t\t\t\t\t\t<\/div>\n\t\t\t\t<\/div>\n\t\t\t\t<div class=\"elementor-element elementor-element-54df17d3 elementor-widget__width-initial elementor-widget elementor-widget-text-editor\" data-id=\"54df17d3\" data-element_type=\"widget\" data-widget_type=\"text-editor.default\">\n\t\t\t\t<div class=\"elementor-widget-container\">\n\t\t\t\t\t\t\t<p>30lbs \u2013 125 lbs<\/p>\t\t\t\t\t\t<\/div>\n\t\t\t\t<\/div>\n\t\t\t\t<div class=\"elementor-element elementor-element-4d92c25f elementor-widget__width-initial elementor-widget elementor-widget-text-editor\" data-id=\"4d92c25f\" data-element_type=\"widget\" data-widget_type=\"text-editor.default\">\n\t\t\t\t<div class=\"elementor-widget-container\">\n\t\t\t\t\t\t\t<p><strong>Griffst\u00fcck Rechtshand<\/strong><\/p>\t\t\t\t\t\t<\/div>\n\t\t\t\t<\/div>\n\t\t\t\t<div class=\"elementor-element elementor-element-12275fd7 elementor-widget__width-initial elementor-widget elementor-widget-text-editor\" data-id=\"12275fd7\" data-element_type=\"widget\" data-widget_type=\"text-editor.default\">\n\t\t\t\t<div class=\"elementor-widget-container\">\n\t\t\t\t\t\t\t<p>17\u201c, 19\u201c, 21\u201d &amp; 23\u201c<\/p>\t\t\t\t\t\t<\/div>\n\t\t\t\t<\/div>\n\t\t\t\t<div class=\"elementor-element elementor-element-7380fc89 elementor-widget__width-initial elementor-widget elementor-widget-text-editor\" data-id=\"7380fc89\" data-element_type=\"widget\" data-widget_type=\"text-editor.default\">\n\t\t\t\t<div class=\"elementor-widget-container\">\n\t\t\t\t\t\t\t<p><strong>Griffst\u00fcck Linkshand<\/strong><\/p>\t\t\t\t\t\t<\/div>\n\t\t\t\t<\/div>\n\t\t\t\t<div class=\"elementor-element elementor-element-63ec7153 elementor-widget__width-initial elementor-widget elementor-widget-text-editor\" data-id=\"63ec7153\" data-element_type=\"widget\" data-widget_type=\"text-editor.default\">\n\t\t\t\t<div class=\"elementor-widget-container\">\n\t\t\t\t\t\t\t<p>17\u201c, 19\u201c, 21\u201d &amp; 23\u201c<\/p>\t\t\t\t\t\t<\/div>\n\t\t\t\t<\/div>\n\t\t\t\t<div class=\"elementor-element elementor-element-23c95457 elementor-widget__width-initial elementor-widget elementor-widget-text-editor\" data-id=\"23c95457\" data-element_type=\"widget\" data-widget_type=\"text-editor.default\">\n\t\t\t\t<div class=\"elementor-widget-container\">\n\t\t\t\t\t\t\t<p><strong>Pfeile<\/strong><\/p>\t\t\t\t\t\t<\/div>\n\t\t\t\t<\/div>\n\t\t\t\t<div class=\"elementor-element elementor-element-57467594 elementor-widget__width-initial elementor-widget elementor-widget-text-editor\" data-id=\"57467594\" data-element_type=\"widget\" data-widget_type=\"text-editor.default\">\n\t\t\t\t<div class=\"elementor-widget-container\">\n\t\t\t\t\t\t\t<p>min. 7 gpp<\/p>\t\t\t\t\t\t<\/div>\n\t\t\t\t<\/div>\n\t\t\t\t<div class=\"elementor-element elementor-element-b688491 elementor-widget__width-initial elementor-widget elementor-widget-text-editor\" data-id=\"b688491\" data-element_type=\"widget\" data-widget_type=\"text-editor.default\">\n\t\t\t\t<div class=\"elementor-widget-container\">\n\t\t\t\t\t\t\t<p><strong>Sehnen<\/strong><\/p>\t\t\t\t\t\t<\/div>\n\t\t\t\t<\/div>\n\t\t\t\t<div class=\"elementor-element elementor-element-49a05214 elementor-widget__width-initial elementor-widget elementor-widget-text-editor\" data-id=\"49a05214\" data-element_type=\"widget\" data-widget_type=\"text-editor.default\">\n\t\t\t\t<div class=\"elementor-widget-container\">\n\t\t\t\t\t\t\t<p>Dynema 97<\/p><p>Fast Flight<\/p><p>Fast Flight +<\/p>\t\t\t\t\t\t<\/div>\n\t\t\t\t<\/div>\n\t\t\t\t<div class=\"elementor-element elementor-element-67e9721 elementor-widget__width-initial elementor-widget elementor-widget-text-editor\" data-id=\"67e9721\" data-element_type=\"widget\" data-widget_type=\"text-editor.default\">\n\t\t\t\t<div class=\"elementor-widget-container\">\n\t\t\t\t\t\t\t<p><strong>Basispreis<\/strong><\/p>\t\t\t\t\t\t<\/div>\n\t\t\t\t<\/div>\n\t\t\t\t<div class=\"elementor-element elementor-element-4aaa50ea elementor-widget__width-initial elementor-widget elementor-widget-text-editor\" data-id=\"4aaa50ea\" data-element_type=\"widget\" data-widget_type=\"text-editor.default\">\n\t\t\t\t<div class=\"elementor-widget-container\">\n\t\t\t\t\t\t\t<p>from \u20ac 1,400;<br \/>Endpreis abh\u00e4ngig von den ausgew\u00e4hlten Materialien und den ausgew\u00e4hlten Extras<\/p>\t\t\t\t\t\t<\/div>\n\t\t\t\t<\/div>\n\t\t\t\t\t<\/div>\n\t\t<\/div>\n\t\t\t\t<div class=\"elementor-column elementor-col-33 elementor-inner-column elementor-element elementor-element-28721a22\" data-id=\"28721a22\" data-element_type=\"column\">\n\t\t\t<div class=\"elementor-widget-wrap elementor-element-populated\">\n\t\t\t\t\t\t\t\t<div class=\"elementor-element elementor-element-28f4a858 elementor-widget elementor-widget-image\" data-id=\"28f4a858\" data-element_type=\"widget\" data-widget_type=\"image.default\">\n\t\t\t\t<div class=\"elementor-widget-container\">\n\t\t\t\t\t\t\t\t\t\t\t\t\t\t\t<img loading=\"lazy\" decoding=\"async\" width=\"768\" height=\"1024\" src=\"https:\/\/black-wood-archery.com\/wp-content\/uploads\/2021\/11\/20210915_171719-768x1024.jpg\" class=\"attachment-large size-large\" alt=\"\" srcset=\"https:\/\/black-wood-archery.com\/wp-content\/uploads\/2021\/11\/20210915_171719-768x1024.jpg 768w, https:\/\/black-wood-archery.com\/wp-content\/uploads\/2021\/11\/20210915_171719-225x300.jpg 225w, https:\/\/black-wood-archery.com\/wp-content\/uploads\/2021\/11\/20210915_171719-1152x1536.jpg 1152w, https:\/\/black-wood-archery.com\/wp-content\/uploads\/2021\/11\/20210915_171719-1536x2048.jpg 1536w, https:\/\/black-wood-archery.com\/wp-content\/uploads\/2021\/11\/20210915_171719-scaled.jpg 1920w\" sizes=\"auto, (max-width: 768px) 100vw, 768px\" \/>\t\t\t\t\t\t\t\t\t\t\t\t\t\t\t<\/div>\n\t\t\t\t<\/div>\n\t\t\t\t\t<\/div>\n\t\t<\/div>\n\t\t\t\t<div class=\"elementor-column elementor-col-33 elementor-inner-column elementor-element elementor-element-4864bd82\" data-id=\"4864bd82\" data-element_type=\"column\">\n\t\t\t<div class=\"elementor-widget-wrap elementor-element-populated\">\n\t\t\t\t\t\t\t\t<div class=\"elementor-element elementor-element-3922f536 elementor-widget elementor-widget-image\" data-id=\"3922f536\" data-element_type=\"widget\" data-widget_type=\"image.default\">\n\t\t\t\t<div class=\"elementor-widget-container\">\n\t\t\t\t\t\t\t\t\t\t\t\t\t\t\t<img loading=\"lazy\" decoding=\"async\" width=\"768\" height=\"1024\" src=\"https:\/\/black-wood-archery.com\/wp-content\/uploads\/2021\/11\/20210915_171822-768x1024.jpg\" class=\"attachment-large size-large\" alt=\"\" srcset=\"https:\/\/black-wood-archery.com\/wp-content\/uploads\/2021\/11\/20210915_171822-768x1024.jpg 768w, https:\/\/black-wood-archery.com\/wp-content\/uploads\/2021\/11\/20210915_171822-225x300.jpg 225w, https:\/\/black-wood-archery.com\/wp-content\/uploads\/2021\/11\/20210915_171822-1152x1536.jpg 1152w, https:\/\/black-wood-archery.com\/wp-content\/uploads\/2021\/11\/20210915_171822-1536x2048.jpg 1536w, https:\/\/black-wood-archery.com\/wp-content\/uploads\/2021\/11\/20210915_171822-scaled.jpg 1920w\" sizes=\"auto, (max-width: 768px) 100vw, 768px\" \/>\t\t\t\t\t\t\t\t\t\t\t\t\t\t\t<\/div>\n\t\t\t\t<\/div>\n\t\t\t\t\t<\/div>\n\t\t<\/div>\n\t\t\t\t\t\t\t<\/div>\n\t\t<\/section>\n\t\t\t\t<section class=\"elementor-section elementor-inner-section elementor-element elementor-element-18b23fd9 elementor-section-boxed elementor-section-height-default elementor-section-height-default\" data-id=\"18b23fd9\" data-element_type=\"section\">\n\t\t\t\t\t\t<div class=\"elementor-container elementor-column-gap-default\">\n\t\t\t\t\t<div class=\"elementor-column elementor-col-33 elementor-inner-column elementor-element elementor-element-1e5e76d6\" data-id=\"1e5e76d6\" data-element_type=\"column\">\n\t\t\t<div class=\"elementor-widget-wrap elementor-element-populated\">\n\t\t\t\t\t\t\t\t<div class=\"elementor-element elementor-element-29e7ca0e elementor-widget elementor-widget-image\" data-id=\"29e7ca0e\" data-element_type=\"widget\" data-widget_type=\"image.default\">\n\t\t\t\t<div class=\"elementor-widget-container\">\n\t\t\t\t\t\t\t\t\t\t\t\t\t\t\t<img loading=\"lazy\" decoding=\"async\" width=\"768\" height=\"1024\" src=\"https:\/\/black-wood-archery.com\/wp-content\/uploads\/2021\/11\/20210915_171837-768x1024.jpg\" class=\"attachment-large size-large\" alt=\"\" srcset=\"https:\/\/black-wood-archery.com\/wp-content\/uploads\/2021\/11\/20210915_171837-768x1024.jpg 768w, https:\/\/black-wood-archery.com\/wp-content\/uploads\/2021\/11\/20210915_171837-225x300.jpg 225w, https:\/\/black-wood-archery.com\/wp-content\/uploads\/2021\/11\/20210915_171837-1152x1536.jpg 1152w, https:\/\/black-wood-archery.com\/wp-content\/uploads\/2021\/11\/20210915_171837-1536x2048.jpg 1536w, https:\/\/black-wood-archery.com\/wp-content\/uploads\/2021\/11\/20210915_171837-scaled.jpg 1920w\" sizes=\"auto, (max-width: 768px) 100vw, 768px\" \/>\t\t\t\t\t\t\t\t\t\t\t\t\t\t\t<\/div>\n\t\t\t\t<\/div>\n\t\t\t\t\t<\/div>\n\t\t<\/div>\n\t\t\t\t<div class=\"elementor-column elementor-col-33 elementor-inner-column elementor-element elementor-element-ff7b8e4\" data-id=\"ff7b8e4\" data-element_type=\"column\">\n\t\t\t<div class=\"elementor-widget-wrap elementor-element-populated\">\n\t\t\t\t\t\t\t\t<div class=\"elementor-element elementor-element-1ceab54a elementor-widget elementor-widget-image\" data-id=\"1ceab54a\" data-element_type=\"widget\" data-widget_type=\"image.default\">\n\t\t\t\t<div class=\"elementor-widget-container\">\n\t\t\t\t\t\t\t\t\t\t\t\t\t\t\t<img loading=\"lazy\" decoding=\"async\" width=\"800\" height=\"600\" src=\"https:\/\/black-wood-archery.com\/wp-content\/uploads\/2021\/11\/20210908_171245-1024x768.jpg\" class=\"attachment-large size-large\" alt=\"\" srcset=\"https:\/\/black-wood-archery.com\/wp-content\/uploads\/2021\/11\/20210908_171245-1024x768.jpg 1024w, https:\/\/black-wood-archery.com\/wp-content\/uploads\/2021\/11\/20210908_171245-300x225.jpg 300w, https:\/\/black-wood-archery.com\/wp-content\/uploads\/2021\/11\/20210908_171245-768x576.jpg 768w, https:\/\/black-wood-archery.com\/wp-content\/uploads\/2021\/11\/20210908_171245-1536x1152.jpg 1536w, https:\/\/black-wood-archery.com\/wp-content\/uploads\/2021\/11\/20210908_171245-2048x1536.jpg 2048w\" sizes=\"auto, (max-width: 800px) 100vw, 800px\" \/>\t\t\t\t\t\t\t\t\t\t\t\t\t\t\t<\/div>\n\t\t\t\t<\/div>\n\t\t\t\t<div class=\"elementor-element elementor-element-16650c8 elementor-widget elementor-widget-image\" data-id=\"16650c8\" data-element_type=\"widget\" data-widget_type=\"image.default\">\n\t\t\t\t<div class=\"elementor-widget-container\">\n\t\t\t\t\t\t\t\t\t\t\t\t\t\t\t<img loading=\"lazy\" decoding=\"async\" width=\"800\" height=\"600\" src=\"https:\/\/black-wood-archery.com\/wp-content\/uploads\/2021\/11\/20210908_171736-1024x768.jpg\" class=\"attachment-large size-large\" alt=\"\" srcset=\"https:\/\/black-wood-archery.com\/wp-content\/uploads\/2021\/11\/20210908_171736-1024x768.jpg 1024w, https:\/\/black-wood-archery.com\/wp-content\/uploads\/2021\/11\/20210908_171736-300x225.jpg 300w, https:\/\/black-wood-archery.com\/wp-content\/uploads\/2021\/11\/20210908_171736-768x576.jpg 768w, https:\/\/black-wood-archery.com\/wp-content\/uploads\/2021\/11\/20210908_171736-1536x1152.jpg 1536w, https:\/\/black-wood-archery.com\/wp-content\/uploads\/2021\/11\/20210908_171736-2048x1536.jpg 2048w\" sizes=\"auto, (max-width: 800px) 100vw, 800px\" \/>\t\t\t\t\t\t\t\t\t\t\t\t\t\t\t<\/div>\n\t\t\t\t<\/div>\n\t\t\t\t\t<\/div>\n\t\t<\/div>\n\t\t\t\t<div class=\"elementor-column elementor-col-33 elementor-inner-column elementor-element elementor-element-13610f2e\" data-id=\"13610f2e\" data-element_type=\"column\">\n\t\t\t<div class=\"elementor-widget-wrap elementor-element-populated\">\n\t\t\t\t\t\t\t\t<div class=\"elementor-element elementor-element-638c4e40 elementor-widget elementor-widget-image\" data-id=\"638c4e40\" data-element_type=\"widget\" data-widget_type=\"image.default\">\n\t\t\t\t<div class=\"elementor-widget-container\">\n\t\t\t\t\t\t\t\t\t\t\t\t\t\t\t<img loading=\"lazy\" decoding=\"async\" width=\"768\" height=\"1024\" src=\"https:\/\/black-wood-archery.com\/wp-content\/uploads\/2021\/11\/20210915_171657-768x1024.jpg\" class=\"attachment-large size-large\" alt=\"\" srcset=\"https:\/\/black-wood-archery.com\/wp-content\/uploads\/2021\/11\/20210915_171657-768x1024.jpg 768w, https:\/\/black-wood-archery.com\/wp-content\/uploads\/2021\/11\/20210915_171657-225x300.jpg 225w, https:\/\/black-wood-archery.com\/wp-content\/uploads\/2021\/11\/20210915_171657-1152x1536.jpg 1152w, https:\/\/black-wood-archery.com\/wp-content\/uploads\/2021\/11\/20210915_171657-1536x2048.jpg 1536w, https:\/\/black-wood-archery.com\/wp-content\/uploads\/2021\/11\/20210915_171657-scaled.jpg 1920w\" sizes=\"auto, (max-width: 768px) 100vw, 768px\" \/>\t\t\t\t\t\t\t\t\t\t\t\t\t\t\t<\/div>\n\t\t\t\t<\/div>\n\t\t\t\t\t<\/div>\n\t\t<\/div>\n\t\t\t\t\t\t\t<\/div>\n\t\t<\/section>\n\t\t\t\t\t<\/div>\n\t\t<\/div>\n\t\t\t\t\t\t\t<\/div>\n\t\t<\/section>\n\t\t\t\t\t\t<\/div>\n\t\t\t\t\t<\/div>","protected":false},"excerpt":{"rendered":"<p>A rock in the surf cannot shake anything so quickly, the highest waves do not impress it. Since this recurve is made entirely of natural woods and veneers, it is visually very appealing. It owes its high speed to the action bamboo and a layer of carbon, both hidden under the beautiful real wood veneer [&hellip;]<\/p>","protected":false},"author":2,"featured_media":0,"parent":0,"menu_order":0,"comment_status":"closed","ping_status":"closed","template":"elementor_header_footer","meta":{"footnotes":""},"class_list":["post-1118","page","type-page","status-publish","hentry"],"_links":{"self":[{"href":"https:\/\/black-wood-archery.com\/de\/wp-json\/wp\/v2\/pages\/1118","targetHints":{"allow":["GET"]}}],"collection":[{"href":"https:\/\/black-wood-archery.com\/de\/wp-json\/wp\/v2\/pages"}],"about":[{"href":"https:\/\/black-wood-archery.com\/de\/wp-json\/wp\/v2\/types\/page"}],"author":[{"embeddable":true,"href":"https:\/\/black-wood-archery.com\/de\/wp-json\/wp\/v2\/users\/2"}],"replies":[{"embeddable":true,"href":"https:\/\/black-wood-archery.com\/de\/wp-json\/wp\/v2\/comments?post=1118"}],"version-history":[{"count":49,"href":"https:\/\/black-wood-archery.com\/de\/wp-json\/wp\/v2\/pages\/1118\/revisions"}],"predecessor-version":[{"id":1758,"href":"https:\/\/black-wood-archery.com\/de\/wp-json\/wp\/v2\/pages\/1118\/revisions\/1758"}],"wp:attachment":[{"href":"https:\/\/black-wood-archery.com\/de\/wp-json\/wp\/v2\/media?parent=1118"}],"curies":[{"name":"wp","href":"https:\/\/api.w.org\/{rel}","templated":true}]}}