{"id":18,"date":"2021-10-22T13:43:27","date_gmt":"2021-10-22T13:43:27","guid":{"rendered":"http:\/\/black-wood-archery.com\/?page_id=18"},"modified":"2021-11-22T11:48:26","modified_gmt":"2021-11-22T11:48:26","slug":"conditions","status":"publish","type":"page","link":"https:\/\/black-wood-archery.com\/de\/conditions\/","title":{"rendered":"AGB\u2019s"},"content":{"rendered":"<div data-elementor-type=\"wp-page\" data-elementor-id=\"18\" class=\"elementor elementor-18\" data-elementor-settings=\"[]\">\n\t\t\t\t\t\t\t<div class=\"elementor-section-wrap\">\n\t\t\t\t\t\t\t<section class=\"elementor-section elementor-top-section elementor-element elementor-element-307f8b6e elementor-section-boxed elementor-section-height-default elementor-section-height-default\" data-id=\"307f8b6e\" data-element_type=\"section\" data-settings=\"{&quot;background_background&quot;:&quot;classic&quot;,&quot;background_motion_fx_motion_fx_scrolling&quot;:&quot;yes&quot;,&quot;background_motion_fx_translateY_effect&quot;:&quot;yes&quot;,&quot;background_motion_fx_translateY_speed&quot;:{&quot;unit&quot;:&quot;px&quot;,&quot;size&quot;:10,&quot;sizes&quot;:[]},&quot;background_motion_fx_translateY_affectedRange&quot;:{&quot;unit&quot;:&quot;%&quot;,&quot;size&quot;:&quot;&quot;,&quot;sizes&quot;:{&quot;start&quot;:0,&quot;end&quot;:100}},&quot;background_motion_fx_devices&quot;:[&quot;desktop&quot;,&quot;tablet&quot;,&quot;mobile&quot;]}\">\n\t\t\t\t\t\t\t<div class=\"elementor-background-overlay\"><\/div>\n\t\t\t\t\t\t\t<div class=\"elementor-container elementor-column-gap-default\">\n\t\t\t\t\t<div class=\"elementor-column elementor-col-100 elementor-top-column elementor-element elementor-element-26c4707f\" data-id=\"26c4707f\" data-element_type=\"column\">\n\t\t\t<div class=\"elementor-widget-wrap elementor-element-populated\">\n\t\t\t\t\t\t\t\t<div class=\"elementor-element elementor-element-5d09b7ef elementor-widget elementor-widget-heading\" data-id=\"5d09b7ef\" data-element_type=\"widget\" data-widget_type=\"heading.default\">\n\t\t\t\t<div class=\"elementor-widget-container\">\n\t\t\t<h1 class=\"elementor-heading-title elementor-size-default\">Allgemeine Gesch\u00e4ftsbedingungen<\/h1>\t\t<\/div>\n\t\t\t\t<\/div>\n\t\t\t\t\t<\/div>\n\t\t<\/div>\n\t\t\t\t\t\t\t<\/div>\n\t\t<\/section>\n\t\t\t\t<section class=\"elementor-section elementor-top-section elementor-element elementor-element-6a647c2 elementor-section-boxed elementor-section-height-default elementor-section-height-default\" data-id=\"6a647c2\" data-element_type=\"section\">\n\t\t\t\t\t\t<div class=\"elementor-container elementor-column-gap-default\">\n\t\t\t\t\t<div class=\"elementor-column elementor-col-100 elementor-top-column elementor-element elementor-element-524a1c9\" data-id=\"524a1c9\" data-element_type=\"column\">\n\t\t\t<div class=\"elementor-widget-wrap elementor-element-populated\">\n\t\t\t\t\t\t\t\t<div class=\"elementor-element elementor-element-24be8a3 elementor-widget elementor-widget-text-editor\" data-id=\"24be8a3\" data-element_type=\"widget\" data-widget_type=\"text-editor.default\">\n\t\t\t\t<div class=\"elementor-widget-container\">\n\t\t\t\t\t\t\t<ol>\n<li>Die Hinweise zu einer sachgem\u00e4\u00dfen Behandlung meiner B\u00f6gen sind zu beachten.<\/li>\n<li>Die Benutzung des Bogens geschieht auf eigene Gefahr.<\/li>\n<li class=\" translation-block\">Gew\u00e4hrleistung: Ich gew\u00e4hre auf meine handgefertigten B\u00f6gen hinsichtlich Materialfehler und Verarbeitungsfehler 2 Jahre Garantie, die bei unsachgem\u00e4\u00dfer Behandlung au\u00dfer Kraft tritt.<\/li>\n<li>Der Garantieanspruch ist nicht \u00fcbertragbar.<\/li>\n<li>Es gilt eine Zuggewichtstoleranz von 2 lbs.<\/li>\n<li>F\u00fcr einen Auszug des Bogens \u00fcber die maximal angegebene Auszugsl\u00e4nge wird keine Garantie gew\u00e4hrt.<\/li>\n<li>Reklamationen sind innerhalb von 14 Tagen zu melden.<\/li>\n<li>Besch\u00e4digte Sendungen m\u00fcssen sofort beim Zusteller angezeigt werden.<\/li>\n<li>Alle Lieferungen gehen zu Lasten des Empf\u00e4ngers.<\/li>\n<li>Die Preise enthalten die gesetzliche Mehrwertsteuer.<\/li>\n<li class=\" translation-block\">Bezahlung: 20 % Vorauskasse, Rest bei Lieferung.<\/li>\n<li class=\" translation-block\">Eigentumsvorbehalt: Die Ware bleibt bis zur vollst\u00e4ndigen Bezahlung in meinem Eigentum.<\/li>\n<li class=\" translation-block\">Urheberrecht: Alle Fotos, Bogenmodelle, Griffst\u00fccke, K\u00f6cher, Tabs, Pfeilsch\u00e4fte Furnieranspleisungen, Schraubsysteme und Designs sind urheberrechtlich gesch\u00fctzt.<\/li>\n<li><b><\/b><strong><b>Widerrufsrecht<\/b><\/strong>des Kunden als Verbraucher:<br><strong><b>Widerrufsrecht f\u00fcr Verbraucher<br><\/b><\/strong>Verbrauchern steht ein Widerrufsrecht nach folgender Ma\u00dfgabe zu, wobei Verbraucher jede nat\u00fcrliche Person ist, die ein Rechtsgesch\u00e4ft zu Zwecken abschlie\u00dft, die \u00fcberwiegend weder ihrer gewerblichen noch ihrer selbst\u00e4ndigen beruflichen T\u00e4tigkeit zugerechnet werden k\u00f6nnen:<br><strong><b>Widerrufsrecht<\/b><\/strong>Sie haben das Recht, binnen vierzehn Tagen ohne Angabe von Gr\u00fcnden diesen Vertrag zu widerrufen.\n<p>Die Widerrufsfrist betr\u00e4gt vierzehn Tage, ab dem Tag, an dem Sie oder ein von Ihnen benannter Dritter, der nicht der Bef\u00f6rderer ist, die Waren in Besitz genommen haben bzw. hat.<\/p>\n<p>Um Ihr Widerrufsrecht auszu\u00fcben, m\u00fcssen Sie uns<\/p>\n<p>Blackwood Archery<br>Thomas Scholl<br>Waldstra\u00dfe 3<br>D-96328 K\u00fcps-Burkersdorf<\/p>\n<p>mail@scholl-bogenbau.de<\/p>\n<p>mittels einer eindeutigen Erkl\u00e4rung (z.B. ein mit der Post versandter Brief oder E-Mail) \u00fcber Ihren Entschluss, diesen Vertrag zu widerrufen, informieren.<\/p>\n<p><strong><b>Widerrufsfolgen<\/b><\/strong><\/p>\n<p>Wenn Sie diesen Vertrag widerrufen, haben wir Ihnen alle Zahlungen, die wir von Ihnen erhalten haben, einschlie\u00dflich der Lieferkosten (mit Ausnahme der zus\u00e4tzlichen Kosten, die sich daraus ergeben, dass Sie eine andere Art der Lieferung als die von uns angebotene, g\u00fcnstigste Standardlieferung gew\u00e4hlt haben), unverz\u00fcglich und sp\u00e4testens binnen vierzehn Tagen ab dem Tag zur\u00fcckzuzahlen, an dem die Mitteilung \u00fcber Ihren Widerruf dieses Vertrags bei uns eingegangen ist.<\/p>\n<p>F\u00fcr diese R\u00fcckzahlung verwenden wir dasselbe Zahlungsmittel, das Sie bei der urspr\u00fcnglichen Transaktion eingesetzt haben,\nes sei denn, mit Ihnen wurde ausdr\u00fccklich etwas anderes vereinbart; in keinem Fall werden Ihnen wegen dieser R\u00fcckzahlung Entgelte berechnet.<\/p>\n<p>Wir k\u00f6nnen die R\u00fcckzahlung verweigern, bis wir die Waren wieder zur\u00fcckerhalten haben oder bis Sie den Nachweis erbracht haben, dass Sie die Waren zur\u00fcckgesandt haben, je nachdem, welches der fr\u00fchere Zeitpunkt ist.<\/p>\n<p>Sie haben die Waren unverz\u00fcglich und in jedem Fall sp\u00e4testens binnen vierzehn Tagen ab dem Tag, an dem Sie uns \u00fcber den Widerruf dieses Vertrages unterrichten, an uns zur\u00fcckzusenden oder zu \u00fcbergeben. Die Frist ist gewahrt, wenn Sie die Waren vor Ablauf der Frist von vierzehn Tagen absenden.<\/p>\n<p>Sie tragen die unmittelbaren Kosten der R\u00fccksendung der Waren.<\/p>\n<\/li>\n<li class=\" translation-block\">Gerichtsstand ist Kronach.<\/li>\n<\/ol>\n<div><br><\/div>\n<div><strong><b>&nbsp; &nbsp; &nbsp;Hinweise zur sachgem\u00e4\u00dfen Behandlung der B\u00f6gen<\/b><\/strong><br><\/div>\n<ol>\n<li>Sch\u00fctzen Sie den Bogen beim Transport durch eine Bogenh\u00fclle oder Futteral.<\/li>\n<li>Sch\u00fctzen Sie den Bogen vor Temperaturen gr\u00f6\u00dfer als 40\u00b0 Celsius.<\/li>\n<li>Sch\u00fctzen Sie den Bogen vor direkter Sonneneinstrahlung.<\/li>\n<li>Spannen Sie den Bogen immer mit einer Spannschnur und verdrehen Sie die Wurfarme nicht.<\/li>\n<li>Kontrollieren Sie vor jedem Gebrauch: Nockpunkt, Sehne, Nockkerbe und ob die Sehne richtig in der Nockkerbe liegt.<\/li>\n<li>Schraubverschl\u00fcsse sind vor dem Gebrauch des Bogens handfest zuzudrehen.<\/li>\n<li>Leersch\u00fcsse sind absolut zu vermeiden, da diese den Bogen nachhaltig und irrreparabel besch\u00e4digen k\u00f6nnen.<\/li>\n<li>Vor dem Gebrauch des Bogens muss durch vorsichtiges, leichtes Ziehen der Sehne sichergestellt werden, dass diese richtig in den Kerben einrastet.<\/li>\n<li>Die maximale Auszugsl\u00e4nge des Bogens darf nicht \u00fcberschritten werden, dies k\u00f6nnte den Bogen nachhaltig und irrreparabel besch\u00e4digen.<\/li>\n<li>Der Nockpunkt muss nach dem Einschie\u00dfen individuell festgelegt werden. Meist liegt er etwas h\u00f6her als der an der Sehne angebrachte 90\u00b0 Winkel.<\/li>\n<li>Festgestellte Besch\u00e4digungen sind vor jedem weiteren Schuss unbedingt zu beheben.<\/li>\n<li>Das minimale Pfeilgewicht in grain per pound ist den einzelnen Produktdatenbl\u00e4tter zu entnehmen und darf nicht unterschritten werden. Dies k\u00f6nnte den Bogen nachhaltig und irrreparabel besch\u00e4digen.<\/li>\n<\/ol>\t\t\t\t\t\t<\/div>\n\t\t\t\t<\/div>\n\t\t\t\t\t<\/div>\n\t\t<\/div>\n\t\t\t\t\t\t\t<\/div>\n\t\t<\/section>\n\t\t\t\t\t\t<\/div>\n\t\t\t\t\t<\/div>","protected":false},"excerpt":{"rendered":"<p>Terms &#038; Conditions The instructions for the proper handling of my bows are to be observed. The use of the bow is at your own risk. Warranty:I grant a 2year warranty on my handmade bows with regard to material defects and processing defects, which becomes invalid in the event of improper handling. The warranty claim [&hellip;]<\/p>","protected":false},"author":2,"featured_media":0,"parent":0,"menu_order":0,"comment_status":"closed","ping_status":"closed","template":"elementor_header_footer","meta":{"footnotes":""},"class_list":["post-18","page","type-page","status-publish","hentry"],"_links":{"self":[{"href":"https:\/\/black-wood-archery.com\/de\/wp-json\/wp\/v2\/pages\/18","targetHints":{"allow":["GET"]}}],"collection":[{"href":"https:\/\/black-wood-archery.com\/de\/wp-json\/wp\/v2\/pages"}],"about":[{"href":"https:\/\/black-wood-archery.com\/de\/wp-json\/wp\/v2\/types\/page"}],"author":[{"embeddable":true,"href":"https:\/\/black-wood-archery.com\/de\/wp-json\/wp\/v2\/users\/2"}],"replies":[{"embeddable":true,"href":"https:\/\/black-wood-archery.com\/de\/wp-json\/wp\/v2\/comments?post=18"}],"version-history":[{"count":28,"href":"https:\/\/black-wood-archery.com\/de\/wp-json\/wp\/v2\/pages\/18\/revisions"}],"predecessor-version":[{"id":1212,"href":"https:\/\/black-wood-archery.com\/de\/wp-json\/wp\/v2\/pages\/18\/revisions\/1212"}],"wp:attachment":[{"href":"https:\/\/black-wood-archery.com\/de\/wp-json\/wp\/v2\/media?parent=18"}],"curies":[{"name":"wp","href":"https:\/\/api.w.org\/{rel}","templated":true}]}}