{"id":1888,"date":"2022-06-17T10:41:07","date_gmt":"2022-06-17T10:41:07","guid":{"rendered":"http:\/\/black-wood-archery.com\/?page_id=1888"},"modified":"2023-01-27T17:39:34","modified_gmt":"2023-01-27T17:39:34","slug":"triple-xxx-t-rex","status":"publish","type":"page","link":"https:\/\/black-wood-archery.com\/de\/triple-xxx-t-rex\/","title":{"rendered":"Triple xXx T-Rex"},"content":{"rendered":"<div data-elementor-type=\"wp-page\" data-elementor-id=\"1888\" class=\"elementor elementor-1888\" data-elementor-settings=\"[]\">\n\t\t\t\t\t\t\t<div class=\"elementor-section-wrap\">\n\t\t\t\t\t\t\t<section class=\"elementor-section elementor-top-section elementor-element elementor-element-170323f0 elementor-section-boxed elementor-section-height-default elementor-section-height-default\" data-id=\"170323f0\" data-element_type=\"section\" data-settings=\"{&quot;background_background&quot;:&quot;classic&quot;,&quot;background_motion_fx_motion_fx_scrolling&quot;:&quot;yes&quot;,&quot;background_motion_fx_translateY_effect&quot;:&quot;yes&quot;,&quot;background_motion_fx_translateY_speed&quot;:{&quot;unit&quot;:&quot;px&quot;,&quot;size&quot;:10,&quot;sizes&quot;:[]},&quot;background_motion_fx_translateY_affectedRange&quot;:{&quot;unit&quot;:&quot;%&quot;,&quot;size&quot;:&quot;&quot;,&quot;sizes&quot;:{&quot;start&quot;:0,&quot;end&quot;:100}},&quot;background_motion_fx_devices&quot;:[&quot;desktop&quot;,&quot;tablet&quot;,&quot;mobile&quot;]}\">\n\t\t\t\t\t\t\t<div class=\"elementor-background-overlay\"><\/div>\n\t\t\t\t\t\t\t<div class=\"elementor-container elementor-column-gap-default\">\n\t\t\t\t\t<div class=\"elementor-column elementor-col-100 elementor-top-column elementor-element elementor-element-4b20fe16\" data-id=\"4b20fe16\" data-element_type=\"column\">\n\t\t\t<div class=\"elementor-widget-wrap elementor-element-populated\">\n\t\t\t\t\t\t\t\t\t<\/div>\n\t\t<\/div>\n\t\t\t\t\t\t\t<\/div>\n\t\t<\/section>\n\t\t\t\t<section class=\"elementor-section elementor-top-section elementor-element elementor-element-28a72fd2 elementor-section-full_width elementor-section-height-default elementor-section-height-default\" data-id=\"28a72fd2\" data-element_type=\"section\" data-settings=\"{&quot;background_background&quot;:&quot;classic&quot;}\">\n\t\t\t\t\t\t<div class=\"elementor-container elementor-column-gap-default\">\n\t\t\t\t\t<div class=\"elementor-column elementor-col-100 elementor-top-column elementor-element elementor-element-6e82229a\" data-id=\"6e82229a\" data-element_type=\"column\">\n\t\t\t<div class=\"elementor-widget-wrap elementor-element-populated\">\n\t\t\t\t\t\t\t\t<section class=\"elementor-section elementor-inner-section elementor-element elementor-element-3d4d59b5 elementor-section-boxed elementor-section-height-default elementor-section-height-default\" data-id=\"3d4d59b5\" data-element_type=\"section\">\n\t\t\t\t\t\t<div class=\"elementor-container elementor-column-gap-default\">\n\t\t\t\t\t<div class=\"elementor-column elementor-col-33 elementor-inner-column elementor-element elementor-element-1c74bcd\" data-id=\"1c74bcd\" data-element_type=\"column\">\n\t\t\t<div class=\"elementor-widget-wrap elementor-element-populated\">\n\t\t\t\t\t\t\t\t<div class=\"elementor-element elementor-element-5ff5a88d elementor-widget elementor-widget-image\" data-id=\"5ff5a88d\" data-element_type=\"widget\" data-widget_type=\"image.default\">\n\t\t\t\t<div class=\"elementor-widget-container\">\n\t\t\t\t\t\t\t\t\t\t\t\t\t\t\t<img loading=\"lazy\" decoding=\"async\" width=\"768\" height=\"1024\" src=\"https:\/\/black-wood-archery.com\/wp-content\/uploads\/2022\/06\/WhatsApp-Image-2022-06-17-at-09.00.42-2-768x1024.jpeg\" class=\"attachment-large size-large\" alt=\"\" srcset=\"https:\/\/black-wood-archery.com\/wp-content\/uploads\/2022\/06\/WhatsApp-Image-2022-06-17-at-09.00.42-2-768x1024.jpeg 768w, https:\/\/black-wood-archery.com\/wp-content\/uploads\/2022\/06\/WhatsApp-Image-2022-06-17-at-09.00.42-2-225x300.jpeg 225w, https:\/\/black-wood-archery.com\/wp-content\/uploads\/2022\/06\/WhatsApp-Image-2022-06-17-at-09.00.42-2-1152x1536.jpeg 1152w, https:\/\/black-wood-archery.com\/wp-content\/uploads\/2022\/06\/WhatsApp-Image-2022-06-17-at-09.00.42-2-9x12.jpeg 9w, https:\/\/black-wood-archery.com\/wp-content\/uploads\/2022\/06\/WhatsApp-Image-2022-06-17-at-09.00.42-2.jpeg 1512w\" sizes=\"auto, (max-width: 768px) 100vw, 768px\" \/>\t\t\t\t\t\t\t\t\t\t\t\t\t\t\t<\/div>\n\t\t\t\t<\/div>\n\t\t\t\t\t<\/div>\n\t\t<\/div>\n\t\t\t\t<div class=\"elementor-column elementor-col-33 elementor-inner-column elementor-element elementor-element-620361b8\" data-id=\"620361b8\" data-element_type=\"column\">\n\t\t\t<div class=\"elementor-widget-wrap elementor-element-populated\">\n\t\t\t\t\t\t\t\t<div class=\"elementor-element elementor-element-59ee92d8 elementor-widget elementor-widget-image\" data-id=\"59ee92d8\" data-element_type=\"widget\" data-widget_type=\"image.default\">\n\t\t\t\t<div class=\"elementor-widget-container\">\n\t\t\t\t\t\t\t\t\t\t\t\t\t\t\t<img loading=\"lazy\" decoding=\"async\" width=\"768\" height=\"1024\" src=\"https:\/\/black-wood-archery.com\/wp-content\/uploads\/2022\/06\/WhatsApp-Image-2022-06-17-at-09.00.41-768x1024.jpeg\" class=\"attachment-large size-large\" alt=\"\" srcset=\"https:\/\/black-wood-archery.com\/wp-content\/uploads\/2022\/06\/WhatsApp-Image-2022-06-17-at-09.00.41-768x1024.jpeg 768w, https:\/\/black-wood-archery.com\/wp-content\/uploads\/2022\/06\/WhatsApp-Image-2022-06-17-at-09.00.41-225x300.jpeg 225w, https:\/\/black-wood-archery.com\/wp-content\/uploads\/2022\/06\/WhatsApp-Image-2022-06-17-at-09.00.41-1152x1536.jpeg 1152w, https:\/\/black-wood-archery.com\/wp-content\/uploads\/2022\/06\/WhatsApp-Image-2022-06-17-at-09.00.41-9x12.jpeg 9w, https:\/\/black-wood-archery.com\/wp-content\/uploads\/2022\/06\/WhatsApp-Image-2022-06-17-at-09.00.41.jpeg 1512w\" sizes=\"auto, (max-width: 768px) 100vw, 768px\" \/>\t\t\t\t\t\t\t\t\t\t\t\t\t\t\t<\/div>\n\t\t\t\t<\/div>\n\t\t\t\t\t<\/div>\n\t\t<\/div>\n\t\t\t\t<div class=\"elementor-column elementor-col-33 elementor-inner-column elementor-element elementor-element-11049736\" data-id=\"11049736\" data-element_type=\"column\">\n\t\t\t<div class=\"elementor-widget-wrap elementor-element-populated\">\n\t\t\t\t\t\t\t\t<div class=\"elementor-element elementor-element-4dd48e58 elementor-widget elementor-widget-image\" data-id=\"4dd48e58\" data-element_type=\"widget\" data-widget_type=\"image.default\">\n\t\t\t\t<div class=\"elementor-widget-container\">\n\t\t\t\t\t\t\t\t\t\t\t\t\t\t\t<img loading=\"lazy\" decoding=\"async\" width=\"768\" height=\"1024\" src=\"https:\/\/black-wood-archery.com\/wp-content\/uploads\/2022\/06\/WhatsApp-Image-2022-06-17-at-09.00.42-1-768x1024.jpeg\" class=\"attachment-large size-large\" alt=\"\" srcset=\"https:\/\/black-wood-archery.com\/wp-content\/uploads\/2022\/06\/WhatsApp-Image-2022-06-17-at-09.00.42-1-768x1024.jpeg 768w, https:\/\/black-wood-archery.com\/wp-content\/uploads\/2022\/06\/WhatsApp-Image-2022-06-17-at-09.00.42-1-225x300.jpeg 225w, https:\/\/black-wood-archery.com\/wp-content\/uploads\/2022\/06\/WhatsApp-Image-2022-06-17-at-09.00.42-1-1152x1536.jpeg 1152w, https:\/\/black-wood-archery.com\/wp-content\/uploads\/2022\/06\/WhatsApp-Image-2022-06-17-at-09.00.42-1-9x12.jpeg 9w, https:\/\/black-wood-archery.com\/wp-content\/uploads\/2022\/06\/WhatsApp-Image-2022-06-17-at-09.00.42-1.jpeg 1512w\" sizes=\"auto, (max-width: 768px) 100vw, 768px\" \/>\t\t\t\t\t\t\t\t\t\t\t\t\t\t\t<\/div>\n\t\t\t\t<\/div>\n\t\t\t\t\t<\/div>\n\t\t<\/div>\n\t\t\t\t\t\t\t<\/div>\n\t\t<\/section>\n\t\t\t\t<section class=\"elementor-section elementor-inner-section elementor-element elementor-element-31b013b elementor-section-boxed elementor-section-height-default elementor-section-height-default\" data-id=\"31b013b\" data-element_type=\"section\">\n\t\t\t\t\t\t<div class=\"elementor-container elementor-column-gap-default\">\n\t\t\t\t\t<div class=\"elementor-column elementor-col-33 elementor-inner-column elementor-element elementor-element-333efae1\" data-id=\"333efae1\" data-element_type=\"column\" data-settings=\"{&quot;background_background&quot;:&quot;classic&quot;}\">\n\t\t\t<div class=\"elementor-widget-wrap elementor-element-populated\">\n\t\t\t\t\t\t\t\t<div class=\"elementor-element elementor-element-28a488d0 elementor-widget elementor-widget-text-editor\" data-id=\"28a488d0\" data-element_type=\"widget\" data-widget_type=\"text-editor.default\">\n\t\t\t\t<div class=\"elementor-widget-container\">\n\t\t\t\t\t\t\t<p><b>The Triple xXx T-Rex<\/b><\/p><p>Dank seiner statischen Wurfarme mit drei verschiedener Lagen Carbon, einer Lage eines \u201emagischen Materials\u201c und einem Griffst\u00fcck \naus hochwertigem Paka Holz \u00fcberzeugt der Tripple xXx mit einer enormen Schussruhe, Stabilit\u00e4t und \nvor allem einer sehr hohen Geschwindigkeit.\nDer Bogen ist in den Farben Blau-Schwarz, Gr\u00fcn-Schwarz, Rot-Schwarz, Titan &amp; Aluminium erh\u00e4ltlich.<\/p>\t\t\t\t\t\t<\/div>\n\t\t\t\t<\/div>\n\t\t\t\t<div class=\"elementor-element elementor-element-274885eb elementor-widget__width-initial elementor-widget elementor-widget-text-editor\" data-id=\"274885eb\" data-element_type=\"widget\" data-widget_type=\"text-editor.default\">\n\t\t\t\t<div class=\"elementor-widget-container\">\n\t\t\t\t\t\t\t<p><strong>Bogenl\u00e4nge<\/strong><\/p>\t\t\t\t\t\t<\/div>\n\t\t\t\t<\/div>\n\t\t\t\t<div class=\"elementor-element elementor-element-797ea282 elementor-widget__width-initial elementor-widget elementor-widget-text-editor\" data-id=\"797ea282\" data-element_type=\"widget\" data-widget_type=\"text-editor.default\">\n\t\t\t\t<div class=\"elementor-widget-container\">\n\t\t\t\t\t\t\t<p>62\u201c \u2013 68\u201c<\/p>\t\t\t\t\t\t<\/div>\n\t\t\t\t<\/div>\n\t\t\t\t<div class=\"elementor-element elementor-element-1c2f510a elementor-widget__width-initial elementor-widget elementor-widget-text-editor\" data-id=\"1c2f510a\" data-element_type=\"widget\" data-widget_type=\"text-editor.default\">\n\t\t\t\t<div class=\"elementor-widget-container\">\n\t\t\t\t\t\t\t<p><strong>Zuggewicht<\/strong><\/p>\t\t\t\t\t\t<\/div>\n\t\t\t\t<\/div>\n\t\t\t\t<div class=\"elementor-element elementor-element-10394998 elementor-widget__width-initial elementor-widget elementor-widget-text-editor\" data-id=\"10394998\" data-element_type=\"widget\" data-widget_type=\"text-editor.default\">\n\t\t\t\t<div class=\"elementor-widget-container\">\n\t\t\t\t\t\t\t<p>30lbs \u2013 125 lbs<\/p>\t\t\t\t\t\t<\/div>\n\t\t\t\t<\/div>\n\t\t\t\t<div class=\"elementor-element elementor-element-49a5723d elementor-widget__width-initial elementor-widget elementor-widget-text-editor\" data-id=\"49a5723d\" data-element_type=\"widget\" data-widget_type=\"text-editor.default\">\n\t\t\t\t<div class=\"elementor-widget-container\">\n\t\t\t\t\t\t\t<p><strong>Griffst\u00fcck Rechtshand<\/strong><\/p>\t\t\t\t\t\t<\/div>\n\t\t\t\t<\/div>\n\t\t\t\t<div class=\"elementor-element elementor-element-4a4c563a elementor-widget__width-initial elementor-widget elementor-widget-text-editor\" data-id=\"4a4c563a\" data-element_type=\"widget\" data-widget_type=\"text-editor.default\">\n\t\t\t\t<div class=\"elementor-widget-container\">\n\t\t\t\t\t\t\t<p>17\u201c, 19\u201c, 21\u201d &amp; 23\u201c<\/p>\t\t\t\t\t\t<\/div>\n\t\t\t\t<\/div>\n\t\t\t\t<div class=\"elementor-element elementor-element-7f85a09a elementor-widget__width-initial elementor-widget elementor-widget-text-editor\" data-id=\"7f85a09a\" data-element_type=\"widget\" data-widget_type=\"text-editor.default\">\n\t\t\t\t<div class=\"elementor-widget-container\">\n\t\t\t\t\t\t\t<p><strong>Griffst\u00fcck Linkshand<\/strong><\/p>\t\t\t\t\t\t<\/div>\n\t\t\t\t<\/div>\n\t\t\t\t<div class=\"elementor-element elementor-element-7cc2b8d2 elementor-widget__width-initial elementor-widget elementor-widget-text-editor\" data-id=\"7cc2b8d2\" data-element_type=\"widget\" data-widget_type=\"text-editor.default\">\n\t\t\t\t<div class=\"elementor-widget-container\">\n\t\t\t\t\t\t\t<p>17\u201c, 19\u201c, 21\u201d &amp; 23\u201c<\/p>\t\t\t\t\t\t<\/div>\n\t\t\t\t<\/div>\n\t\t\t\t<div class=\"elementor-element elementor-element-17c385d4 elementor-widget__width-initial elementor-widget elementor-widget-text-editor\" data-id=\"17c385d4\" data-element_type=\"widget\" data-widget_type=\"text-editor.default\">\n\t\t\t\t<div class=\"elementor-widget-container\">\n\t\t\t\t\t\t\t<p><strong>Pfeile<\/strong><\/p>\t\t\t\t\t\t<\/div>\n\t\t\t\t<\/div>\n\t\t\t\t<div class=\"elementor-element elementor-element-118a5581 elementor-widget__width-initial elementor-widget elementor-widget-text-editor\" data-id=\"118a5581\" data-element_type=\"widget\" data-widget_type=\"text-editor.default\">\n\t\t\t\t<div class=\"elementor-widget-container\">\n\t\t\t\t\t\t\t<p>min. 7 gpp<\/p>\t\t\t\t\t\t<\/div>\n\t\t\t\t<\/div>\n\t\t\t\t<div class=\"elementor-element elementor-element-714c110b elementor-widget__width-initial elementor-widget elementor-widget-text-editor\" data-id=\"714c110b\" data-element_type=\"widget\" data-widget_type=\"text-editor.default\">\n\t\t\t\t<div class=\"elementor-widget-container\">\n\t\t\t\t\t\t\t<p><strong>Sehnen<\/strong><\/p>\t\t\t\t\t\t<\/div>\n\t\t\t\t<\/div>\n\t\t\t\t<div class=\"elementor-element elementor-element-6dc324d7 elementor-widget__width-initial elementor-widget elementor-widget-text-editor\" data-id=\"6dc324d7\" data-element_type=\"widget\" data-widget_type=\"text-editor.default\">\n\t\t\t\t<div class=\"elementor-widget-container\">\n\t\t\t\t\t\t\t<p>Dynema 97<\/p><p>\u00a0<\/p>\t\t\t\t\t\t<\/div>\n\t\t\t\t<\/div>\n\t\t\t\t<div class=\"elementor-element elementor-element-65a1573a elementor-widget__width-initial elementor-widget elementor-widget-text-editor\" data-id=\"65a1573a\" data-element_type=\"widget\" data-widget_type=\"text-editor.default\">\n\t\t\t\t<div class=\"elementor-widget-container\">\n\t\t\t\t\t\t\t<p><strong>Basispreis<\/strong><\/p>\t\t\t\t\t\t<\/div>\n\t\t\t\t<\/div>\n\t\t\t\t<div class=\"elementor-element elementor-element-20b887b4 elementor-widget__width-initial elementor-widget elementor-widget-text-editor\" data-id=\"20b887b4\" data-element_type=\"widget\" data-widget_type=\"text-editor.default\">\n\t\t\t\t<div class=\"elementor-widget-container\">\n\t\t\t\t\t\t\t<p>zur Zeit nicht verf\u00fcgbar;<br \/>Endpreis abh\u00e4ngig von den ausgew\u00e4hlten Materialien und den ausgew\u00e4hlten Extras<\/p>\t\t\t\t\t\t<\/div>\n\t\t\t\t<\/div>\n\t\t\t\t\t<\/div>\n\t\t<\/div>\n\t\t\t\t<div class=\"elementor-column elementor-col-33 elementor-inner-column elementor-element elementor-element-6cef35e1\" data-id=\"6cef35e1\" data-element_type=\"column\">\n\t\t\t<div class=\"elementor-widget-wrap elementor-element-populated\">\n\t\t\t\t\t\t\t\t<div class=\"elementor-element elementor-element-27062dd8 elementor-widget elementor-widget-image\" data-id=\"27062dd8\" data-element_type=\"widget\" data-widget_type=\"image.default\">\n\t\t\t\t<div class=\"elementor-widget-container\">\n\t\t\t\t\t\t\t\t\t\t\t\t\t\t\t<img loading=\"lazy\" decoding=\"async\" width=\"800\" height=\"600\" src=\"https:\/\/black-wood-archery.com\/wp-content\/uploads\/2022\/06\/WhatsApp-Image-2022-06-17-at-09.00.42-6-1024x768.jpeg\" class=\"attachment-large size-large\" alt=\"\" srcset=\"https:\/\/black-wood-archery.com\/wp-content\/uploads\/2022\/06\/WhatsApp-Image-2022-06-17-at-09.00.42-6-1024x768.jpeg 1024w, https:\/\/black-wood-archery.com\/wp-content\/uploads\/2022\/06\/WhatsApp-Image-2022-06-17-at-09.00.42-6-300x225.jpeg 300w, https:\/\/black-wood-archery.com\/wp-content\/uploads\/2022\/06\/WhatsApp-Image-2022-06-17-at-09.00.42-6-768x576.jpeg 768w, https:\/\/black-wood-archery.com\/wp-content\/uploads\/2022\/06\/WhatsApp-Image-2022-06-17-at-09.00.42-6-1536x1152.jpeg 1536w, https:\/\/black-wood-archery.com\/wp-content\/uploads\/2022\/06\/WhatsApp-Image-2022-06-17-at-09.00.42-6-16x12.jpeg 16w, https:\/\/black-wood-archery.com\/wp-content\/uploads\/2022\/06\/WhatsApp-Image-2022-06-17-at-09.00.42-6.jpeg 2016w\" sizes=\"auto, (max-width: 800px) 100vw, 800px\" \/>\t\t\t\t\t\t\t\t\t\t\t\t\t\t\t<\/div>\n\t\t\t\t<\/div>\n\t\t\t\t\t<\/div>\n\t\t<\/div>\n\t\t\t\t<div class=\"elementor-column elementor-col-33 elementor-inner-column elementor-element elementor-element-5172cb63\" data-id=\"5172cb63\" data-element_type=\"column\">\n\t\t\t<div class=\"elementor-widget-wrap elementor-element-populated\">\n\t\t\t\t\t\t\t\t<div class=\"elementor-element elementor-element-6943bc2c elementor-widget elementor-widget-image\" data-id=\"6943bc2c\" data-element_type=\"widget\" data-widget_type=\"image.default\">\n\t\t\t\t<div class=\"elementor-widget-container\">\n\t\t\t\t\t\t\t\t\t\t\t\t\t\t\t<img loading=\"lazy\" decoding=\"async\" width=\"800\" height=\"600\" src=\"https:\/\/black-wood-archery.com\/wp-content\/uploads\/2022\/06\/WhatsApp-Image-2022-06-17-at-09.00.42-4-1024x768.jpeg\" class=\"attachment-large size-large\" alt=\"\" srcset=\"https:\/\/black-wood-archery.com\/wp-content\/uploads\/2022\/06\/WhatsApp-Image-2022-06-17-at-09.00.42-4-1024x768.jpeg 1024w, https:\/\/black-wood-archery.com\/wp-content\/uploads\/2022\/06\/WhatsApp-Image-2022-06-17-at-09.00.42-4-300x225.jpeg 300w, https:\/\/black-wood-archery.com\/wp-content\/uploads\/2022\/06\/WhatsApp-Image-2022-06-17-at-09.00.42-4-768x576.jpeg 768w, https:\/\/black-wood-archery.com\/wp-content\/uploads\/2022\/06\/WhatsApp-Image-2022-06-17-at-09.00.42-4-1536x1152.jpeg 1536w, https:\/\/black-wood-archery.com\/wp-content\/uploads\/2022\/06\/WhatsApp-Image-2022-06-17-at-09.00.42-4-16x12.jpeg 16w, https:\/\/black-wood-archery.com\/wp-content\/uploads\/2022\/06\/WhatsApp-Image-2022-06-17-at-09.00.42-4.jpeg 2016w\" sizes=\"auto, (max-width: 800px) 100vw, 800px\" \/>\t\t\t\t\t\t\t\t\t\t\t\t\t\t\t<\/div>\n\t\t\t\t<\/div>\n\t\t\t\t\t<\/div>\n\t\t<\/div>\n\t\t\t\t\t\t\t<\/div>\n\t\t<\/section>\n\t\t\t\t<section class=\"elementor-section elementor-inner-section elementor-element elementor-element-4db69585 elementor-section-boxed elementor-section-height-default elementor-section-height-default\" data-id=\"4db69585\" data-element_type=\"section\">\n\t\t\t\t\t\t<div class=\"elementor-container elementor-column-gap-default\">\n\t\t\t\t\t<div class=\"elementor-column elementor-col-33 elementor-inner-column elementor-element elementor-element-65e11d7\" data-id=\"65e11d7\" data-element_type=\"column\">\n\t\t\t<div class=\"elementor-widget-wrap elementor-element-populated\">\n\t\t\t\t\t\t\t\t<div class=\"elementor-element elementor-element-43e7139 elementor-widget elementor-widget-image\" data-id=\"43e7139\" data-element_type=\"widget\" data-widget_type=\"image.default\">\n\t\t\t\t<div class=\"elementor-widget-container\">\n\t\t\t\t\t\t\t\t\t\t\t\t\t\t\t<img loading=\"lazy\" decoding=\"async\" width=\"768\" height=\"1024\" src=\"https:\/\/black-wood-archery.com\/wp-content\/uploads\/2022\/06\/WhatsApp-Image-2022-06-17-at-09.00.42-768x1024.jpeg\" class=\"attachment-large size-large\" alt=\"\" srcset=\"https:\/\/black-wood-archery.com\/wp-content\/uploads\/2022\/06\/WhatsApp-Image-2022-06-17-at-09.00.42-768x1024.jpeg 768w, https:\/\/black-wood-archery.com\/wp-content\/uploads\/2022\/06\/WhatsApp-Image-2022-06-17-at-09.00.42-225x300.jpeg 225w, https:\/\/black-wood-archery.com\/wp-content\/uploads\/2022\/06\/WhatsApp-Image-2022-06-17-at-09.00.42-1152x1536.jpeg 1152w, https:\/\/black-wood-archery.com\/wp-content\/uploads\/2022\/06\/WhatsApp-Image-2022-06-17-at-09.00.42-9x12.jpeg 9w, https:\/\/black-wood-archery.com\/wp-content\/uploads\/2022\/06\/WhatsApp-Image-2022-06-17-at-09.00.42.jpeg 1512w\" sizes=\"auto, (max-width: 768px) 100vw, 768px\" \/>\t\t\t\t\t\t\t\t\t\t\t\t\t\t\t<\/div>\n\t\t\t\t<\/div>\n\t\t\t\t\t<\/div>\n\t\t<\/div>\n\t\t\t\t<div class=\"elementor-column elementor-col-33 elementor-inner-column elementor-element elementor-element-38164392\" data-id=\"38164392\" data-element_type=\"column\">\n\t\t\t<div class=\"elementor-widget-wrap elementor-element-populated\">\n\t\t\t\t\t\t\t\t<div class=\"elementor-element elementor-element-5f5b0bae elementor-widget elementor-widget-image\" data-id=\"5f5b0bae\" data-element_type=\"widget\" data-widget_type=\"image.default\">\n\t\t\t\t<div class=\"elementor-widget-container\">\n\t\t\t\t\t\t\t\t\t\t\t\t\t\t\t<img loading=\"lazy\" decoding=\"async\" width=\"768\" height=\"1024\" src=\"https:\/\/black-wood-archery.com\/wp-content\/uploads\/2022\/06\/WhatsApp-Image-2022-06-17-at-09.00.41-1-768x1024.jpeg\" class=\"attachment-large size-large\" alt=\"\" srcset=\"https:\/\/black-wood-archery.com\/wp-content\/uploads\/2022\/06\/WhatsApp-Image-2022-06-17-at-09.00.41-1-768x1024.jpeg 768w, https:\/\/black-wood-archery.com\/wp-content\/uploads\/2022\/06\/WhatsApp-Image-2022-06-17-at-09.00.41-1-225x300.jpeg 225w, https:\/\/black-wood-archery.com\/wp-content\/uploads\/2022\/06\/WhatsApp-Image-2022-06-17-at-09.00.41-1-1152x1536.jpeg 1152w, https:\/\/black-wood-archery.com\/wp-content\/uploads\/2022\/06\/WhatsApp-Image-2022-06-17-at-09.00.41-1-9x12.jpeg 9w, https:\/\/black-wood-archery.com\/wp-content\/uploads\/2022\/06\/WhatsApp-Image-2022-06-17-at-09.00.41-1.jpeg 1512w\" sizes=\"auto, (max-width: 768px) 100vw, 768px\" \/>\t\t\t\t\t\t\t\t\t\t\t\t\t\t\t<\/div>\n\t\t\t\t<\/div>\n\t\t\t\t\t<\/div>\n\t\t<\/div>\n\t\t\t\t<div class=\"elementor-column elementor-col-33 elementor-inner-column elementor-element elementor-element-7aa3f697\" data-id=\"7aa3f697\" data-element_type=\"column\">\n\t\t\t<div class=\"elementor-widget-wrap elementor-element-populated\">\n\t\t\t\t\t\t\t\t<div class=\"elementor-element elementor-element-5b749b05 elementor-widget elementor-widget-image\" data-id=\"5b749b05\" data-element_type=\"widget\" data-widget_type=\"image.default\">\n\t\t\t\t<div class=\"elementor-widget-container\">\n\t\t\t\t\t\t\t\t\t\t\t\t\t\t\t<img loading=\"lazy\" decoding=\"async\" width=\"768\" height=\"1024\" src=\"https:\/\/black-wood-archery.com\/wp-content\/uploads\/2022\/06\/WhatsApp-Image-2022-06-17-at-09.00.41-2-768x1024.jpeg\" class=\"attachment-large size-large\" alt=\"\" srcset=\"https:\/\/black-wood-archery.com\/wp-content\/uploads\/2022\/06\/WhatsApp-Image-2022-06-17-at-09.00.41-2-768x1024.jpeg 768w, https:\/\/black-wood-archery.com\/wp-content\/uploads\/2022\/06\/WhatsApp-Image-2022-06-17-at-09.00.41-2-225x300.jpeg 225w, https:\/\/black-wood-archery.com\/wp-content\/uploads\/2022\/06\/WhatsApp-Image-2022-06-17-at-09.00.41-2-1152x1536.jpeg 1152w, https:\/\/black-wood-archery.com\/wp-content\/uploads\/2022\/06\/WhatsApp-Image-2022-06-17-at-09.00.41-2-9x12.jpeg 9w, https:\/\/black-wood-archery.com\/wp-content\/uploads\/2022\/06\/WhatsApp-Image-2022-06-17-at-09.00.41-2.jpeg 1512w\" sizes=\"auto, (max-width: 768px) 100vw, 768px\" \/>\t\t\t\t\t\t\t\t\t\t\t\t\t\t\t<\/div>\n\t\t\t\t<\/div>\n\t\t\t\t\t<\/div>\n\t\t<\/div>\n\t\t\t\t\t\t\t<\/div>\n\t\t<\/section>\n\t\t\t\t\t<\/div>\n\t\t<\/div>\n\t\t\t\t\t\t\t<\/div>\n\t\t<\/section>\n\t\t\t\t\t\t<\/div>\n\t\t\t\t\t<\/div>","protected":false},"excerpt":{"rendered":"<p>The Triple xXx T-Rex Thanks to its static limbs with three different layers of carbon, one layer of a \u201cmagical material\u201d and a handle made of high-quality Paka wood, the Tripple xXx impresses with its enormous smoothness, stability and, above all, very high speed. The bow is available in the colours blue-black, green-black, red-black, titanium [&hellip;]<\/p>","protected":false},"author":2,"featured_media":0,"parent":0,"menu_order":0,"comment_status":"closed","ping_status":"closed","template":"elementor_header_footer","meta":{"footnotes":""},"class_list":["post-1888","page","type-page","status-publish","hentry"],"_links":{"self":[{"href":"https:\/\/black-wood-archery.com\/de\/wp-json\/wp\/v2\/pages\/1888","targetHints":{"allow":["GET"]}}],"collection":[{"href":"https:\/\/black-wood-archery.com\/de\/wp-json\/wp\/v2\/pages"}],"about":[{"href":"https:\/\/black-wood-archery.com\/de\/wp-json\/wp\/v2\/types\/page"}],"author":[{"embeddable":true,"href":"https:\/\/black-wood-archery.com\/de\/wp-json\/wp\/v2\/users\/2"}],"replies":[{"embeddable":true,"href":"https:\/\/black-wood-archery.com\/de\/wp-json\/wp\/v2\/comments?post=1888"}],"version-history":[{"count":10,"href":"https:\/\/black-wood-archery.com\/de\/wp-json\/wp\/v2\/pages\/1888\/revisions"}],"predecessor-version":[{"id":2160,"href":"https:\/\/black-wood-archery.com\/de\/wp-json\/wp\/v2\/pages\/1888\/revisions\/2160"}],"wp:attachment":[{"href":"https:\/\/black-wood-archery.com\/de\/wp-json\/wp\/v2\/media?parent=1888"}],"curies":[{"name":"wp","href":"https:\/\/api.w.org\/{rel}","templated":true}]}}