{"id":1964,"date":"2022-07-14T16:47:26","date_gmt":"2022-07-14T16:47:26","guid":{"rendered":"http:\/\/black-wood-archery.com\/?page_id=1964"},"modified":"2022-07-14T17:00:51","modified_gmt":"2022-07-14T17:00:51","slug":"the-triple-xxx-monster","status":"publish","type":"page","link":"https:\/\/black-wood-archery.com\/de\/the-triple-xxx-monster\/","title":{"rendered":"Das Triple xXx Monster"},"content":{"rendered":"<div data-elementor-type=\"wp-page\" data-elementor-id=\"1964\" class=\"elementor elementor-1964\" data-elementor-settings=\"[]\">\n\t\t\t\t\t\t\t<div class=\"elementor-section-wrap\">\n\t\t\t\t\t\t\t<section class=\"elementor-section elementor-top-section elementor-element elementor-element-27c464b elementor-section-boxed elementor-section-height-default elementor-section-height-default\" data-id=\"27c464b\" data-element_type=\"section\" data-settings=\"{&quot;background_background&quot;:&quot;classic&quot;,&quot;background_motion_fx_motion_fx_scrolling&quot;:&quot;yes&quot;,&quot;background_motion_fx_translateY_effect&quot;:&quot;yes&quot;,&quot;background_motion_fx_translateY_speed&quot;:{&quot;unit&quot;:&quot;px&quot;,&quot;size&quot;:10,&quot;sizes&quot;:[]},&quot;background_motion_fx_translateY_affectedRange&quot;:{&quot;unit&quot;:&quot;%&quot;,&quot;size&quot;:&quot;&quot;,&quot;sizes&quot;:{&quot;start&quot;:0,&quot;end&quot;:100}},&quot;background_motion_fx_devices&quot;:[&quot;desktop&quot;,&quot;tablet&quot;,&quot;mobile&quot;]}\">\n\t\t\t\t\t\t\t<div class=\"elementor-background-overlay\"><\/div>\n\t\t\t\t\t\t\t<div class=\"elementor-container elementor-column-gap-default\">\n\t\t\t\t\t<div class=\"elementor-column elementor-col-100 elementor-top-column elementor-element elementor-element-41060914\" data-id=\"41060914\" data-element_type=\"column\">\n\t\t\t<div class=\"elementor-widget-wrap elementor-element-populated\">\n\t\t\t\t\t\t\t\t\t<\/div>\n\t\t<\/div>\n\t\t\t\t\t\t\t<\/div>\n\t\t<\/section>\n\t\t\t\t<section class=\"elementor-section elementor-top-section elementor-element elementor-element-78a421d2 elementor-section-full_width elementor-section-height-default elementor-section-height-default\" data-id=\"78a421d2\" data-element_type=\"section\" data-settings=\"{&quot;background_background&quot;:&quot;classic&quot;}\">\n\t\t\t\t\t\t<div class=\"elementor-container elementor-column-gap-default\">\n\t\t\t\t\t<div class=\"elementor-column elementor-col-100 elementor-top-column elementor-element elementor-element-5ba1d85\" data-id=\"5ba1d85\" data-element_type=\"column\">\n\t\t\t<div class=\"elementor-widget-wrap elementor-element-populated\">\n\t\t\t\t\t\t\t\t<section class=\"elementor-section elementor-inner-section elementor-element elementor-element-7cd92877 elementor-section-boxed elementor-section-height-default elementor-section-height-default\" data-id=\"7cd92877\" data-element_type=\"section\">\n\t\t\t\t\t\t<div class=\"elementor-container elementor-column-gap-default\">\n\t\t\t\t\t<div class=\"elementor-column elementor-col-33 elementor-inner-column elementor-element elementor-element-54f744c8\" data-id=\"54f744c8\" data-element_type=\"column\">\n\t\t\t<div class=\"elementor-widget-wrap elementor-element-populated\">\n\t\t\t\t\t\t\t\t<div class=\"elementor-element elementor-element-59ded0cf elementor-widget elementor-widget-image\" data-id=\"59ded0cf\" data-element_type=\"widget\" data-widget_type=\"image.default\">\n\t\t\t\t<div class=\"elementor-widget-container\">\n\t\t\t\t\t\t\t\t\t\t\t\t\t\t\t<img loading=\"lazy\" decoding=\"async\" width=\"800\" height=\"600\" src=\"https:\/\/black-wood-archery.com\/wp-content\/uploads\/2022\/07\/WhatsApp-Image-2022-07-14-at-18.05.39-1-1024x768.jpeg\" class=\"attachment-large size-large\" alt=\"\" srcset=\"https:\/\/black-wood-archery.com\/wp-content\/uploads\/2022\/07\/WhatsApp-Image-2022-07-14-at-18.05.39-1-1024x768.jpeg 1024w, https:\/\/black-wood-archery.com\/wp-content\/uploads\/2022\/07\/WhatsApp-Image-2022-07-14-at-18.05.39-1-300x225.jpeg 300w, https:\/\/black-wood-archery.com\/wp-content\/uploads\/2022\/07\/WhatsApp-Image-2022-07-14-at-18.05.39-1-768x576.jpeg 768w, https:\/\/black-wood-archery.com\/wp-content\/uploads\/2022\/07\/WhatsApp-Image-2022-07-14-at-18.05.39-1-1536x1152.jpeg 1536w, https:\/\/black-wood-archery.com\/wp-content\/uploads\/2022\/07\/WhatsApp-Image-2022-07-14-at-18.05.39-1-16x12.jpeg 16w, https:\/\/black-wood-archery.com\/wp-content\/uploads\/2022\/07\/WhatsApp-Image-2022-07-14-at-18.05.39-1.jpeg 2016w\" sizes=\"auto, (max-width: 800px) 100vw, 800px\" \/>\t\t\t\t\t\t\t\t\t\t\t\t\t\t\t<\/div>\n\t\t\t\t<\/div>\n\t\t\t\t\t<\/div>\n\t\t<\/div>\n\t\t\t\t<div class=\"elementor-column elementor-col-33 elementor-inner-column elementor-element elementor-element-4ecf52aa\" data-id=\"4ecf52aa\" data-element_type=\"column\">\n\t\t\t<div class=\"elementor-widget-wrap elementor-element-populated\">\n\t\t\t\t\t\t\t\t<div class=\"elementor-element elementor-element-1a537926 elementor-widget elementor-widget-image\" data-id=\"1a537926\" data-element_type=\"widget\" data-widget_type=\"image.default\">\n\t\t\t\t<div class=\"elementor-widget-container\">\n\t\t\t\t\t\t\t\t\t\t\t\t\t\t\t<img loading=\"lazy\" decoding=\"async\" width=\"800\" height=\"600\" src=\"https:\/\/black-wood-archery.com\/wp-content\/uploads\/2022\/07\/WhatsApp-Image-2022-07-14-at-18.05.39-1024x768.jpeg\" class=\"attachment-large size-large\" alt=\"\" srcset=\"https:\/\/black-wood-archery.com\/wp-content\/uploads\/2022\/07\/WhatsApp-Image-2022-07-14-at-18.05.39-1024x768.jpeg 1024w, https:\/\/black-wood-archery.com\/wp-content\/uploads\/2022\/07\/WhatsApp-Image-2022-07-14-at-18.05.39-300x225.jpeg 300w, https:\/\/black-wood-archery.com\/wp-content\/uploads\/2022\/07\/WhatsApp-Image-2022-07-14-at-18.05.39-768x576.jpeg 768w, https:\/\/black-wood-archery.com\/wp-content\/uploads\/2022\/07\/WhatsApp-Image-2022-07-14-at-18.05.39-1536x1152.jpeg 1536w, https:\/\/black-wood-archery.com\/wp-content\/uploads\/2022\/07\/WhatsApp-Image-2022-07-14-at-18.05.39-16x12.jpeg 16w, https:\/\/black-wood-archery.com\/wp-content\/uploads\/2022\/07\/WhatsApp-Image-2022-07-14-at-18.05.39.jpeg 2016w\" sizes=\"auto, (max-width: 800px) 100vw, 800px\" \/>\t\t\t\t\t\t\t\t\t\t\t\t\t\t\t<\/div>\n\t\t\t\t<\/div>\n\t\t\t\t\t<\/div>\n\t\t<\/div>\n\t\t\t\t<div class=\"elementor-column elementor-col-33 elementor-inner-column elementor-element elementor-element-6d0607a6\" data-id=\"6d0607a6\" data-element_type=\"column\">\n\t\t\t<div class=\"elementor-widget-wrap elementor-element-populated\">\n\t\t\t\t\t\t\t\t<div class=\"elementor-element elementor-element-500dabfa elementor-widget elementor-widget-image\" data-id=\"500dabfa\" data-element_type=\"widget\" data-widget_type=\"image.default\">\n\t\t\t\t<div class=\"elementor-widget-container\">\n\t\t\t\t\t\t\t\t\t\t\t\t\t\t\t<img loading=\"lazy\" decoding=\"async\" width=\"800\" height=\"600\" src=\"https:\/\/black-wood-archery.com\/wp-content\/uploads\/2022\/07\/WhatsApp-Image-2022-07-14-at-18.05.39-2-1024x768.jpeg\" class=\"attachment-large size-large\" alt=\"\" srcset=\"https:\/\/black-wood-archery.com\/wp-content\/uploads\/2022\/07\/WhatsApp-Image-2022-07-14-at-18.05.39-2-1024x768.jpeg 1024w, https:\/\/black-wood-archery.com\/wp-content\/uploads\/2022\/07\/WhatsApp-Image-2022-07-14-at-18.05.39-2-300x225.jpeg 300w, https:\/\/black-wood-archery.com\/wp-content\/uploads\/2022\/07\/WhatsApp-Image-2022-07-14-at-18.05.39-2-768x576.jpeg 768w, https:\/\/black-wood-archery.com\/wp-content\/uploads\/2022\/07\/WhatsApp-Image-2022-07-14-at-18.05.39-2-1536x1152.jpeg 1536w, https:\/\/black-wood-archery.com\/wp-content\/uploads\/2022\/07\/WhatsApp-Image-2022-07-14-at-18.05.39-2-16x12.jpeg 16w, https:\/\/black-wood-archery.com\/wp-content\/uploads\/2022\/07\/WhatsApp-Image-2022-07-14-at-18.05.39-2.jpeg 2016w\" sizes=\"auto, (max-width: 800px) 100vw, 800px\" \/>\t\t\t\t\t\t\t\t\t\t\t\t\t\t\t<\/div>\n\t\t\t\t<\/div>\n\t\t\t\t\t<\/div>\n\t\t<\/div>\n\t\t\t\t\t\t\t<\/div>\n\t\t<\/section>\n\t\t\t\t<section class=\"elementor-section elementor-inner-section elementor-element elementor-element-5d4d9760 elementor-section-boxed elementor-section-height-default elementor-section-height-default\" data-id=\"5d4d9760\" data-element_type=\"section\">\n\t\t\t\t\t\t<div class=\"elementor-container elementor-column-gap-default\">\n\t\t\t\t\t<div class=\"elementor-column elementor-col-33 elementor-inner-column elementor-element elementor-element-21f7d78e\" data-id=\"21f7d78e\" data-element_type=\"column\" data-settings=\"{&quot;background_background&quot;:&quot;classic&quot;}\">\n\t\t\t<div class=\"elementor-widget-wrap elementor-element-populated\">\n\t\t\t\t\t\t\t\t<div class=\"elementor-element elementor-element-1e71cc00 elementor-widget elementor-widget-text-editor\" data-id=\"1e71cc00\" data-element_type=\"widget\" data-widget_type=\"text-editor.default\">\n\t\t\t\t<div class=\"elementor-widget-container\">\n\t\t\t\t\t\t\t<p><b>Das Triple xXx Monster<\/b><\/p><p>Dank drei verschiedener Lagen Carbon, einer Lage eines \u201emagischen Materials\u201c und einem Griffst\u00fcck \naus hochwertigem Paka Holz \u00fcberzeugt der Tripple xXx mit einer enormen Schussruhe, Stabilit\u00e4t und \nvor allem einer sehr hohen Geschwindigkeit.<\/p><p>\u00a0<\/p><p id=\"tw-target-text\" class=\"tw-data-text tw-text-large tw-ta\" dir=\"ltr\" data-placeholder=\"\u00dcbersetzung\"><span class=\"Y2IQFc\" lang=\"en\">Dieser Bogen wurde f\u00fcr Thomas Brugger handgefertigt. Das Griffst\u00fcck erhielt ein Spezialstipling angepasst an seine H\u00e4nde.<\/span><\/p>\t\t\t\t\t\t<\/div>\n\t\t\t\t<\/div>\n\t\t\t\t<div class=\"elementor-element elementor-element-6e7aff58 elementor-widget__width-initial elementor-widget elementor-widget-text-editor\" data-id=\"6e7aff58\" data-element_type=\"widget\" data-widget_type=\"text-editor.default\">\n\t\t\t\t<div class=\"elementor-widget-container\">\n\t\t\t\t\t\t\t<p><strong>Bogenl\u00e4nge<\/strong><\/p>\t\t\t\t\t\t<\/div>\n\t\t\t\t<\/div>\n\t\t\t\t<div class=\"elementor-element elementor-element-5e6e4d5d elementor-widget__width-initial elementor-widget elementor-widget-text-editor\" data-id=\"5e6e4d5d\" data-element_type=\"widget\" data-widget_type=\"text-editor.default\">\n\t\t\t\t<div class=\"elementor-widget-container\">\n\t\t\t\t\t\t\t<p>67&#8243;<\/p>\t\t\t\t\t\t<\/div>\n\t\t\t\t<\/div>\n\t\t\t\t<div class=\"elementor-element elementor-element-3afaf8be elementor-widget__width-initial elementor-widget elementor-widget-text-editor\" data-id=\"3afaf8be\" data-element_type=\"widget\" data-widget_type=\"text-editor.default\">\n\t\t\t\t<div class=\"elementor-widget-container\">\n\t\t\t\t\t\t\t<p><strong>Zuggewicht<\/strong><\/p>\t\t\t\t\t\t<\/div>\n\t\t\t\t<\/div>\n\t\t\t\t<div class=\"elementor-element elementor-element-5ca4c892 elementor-widget__width-initial elementor-widget elementor-widget-text-editor\" data-id=\"5ca4c892\" data-element_type=\"widget\" data-widget_type=\"text-editor.default\">\n\t\t\t\t<div class=\"elementor-widget-container\">\n\t\t\t\t\t\t\t<p>125 lbs @ 32&#8243; draw<\/p>\t\t\t\t\t\t<\/div>\n\t\t\t\t<\/div>\n\t\t\t\t<div class=\"elementor-element elementor-element-60e18937 elementor-widget__width-initial elementor-widget elementor-widget-text-editor\" data-id=\"60e18937\" data-element_type=\"widget\" data-widget_type=\"text-editor.default\">\n\t\t\t\t<div class=\"elementor-widget-container\">\n\t\t\t\t\t\t\t<p><strong>Griffst\u00fcck Rechtshand<\/strong><\/p>\t\t\t\t\t\t<\/div>\n\t\t\t\t<\/div>\n\t\t\t\t<div class=\"elementor-element elementor-element-5c1aed5b elementor-widget__width-initial elementor-widget elementor-widget-text-editor\" data-id=\"5c1aed5b\" data-element_type=\"widget\" data-widget_type=\"text-editor.default\">\n\t\t\t\t<div class=\"elementor-widget-container\">\n\t\t\t\t\t\t\t<p>19\u201c<\/p>\t\t\t\t\t\t<\/div>\n\t\t\t\t<\/div>\n\t\t\t\t\t<\/div>\n\t\t<\/div>\n\t\t\t\t<div class=\"elementor-column elementor-col-33 elementor-inner-column elementor-element elementor-element-67a22ca9\" data-id=\"67a22ca9\" data-element_type=\"column\">\n\t\t\t<div class=\"elementor-widget-wrap elementor-element-populated\">\n\t\t\t\t\t\t\t\t<div class=\"elementor-element elementor-element-71e5359c elementor-widget elementor-widget-image\" data-id=\"71e5359c\" data-element_type=\"widget\" data-widget_type=\"image.default\">\n\t\t\t\t<div class=\"elementor-widget-container\">\n\t\t\t\t\t\t\t\t\t\t\t\t\t\t\t<img loading=\"lazy\" decoding=\"async\" width=\"768\" height=\"1024\" src=\"https:\/\/black-wood-archery.com\/wp-content\/uploads\/2022\/07\/WhatsApp-Image-2022-07-14-at-18.05.39-3-768x1024.jpeg\" class=\"attachment-large size-large\" alt=\"\" srcset=\"https:\/\/black-wood-archery.com\/wp-content\/uploads\/2022\/07\/WhatsApp-Image-2022-07-14-at-18.05.39-3-768x1024.jpeg 768w, https:\/\/black-wood-archery.com\/wp-content\/uploads\/2022\/07\/WhatsApp-Image-2022-07-14-at-18.05.39-3-225x300.jpeg 225w, https:\/\/black-wood-archery.com\/wp-content\/uploads\/2022\/07\/WhatsApp-Image-2022-07-14-at-18.05.39-3-1152x1536.jpeg 1152w, https:\/\/black-wood-archery.com\/wp-content\/uploads\/2022\/07\/WhatsApp-Image-2022-07-14-at-18.05.39-3-9x12.jpeg 9w, https:\/\/black-wood-archery.com\/wp-content\/uploads\/2022\/07\/WhatsApp-Image-2022-07-14-at-18.05.39-3.jpeg 1512w\" sizes=\"auto, (max-width: 768px) 100vw, 768px\" \/>\t\t\t\t\t\t\t\t\t\t\t\t\t\t\t<\/div>\n\t\t\t\t<\/div>\n\t\t\t\t\t<\/div>\n\t\t<\/div>\n\t\t\t\t<div class=\"elementor-column elementor-col-33 elementor-inner-column elementor-element elementor-element-3df7d5b\" data-id=\"3df7d5b\" data-element_type=\"column\">\n\t\t\t<div class=\"elementor-widget-wrap elementor-element-populated\">\n\t\t\t\t\t\t\t\t<div class=\"elementor-element elementor-element-11638262 elementor-widget elementor-widget-image\" data-id=\"11638262\" data-element_type=\"widget\" data-widget_type=\"image.default\">\n\t\t\t\t<div class=\"elementor-widget-container\">\n\t\t\t\t\t\t\t\t\t\t\t\t\t\t\t<img loading=\"lazy\" decoding=\"async\" width=\"768\" height=\"1024\" src=\"https:\/\/black-wood-archery.com\/wp-content\/uploads\/2022\/07\/WhatsApp-Image-2022-07-14-at-18.05.39-5-768x1024.jpeg\" class=\"attachment-large size-large\" alt=\"\" srcset=\"https:\/\/black-wood-archery.com\/wp-content\/uploads\/2022\/07\/WhatsApp-Image-2022-07-14-at-18.05.39-5-768x1024.jpeg 768w, https:\/\/black-wood-archery.com\/wp-content\/uploads\/2022\/07\/WhatsApp-Image-2022-07-14-at-18.05.39-5-225x300.jpeg 225w, https:\/\/black-wood-archery.com\/wp-content\/uploads\/2022\/07\/WhatsApp-Image-2022-07-14-at-18.05.39-5-1152x1536.jpeg 1152w, https:\/\/black-wood-archery.com\/wp-content\/uploads\/2022\/07\/WhatsApp-Image-2022-07-14-at-18.05.39-5-9x12.jpeg 9w, https:\/\/black-wood-archery.com\/wp-content\/uploads\/2022\/07\/WhatsApp-Image-2022-07-14-at-18.05.39-5.jpeg 1512w\" sizes=\"auto, (max-width: 768px) 100vw, 768px\" \/>\t\t\t\t\t\t\t\t\t\t\t\t\t\t\t<\/div>\n\t\t\t\t<\/div>\n\t\t\t\t\t<\/div>\n\t\t<\/div>\n\t\t\t\t\t\t\t<\/div>\n\t\t<\/section>\n\t\t\t\t<section class=\"elementor-section elementor-inner-section elementor-element elementor-element-3b2d1bc3 elementor-section-boxed elementor-section-height-default elementor-section-height-default\" data-id=\"3b2d1bc3\" data-element_type=\"section\">\n\t\t\t\t\t\t<div class=\"elementor-container elementor-column-gap-default\">\n\t\t\t\t\t<div class=\"elementor-column elementor-col-33 elementor-inner-column elementor-element elementor-element-694b9dfc\" data-id=\"694b9dfc\" data-element_type=\"column\">\n\t\t\t<div class=\"elementor-widget-wrap elementor-element-populated\">\n\t\t\t\t\t\t\t\t<div class=\"elementor-element elementor-element-75ccffbc elementor-widget elementor-widget-image\" data-id=\"75ccffbc\" data-element_type=\"widget\" data-widget_type=\"image.default\">\n\t\t\t\t<div class=\"elementor-widget-container\">\n\t\t\t\t\t\t\t\t\t\t\t\t\t\t\t<img loading=\"lazy\" decoding=\"async\" width=\"768\" height=\"1024\" src=\"https:\/\/black-wood-archery.com\/wp-content\/uploads\/2022\/07\/WhatsApp-Image-2022-07-14-at-18.05.38-1-768x1024.jpeg\" class=\"attachment-large size-large\" alt=\"\" srcset=\"https:\/\/black-wood-archery.com\/wp-content\/uploads\/2022\/07\/WhatsApp-Image-2022-07-14-at-18.05.38-1-768x1024.jpeg 768w, https:\/\/black-wood-archery.com\/wp-content\/uploads\/2022\/07\/WhatsApp-Image-2022-07-14-at-18.05.38-1-225x300.jpeg 225w, https:\/\/black-wood-archery.com\/wp-content\/uploads\/2022\/07\/WhatsApp-Image-2022-07-14-at-18.05.38-1-1152x1536.jpeg 1152w, https:\/\/black-wood-archery.com\/wp-content\/uploads\/2022\/07\/WhatsApp-Image-2022-07-14-at-18.05.38-1-9x12.jpeg 9w, https:\/\/black-wood-archery.com\/wp-content\/uploads\/2022\/07\/WhatsApp-Image-2022-07-14-at-18.05.38-1.jpeg 1512w\" sizes=\"auto, (max-width: 768px) 100vw, 768px\" \/>\t\t\t\t\t\t\t\t\t\t\t\t\t\t\t<\/div>\n\t\t\t\t<\/div>\n\t\t\t\t\t<\/div>\n\t\t<\/div>\n\t\t\t\t<div class=\"elementor-column elementor-col-33 elementor-inner-column elementor-element elementor-element-61b08efc\" data-id=\"61b08efc\" data-element_type=\"column\">\n\t\t\t<div class=\"elementor-widget-wrap elementor-element-populated\">\n\t\t\t\t\t\t\t\t<div class=\"elementor-element elementor-element-5ddc0b31 elementor-widget elementor-widget-image\" data-id=\"5ddc0b31\" data-element_type=\"widget\" data-widget_type=\"image.default\">\n\t\t\t\t<div class=\"elementor-widget-container\">\n\t\t\t\t\t\t\t\t\t\t\t\t\t\t\t<img loading=\"lazy\" decoding=\"async\" width=\"768\" height=\"1024\" src=\"https:\/\/black-wood-archery.com\/wp-content\/uploads\/2022\/07\/WhatsApp-Image-2022-07-14-at-18.05.38-768x1024.jpeg\" class=\"attachment-large size-large\" alt=\"\" srcset=\"https:\/\/black-wood-archery.com\/wp-content\/uploads\/2022\/07\/WhatsApp-Image-2022-07-14-at-18.05.38-768x1024.jpeg 768w, https:\/\/black-wood-archery.com\/wp-content\/uploads\/2022\/07\/WhatsApp-Image-2022-07-14-at-18.05.38-225x300.jpeg 225w, https:\/\/black-wood-archery.com\/wp-content\/uploads\/2022\/07\/WhatsApp-Image-2022-07-14-at-18.05.38-1152x1536.jpeg 1152w, https:\/\/black-wood-archery.com\/wp-content\/uploads\/2022\/07\/WhatsApp-Image-2022-07-14-at-18.05.38-9x12.jpeg 9w, https:\/\/black-wood-archery.com\/wp-content\/uploads\/2022\/07\/WhatsApp-Image-2022-07-14-at-18.05.38.jpeg 1512w\" sizes=\"auto, (max-width: 768px) 100vw, 768px\" \/>\t\t\t\t\t\t\t\t\t\t\t\t\t\t\t<\/div>\n\t\t\t\t<\/div>\n\t\t\t\t\t<\/div>\n\t\t<\/div>\n\t\t\t\t<div class=\"elementor-column elementor-col-33 elementor-inner-column elementor-element elementor-element-50792ad\" data-id=\"50792ad\" data-element_type=\"column\">\n\t\t\t<div class=\"elementor-widget-wrap elementor-element-populated\">\n\t\t\t\t\t\t\t\t<div class=\"elementor-element elementor-element-7eda7d13 elementor-widget elementor-widget-image\" data-id=\"7eda7d13\" data-element_type=\"widget\" data-widget_type=\"image.default\">\n\t\t\t\t<div class=\"elementor-widget-container\">\n\t\t\t\t\t\t\t\t\t\t\t\t\t\t\t<img loading=\"lazy\" decoding=\"async\" width=\"768\" height=\"1024\" src=\"https:\/\/black-wood-archery.com\/wp-content\/uploads\/2022\/07\/WhatsApp-Image-2022-07-14-at-18.05.38-2-768x1024.jpeg\" class=\"attachment-large size-large\" alt=\"\" srcset=\"https:\/\/black-wood-archery.com\/wp-content\/uploads\/2022\/07\/WhatsApp-Image-2022-07-14-at-18.05.38-2-768x1024.jpeg 768w, https:\/\/black-wood-archery.com\/wp-content\/uploads\/2022\/07\/WhatsApp-Image-2022-07-14-at-18.05.38-2-225x300.jpeg 225w, https:\/\/black-wood-archery.com\/wp-content\/uploads\/2022\/07\/WhatsApp-Image-2022-07-14-at-18.05.38-2-1152x1536.jpeg 1152w, https:\/\/black-wood-archery.com\/wp-content\/uploads\/2022\/07\/WhatsApp-Image-2022-07-14-at-18.05.38-2-9x12.jpeg 9w, https:\/\/black-wood-archery.com\/wp-content\/uploads\/2022\/07\/WhatsApp-Image-2022-07-14-at-18.05.38-2.jpeg 1512w\" sizes=\"auto, (max-width: 768px) 100vw, 768px\" \/>\t\t\t\t\t\t\t\t\t\t\t\t\t\t\t<\/div>\n\t\t\t\t<\/div>\n\t\t\t\t\t<\/div>\n\t\t<\/div>\n\t\t\t\t\t\t\t<\/div>\n\t\t<\/section>\n\t\t\t\t\t<\/div>\n\t\t<\/div>\n\t\t\t\t\t\t\t<\/div>\n\t\t<\/section>\n\t\t\t\t\t\t<\/div>\n\t\t\t\t\t<\/div>","protected":false},"excerpt":{"rendered":"<p>The Triple xXx Monster Thanks to three different layers of carbon, one layer of a \u201cmagical material\u201d and a handle made of high-quality Paka wood, the Tripple xXx impresses with its enormous smoothness, stability and, above all, very high speed. \u00a0 This bow was handmade for Thomas Brugger. The handling received a special stipling adapted [&hellip;]<\/p>","protected":false},"author":2,"featured_media":0,"parent":0,"menu_order":0,"comment_status":"closed","ping_status":"closed","template":"elementor_header_footer","meta":{"footnotes":""},"class_list":["post-1964","page","type-page","status-publish","hentry"],"_links":{"self":[{"href":"https:\/\/black-wood-archery.com\/de\/wp-json\/wp\/v2\/pages\/1964","targetHints":{"allow":["GET"]}}],"collection":[{"href":"https:\/\/black-wood-archery.com\/de\/wp-json\/wp\/v2\/pages"}],"about":[{"href":"https:\/\/black-wood-archery.com\/de\/wp-json\/wp\/v2\/types\/page"}],"author":[{"embeddable":true,"href":"https:\/\/black-wood-archery.com\/de\/wp-json\/wp\/v2\/users\/2"}],"replies":[{"embeddable":true,"href":"https:\/\/black-wood-archery.com\/de\/wp-json\/wp\/v2\/comments?post=1964"}],"version-history":[{"count":13,"href":"https:\/\/black-wood-archery.com\/de\/wp-json\/wp\/v2\/pages\/1964\/revisions"}],"predecessor-version":[{"id":1989,"href":"https:\/\/black-wood-archery.com\/de\/wp-json\/wp\/v2\/pages\/1964\/revisions\/1989"}],"wp:attachment":[{"href":"https:\/\/black-wood-archery.com\/de\/wp-json\/wp\/v2\/media?parent=1964"}],"curies":[{"name":"wp","href":"https:\/\/api.w.org\/{rel}","templated":true}]}}