{"id":2104,"date":"2023-01-12T17:11:43","date_gmt":"2023-01-12T17:11:43","guid":{"rendered":"http:\/\/black-wood-archery.com\/?page_id=2104"},"modified":"2023-01-12T17:33:29","modified_gmt":"2023-01-12T17:33:29","slug":"clip-on-quiver","status":"publish","type":"page","link":"https:\/\/black-wood-archery.com\/de\/clip-on-quiver\/","title":{"rendered":"Ansteckk\u00f6cher"},"content":{"rendered":"<div data-elementor-type=\"wp-page\" data-elementor-id=\"2104\" class=\"elementor elementor-2104\" data-elementor-settings=\"[]\">\n\t\t\t\t\t\t\t<div class=\"elementor-section-wrap\">\n\t\t\t\t\t\t\t<section class=\"elementor-section elementor-top-section elementor-element elementor-element-395d726e elementor-section-boxed elementor-section-height-default elementor-section-height-default\" data-id=\"395d726e\" data-element_type=\"section\" data-settings=\"{&quot;background_background&quot;:&quot;classic&quot;,&quot;background_motion_fx_motion_fx_scrolling&quot;:&quot;yes&quot;,&quot;background_motion_fx_translateY_effect&quot;:&quot;yes&quot;,&quot;background_motion_fx_translateY_speed&quot;:{&quot;unit&quot;:&quot;px&quot;,&quot;size&quot;:10,&quot;sizes&quot;:[]},&quot;background_motion_fx_translateY_affectedRange&quot;:{&quot;unit&quot;:&quot;%&quot;,&quot;size&quot;:&quot;&quot;,&quot;sizes&quot;:{&quot;start&quot;:0,&quot;end&quot;:100}},&quot;background_motion_fx_devices&quot;:[&quot;desktop&quot;,&quot;tablet&quot;,&quot;mobile&quot;]}\">\n\t\t\t\t\t\t\t<div class=\"elementor-background-overlay\"><\/div>\n\t\t\t\t\t\t\t<div class=\"elementor-container elementor-column-gap-default\">\n\t\t\t\t\t<div class=\"elementor-column elementor-col-100 elementor-top-column elementor-element elementor-element-77dae9dc\" data-id=\"77dae9dc\" data-element_type=\"column\">\n\t\t\t<div class=\"elementor-widget-wrap elementor-element-populated\">\n\t\t\t\t\t\t\t\t\t<\/div>\n\t\t<\/div>\n\t\t\t\t\t\t\t<\/div>\n\t\t<\/section>\n\t\t\t\t<section class=\"elementor-section elementor-top-section elementor-element elementor-element-7873dda9 elementor-section-full_width elementor-section-height-default elementor-section-height-default\" data-id=\"7873dda9\" data-element_type=\"section\" data-settings=\"{&quot;background_background&quot;:&quot;classic&quot;}\">\n\t\t\t\t\t\t<div class=\"elementor-container elementor-column-gap-default\">\n\t\t\t\t\t<div class=\"elementor-column elementor-col-100 elementor-top-column elementor-element elementor-element-1f725976\" data-id=\"1f725976\" data-element_type=\"column\">\n\t\t\t<div class=\"elementor-widget-wrap elementor-element-populated\">\n\t\t\t\t\t\t\t\t<section class=\"elementor-section elementor-inner-section elementor-element elementor-element-744ddeb6 elementor-section-boxed elementor-section-height-default elementor-section-height-default\" data-id=\"744ddeb6\" data-element_type=\"section\">\n\t\t\t\t\t\t<div class=\"elementor-container elementor-column-gap-default\">\n\t\t\t\t\t<div class=\"elementor-column elementor-col-33 elementor-inner-column elementor-element elementor-element-1167bedc\" data-id=\"1167bedc\" data-element_type=\"column\">\n\t\t\t<div class=\"elementor-widget-wrap elementor-element-populated\">\n\t\t\t\t\t\t\t\t<div class=\"elementor-element elementor-element-9f7b699 elementor-widget elementor-widget-image\" data-id=\"9f7b699\" data-element_type=\"widget\" data-widget_type=\"image.default\">\n\t\t\t\t<div class=\"elementor-widget-container\">\n\t\t\t\t\t\t\t\t\t\t\t\t\t\t\t<img loading=\"lazy\" decoding=\"async\" width=\"768\" height=\"1024\" src=\"https:\/\/black-wood-archery.com\/wp-content\/uploads\/2023\/01\/WhatsApp-Image-2022-11-09-at-19.03.23-6-768x1024.jpeg\" class=\"attachment-large size-large\" alt=\"\" srcset=\"https:\/\/black-wood-archery.com\/wp-content\/uploads\/2023\/01\/WhatsApp-Image-2022-11-09-at-19.03.23-6-768x1024.jpeg 768w, https:\/\/black-wood-archery.com\/wp-content\/uploads\/2023\/01\/WhatsApp-Image-2022-11-09-at-19.03.23-6-225x300.jpeg 225w, https:\/\/black-wood-archery.com\/wp-content\/uploads\/2023\/01\/WhatsApp-Image-2022-11-09-at-19.03.23-6-1152x1536.jpeg 1152w, https:\/\/black-wood-archery.com\/wp-content\/uploads\/2023\/01\/WhatsApp-Image-2022-11-09-at-19.03.23-6-9x12.jpeg 9w, https:\/\/black-wood-archery.com\/wp-content\/uploads\/2023\/01\/WhatsApp-Image-2022-11-09-at-19.03.23-6.jpeg 1512w\" sizes=\"auto, (max-width: 768px) 100vw, 768px\" \/>\t\t\t\t\t\t\t\t\t\t\t\t\t\t\t<\/div>\n\t\t\t\t<\/div>\n\t\t\t\t\t<\/div>\n\t\t<\/div>\n\t\t\t\t<div class=\"elementor-column elementor-col-33 elementor-inner-column elementor-element elementor-element-17410a31\" data-id=\"17410a31\" data-element_type=\"column\">\n\t\t\t<div class=\"elementor-widget-wrap elementor-element-populated\">\n\t\t\t\t\t\t\t\t<div class=\"elementor-element elementor-element-d246100 elementor-widget elementor-widget-image\" data-id=\"d246100\" data-element_type=\"widget\" data-widget_type=\"image.default\">\n\t\t\t\t<div class=\"elementor-widget-container\">\n\t\t\t\t\t\t\t\t\t\t\t\t\t\t\t<img loading=\"lazy\" decoding=\"async\" width=\"768\" height=\"1024\" src=\"https:\/\/black-wood-archery.com\/wp-content\/uploads\/2023\/01\/WhatsApp-Image-2022-11-09-at-19.03.23-5-768x1024.jpeg\" class=\"attachment-large size-large\" alt=\"\" srcset=\"https:\/\/black-wood-archery.com\/wp-content\/uploads\/2023\/01\/WhatsApp-Image-2022-11-09-at-19.03.23-5-768x1024.jpeg 768w, https:\/\/black-wood-archery.com\/wp-content\/uploads\/2023\/01\/WhatsApp-Image-2022-11-09-at-19.03.23-5-225x300.jpeg 225w, https:\/\/black-wood-archery.com\/wp-content\/uploads\/2023\/01\/WhatsApp-Image-2022-11-09-at-19.03.23-5-1152x1536.jpeg 1152w, https:\/\/black-wood-archery.com\/wp-content\/uploads\/2023\/01\/WhatsApp-Image-2022-11-09-at-19.03.23-5-9x12.jpeg 9w, https:\/\/black-wood-archery.com\/wp-content\/uploads\/2023\/01\/WhatsApp-Image-2022-11-09-at-19.03.23-5.jpeg 1512w\" sizes=\"auto, (max-width: 768px) 100vw, 768px\" \/>\t\t\t\t\t\t\t\t\t\t\t\t\t\t\t<\/div>\n\t\t\t\t<\/div>\n\t\t\t\t\t<\/div>\n\t\t<\/div>\n\t\t\t\t<div class=\"elementor-column elementor-col-33 elementor-inner-column elementor-element elementor-element-73dcf1d6\" data-id=\"73dcf1d6\" data-element_type=\"column\">\n\t\t\t<div class=\"elementor-widget-wrap elementor-element-populated\">\n\t\t\t\t\t\t\t\t<div class=\"elementor-element elementor-element-0fab65d elementor-widget elementor-widget-image\" data-id=\"0fab65d\" data-element_type=\"widget\" data-widget_type=\"image.default\">\n\t\t\t\t<div class=\"elementor-widget-container\">\n\t\t\t\t\t\t\t\t\t\t\t\t\t\t\t<img loading=\"lazy\" decoding=\"async\" width=\"768\" height=\"1024\" src=\"https:\/\/black-wood-archery.com\/wp-content\/uploads\/2023\/01\/WhatsApp-Image-2022-11-09-at-19.03.23-4-768x1024.jpeg\" class=\"attachment-large size-large\" alt=\"\" srcset=\"https:\/\/black-wood-archery.com\/wp-content\/uploads\/2023\/01\/WhatsApp-Image-2022-11-09-at-19.03.23-4-768x1024.jpeg 768w, https:\/\/black-wood-archery.com\/wp-content\/uploads\/2023\/01\/WhatsApp-Image-2022-11-09-at-19.03.23-4-225x300.jpeg 225w, https:\/\/black-wood-archery.com\/wp-content\/uploads\/2023\/01\/WhatsApp-Image-2022-11-09-at-19.03.23-4-1152x1536.jpeg 1152w, https:\/\/black-wood-archery.com\/wp-content\/uploads\/2023\/01\/WhatsApp-Image-2022-11-09-at-19.03.23-4-9x12.jpeg 9w, https:\/\/black-wood-archery.com\/wp-content\/uploads\/2023\/01\/WhatsApp-Image-2022-11-09-at-19.03.23-4.jpeg 1512w\" sizes=\"auto, (max-width: 768px) 100vw, 768px\" \/>\t\t\t\t\t\t\t\t\t\t\t\t\t\t\t<\/div>\n\t\t\t\t<\/div>\n\t\t\t\t\t<\/div>\n\t\t<\/div>\n\t\t\t\t\t\t\t<\/div>\n\t\t<\/section>\n\t\t\t\t<section class=\"elementor-section elementor-inner-section elementor-element elementor-element-3cc958b4 elementor-section-boxed elementor-section-height-default elementor-section-height-default\" data-id=\"3cc958b4\" data-element_type=\"section\">\n\t\t\t\t\t\t<div class=\"elementor-container elementor-column-gap-default\">\n\t\t\t\t\t<div class=\"elementor-column elementor-col-33 elementor-inner-column elementor-element elementor-element-6fb8d10a\" data-id=\"6fb8d10a\" data-element_type=\"column\" data-settings=\"{&quot;background_background&quot;:&quot;classic&quot;}\">\n\t\t\t<div class=\"elementor-widget-wrap elementor-element-populated\">\n\t\t\t\t\t\t\t\t<div class=\"elementor-element elementor-element-7b5b3d67 elementor-widget elementor-widget-text-editor\" data-id=\"7b5b3d67\" data-element_type=\"widget\" data-widget_type=\"text-editor.default\">\n\t\t\t\t<div class=\"elementor-widget-container\">\n\t\t\t\t\t\t\t<p>Patentrechtlich gesch\u00fctzter Ansteckk\u00f6cher aus 3,0 \u2013 3,5 mm starkem pflanzlich gegerbten Rindsleder, was vor allem deswegen wichtig ist, da man ihn direkt am K\u00f6rper tr\u00e4gt.<\/p><p>Er ist 100% in Handarbeit hergestellt und komplett doppelt gen\u00e4ht.<\/p><p>Mit dem praktischen Clip kann man ihn ohne Probleme an der Hosentasche, am G\u00fcrtel oder sogar am Rucksack befestigen.<\/p><p>Er ist aber auch mit einer G\u00fcrtelschlaufe erh\u00e4ltlich.<\/p><p>Der K\u00f6cher kann bis zu 5 Pfeile aufnehmen und ist daher ideal, um Ersatzpfeile im Parcours mitzuf\u00fchren, oder wenn man mal kurzfristig und schnell nur ein paar Trainingspfeile fliegen zu lassen<\/p><p>\u00a0<\/p>\t\t\t\t\t\t<\/div>\n\t\t\t\t<\/div>\n\t\t\t\t<div class=\"elementor-element elementor-element-20c5548 elementor-widget__width-initial elementor-widget elementor-widget-text-editor\" data-id=\"20c5548\" data-element_type=\"widget\" data-widget_type=\"text-editor.default\">\n\t\t\t\t<div class=\"elementor-widget-container\">\n\t\t\t\t\t\t\t<p><strong>Verf\u00fcgbare Farben des Rindsleders<\/strong><\/p>\t\t\t\t\t\t<\/div>\n\t\t\t\t<\/div>\n\t\t\t\t<div class=\"elementor-element elementor-element-10967714 elementor-widget__width-initial elementor-widget elementor-widget-text-editor\" data-id=\"10967714\" data-element_type=\"widget\" data-widget_type=\"text-editor.default\">\n\t\t\t\t<div class=\"elementor-widget-container\">\n\t\t\t\t\t\t\t<p>Natur\u00a0<\/p><p>gebeizt in Antik-Braun\u00a0<\/p><p>gebeizt in Schwarz<\/p>\t\t\t\t\t\t<\/div>\n\t\t\t\t<\/div>\n\t\t\t\t<div class=\"elementor-element elementor-element-e95677f elementor-widget__width-initial elementor-widget elementor-widget-text-editor\" data-id=\"e95677f\" data-element_type=\"widget\" data-widget_type=\"text-editor.default\">\n\t\t\t\t<div class=\"elementor-widget-container\">\n\t\t\t\t\t\t\t<p><strong>Verf\u00fcgbare Farben der doppelt gen\u00e4hten Ziernaht <\/strong><\/p>\t\t\t\t\t\t<\/div>\n\t\t\t\t<\/div>\n\t\t\t\t<div class=\"elementor-element elementor-element-13bd71f elementor-widget__width-initial elementor-widget elementor-widget-text-editor\" data-id=\"13bd71f\" data-element_type=\"widget\" data-widget_type=\"text-editor.default\">\n\t\t\t\t<div class=\"elementor-widget-container\">\n\t\t\t\t\t\t\t<p>verschiedenen Farben, je nach Wunsch<\/p>\t\t\t\t\t\t<\/div>\n\t\t\t\t<\/div>\n\t\t\t\t<div class=\"elementor-element elementor-element-59d04b9a elementor-widget__width-initial elementor-widget elementor-widget-text-editor\" data-id=\"59d04b9a\" data-element_type=\"widget\" data-widget_type=\"text-editor.default\">\n\t\t\t\t<div class=\"elementor-widget-container\">\n\t\t\t\t\t\t\t<p><strong>Basispreis<\/strong><\/p>\t\t\t\t\t\t<\/div>\n\t\t\t\t<\/div>\n\t\t\t\t<div class=\"elementor-element elementor-element-25ea1c7 elementor-widget__width-initial elementor-widget elementor-widget-text-editor\" data-id=\"25ea1c7\" data-element_type=\"widget\" data-widget_type=\"text-editor.default\">\n\t\t\t\t<div class=\"elementor-widget-container\">\n\t\t\t\t\t\t\t<p>ab \u20ac 110;<br \/>Endpreis abh\u00e4ngig von den gew\u00e4hlten Materialien und dem Mehraufwand f\u00fcr Sonderanfertigungen<\/p>\t\t\t\t\t\t<\/div>\n\t\t\t\t<\/div>\n\t\t\t\t\t<\/div>\n\t\t<\/div>\n\t\t\t\t<div class=\"elementor-column elementor-col-33 elementor-inner-column elementor-element elementor-element-48b9aea0\" data-id=\"48b9aea0\" data-element_type=\"column\">\n\t\t\t<div class=\"elementor-widget-wrap elementor-element-populated\">\n\t\t\t\t\t\t\t\t<div class=\"elementor-element elementor-element-0880249 elementor-widget elementor-widget-image\" data-id=\"0880249\" data-element_type=\"widget\" data-widget_type=\"image.default\">\n\t\t\t\t<div class=\"elementor-widget-container\">\n\t\t\t\t\t\t\t\t\t\t\t\t\t\t\t<img loading=\"lazy\" decoding=\"async\" width=\"768\" height=\"1024\" src=\"https:\/\/black-wood-archery.com\/wp-content\/uploads\/2023\/01\/WhatsApp-Image-2022-11-09-at-19.03.23-1-768x1024.jpeg\" class=\"attachment-large size-large\" alt=\"\" srcset=\"https:\/\/black-wood-archery.com\/wp-content\/uploads\/2023\/01\/WhatsApp-Image-2022-11-09-at-19.03.23-1-768x1024.jpeg 768w, https:\/\/black-wood-archery.com\/wp-content\/uploads\/2023\/01\/WhatsApp-Image-2022-11-09-at-19.03.23-1-225x300.jpeg 225w, https:\/\/black-wood-archery.com\/wp-content\/uploads\/2023\/01\/WhatsApp-Image-2022-11-09-at-19.03.23-1-1152x1536.jpeg 1152w, https:\/\/black-wood-archery.com\/wp-content\/uploads\/2023\/01\/WhatsApp-Image-2022-11-09-at-19.03.23-1-9x12.jpeg 9w, https:\/\/black-wood-archery.com\/wp-content\/uploads\/2023\/01\/WhatsApp-Image-2022-11-09-at-19.03.23-1.jpeg 1512w\" sizes=\"auto, (max-width: 768px) 100vw, 768px\" \/>\t\t\t\t\t\t\t\t\t\t\t\t\t\t\t<\/div>\n\t\t\t\t<\/div>\n\t\t\t\t\t<\/div>\n\t\t<\/div>\n\t\t\t\t<div class=\"elementor-column elementor-col-33 elementor-inner-column elementor-element elementor-element-61545b67\" data-id=\"61545b67\" data-element_type=\"column\">\n\t\t\t<div class=\"elementor-widget-wrap elementor-element-populated\">\n\t\t\t\t\t\t\t\t<div class=\"elementor-element elementor-element-fa11dd1 elementor-widget elementor-widget-image\" data-id=\"fa11dd1\" data-element_type=\"widget\" data-widget_type=\"image.default\">\n\t\t\t\t<div class=\"elementor-widget-container\">\n\t\t\t\t\t\t\t\t\t\t\t\t\t\t\t<img loading=\"lazy\" decoding=\"async\" width=\"768\" height=\"1024\" src=\"https:\/\/black-wood-archery.com\/wp-content\/uploads\/2023\/01\/WhatsApp-Image-2022-11-09-at-19.03.21-768x1024.jpeg\" class=\"attachment-large size-large\" alt=\"\" srcset=\"https:\/\/black-wood-archery.com\/wp-content\/uploads\/2023\/01\/WhatsApp-Image-2022-11-09-at-19.03.21-768x1024.jpeg 768w, https:\/\/black-wood-archery.com\/wp-content\/uploads\/2023\/01\/WhatsApp-Image-2022-11-09-at-19.03.21-225x300.jpeg 225w, https:\/\/black-wood-archery.com\/wp-content\/uploads\/2023\/01\/WhatsApp-Image-2022-11-09-at-19.03.21-1152x1536.jpeg 1152w, https:\/\/black-wood-archery.com\/wp-content\/uploads\/2023\/01\/WhatsApp-Image-2022-11-09-at-19.03.21-9x12.jpeg 9w, https:\/\/black-wood-archery.com\/wp-content\/uploads\/2023\/01\/WhatsApp-Image-2022-11-09-at-19.03.21.jpeg 1200w\" sizes=\"auto, (max-width: 768px) 100vw, 768px\" \/>\t\t\t\t\t\t\t\t\t\t\t\t\t\t\t<\/div>\n\t\t\t\t<\/div>\n\t\t\t\t\t<\/div>\n\t\t<\/div>\n\t\t\t\t\t\t\t<\/div>\n\t\t<\/section>\n\t\t\t\t<section class=\"elementor-section elementor-inner-section elementor-element elementor-element-6fff14ff elementor-section-boxed elementor-section-height-default elementor-section-height-default\" data-id=\"6fff14ff\" data-element_type=\"section\">\n\t\t\t\t\t\t<div class=\"elementor-container elementor-column-gap-default\">\n\t\t\t\t\t<div class=\"elementor-column elementor-col-33 elementor-inner-column elementor-element elementor-element-94c1a88\" data-id=\"94c1a88\" data-element_type=\"column\">\n\t\t\t<div class=\"elementor-widget-wrap elementor-element-populated\">\n\t\t\t\t\t\t\t\t<div class=\"elementor-element elementor-element-de262fb elementor-widget elementor-widget-image\" data-id=\"de262fb\" data-element_type=\"widget\" data-widget_type=\"image.default\">\n\t\t\t\t<div class=\"elementor-widget-container\">\n\t\t\t\t\t\t\t\t\t\t\t\t\t\t\t<img loading=\"lazy\" decoding=\"async\" width=\"768\" height=\"1024\" src=\"https:\/\/black-wood-archery.com\/wp-content\/uploads\/2023\/01\/WhatsApp-Image-2022-11-21-at-11.18.48-768x1024.jpeg\" class=\"attachment-large size-large\" alt=\"\" srcset=\"https:\/\/black-wood-archery.com\/wp-content\/uploads\/2023\/01\/WhatsApp-Image-2022-11-21-at-11.18.48-768x1024.jpeg 768w, https:\/\/black-wood-archery.com\/wp-content\/uploads\/2023\/01\/WhatsApp-Image-2022-11-21-at-11.18.48-225x300.jpeg 225w, https:\/\/black-wood-archery.com\/wp-content\/uploads\/2023\/01\/WhatsApp-Image-2022-11-21-at-11.18.48-1152x1536.jpeg 1152w, https:\/\/black-wood-archery.com\/wp-content\/uploads\/2023\/01\/WhatsApp-Image-2022-11-21-at-11.18.48-9x12.jpeg 9w, https:\/\/black-wood-archery.com\/wp-content\/uploads\/2023\/01\/WhatsApp-Image-2022-11-21-at-11.18.48.jpeg 1512w\" sizes=\"auto, (max-width: 768px) 100vw, 768px\" \/>\t\t\t\t\t\t\t\t\t\t\t\t\t\t\t<\/div>\n\t\t\t\t<\/div>\n\t\t\t\t\t<\/div>\n\t\t<\/div>\n\t\t\t\t<div class=\"elementor-column elementor-col-33 elementor-inner-column elementor-element elementor-element-5045ebe0\" data-id=\"5045ebe0\" data-element_type=\"column\">\n\t\t\t<div class=\"elementor-widget-wrap elementor-element-populated\">\n\t\t\t\t\t\t\t\t<div class=\"elementor-element elementor-element-6677753 elementor-widget elementor-widget-image\" data-id=\"6677753\" data-element_type=\"widget\" data-widget_type=\"image.default\">\n\t\t\t\t<div class=\"elementor-widget-container\">\n\t\t\t\t\t\t\t\t\t\t\t\t\t\t\t<img loading=\"lazy\" decoding=\"async\" width=\"768\" height=\"1024\" src=\"https:\/\/black-wood-archery.com\/wp-content\/uploads\/2023\/01\/WhatsApp-Image-2022-11-21-at-11.18.48-2-768x1024.jpeg\" class=\"attachment-large size-large\" alt=\"\" srcset=\"https:\/\/black-wood-archery.com\/wp-content\/uploads\/2023\/01\/WhatsApp-Image-2022-11-21-at-11.18.48-2-768x1024.jpeg 768w, https:\/\/black-wood-archery.com\/wp-content\/uploads\/2023\/01\/WhatsApp-Image-2022-11-21-at-11.18.48-2-225x300.jpeg 225w, https:\/\/black-wood-archery.com\/wp-content\/uploads\/2023\/01\/WhatsApp-Image-2022-11-21-at-11.18.48-2-1152x1536.jpeg 1152w, https:\/\/black-wood-archery.com\/wp-content\/uploads\/2023\/01\/WhatsApp-Image-2022-11-21-at-11.18.48-2-9x12.jpeg 9w, https:\/\/black-wood-archery.com\/wp-content\/uploads\/2023\/01\/WhatsApp-Image-2022-11-21-at-11.18.48-2.jpeg 1512w\" sizes=\"auto, (max-width: 768px) 100vw, 768px\" \/>\t\t\t\t\t\t\t\t\t\t\t\t\t\t\t<\/div>\n\t\t\t\t<\/div>\n\t\t\t\t\t<\/div>\n\t\t<\/div>\n\t\t\t\t<div class=\"elementor-column elementor-col-33 elementor-inner-column elementor-element elementor-element-29061704\" data-id=\"29061704\" data-element_type=\"column\">\n\t\t\t<div class=\"elementor-widget-wrap elementor-element-populated\">\n\t\t\t\t\t\t\t\t<div class=\"elementor-element elementor-element-387aa51 elementor-widget elementor-widget-image\" data-id=\"387aa51\" data-element_type=\"widget\" data-widget_type=\"image.default\">\n\t\t\t\t<div class=\"elementor-widget-container\">\n\t\t\t\t\t\t\t\t\t\t\t\t\t\t\t<img loading=\"lazy\" decoding=\"async\" width=\"768\" height=\"1024\" src=\"https:\/\/black-wood-archery.com\/wp-content\/uploads\/2023\/01\/WhatsApp-Image-2022-11-21-at-11.18.48-1-768x1024.jpeg\" class=\"attachment-large size-large\" alt=\"\" srcset=\"https:\/\/black-wood-archery.com\/wp-content\/uploads\/2023\/01\/WhatsApp-Image-2022-11-21-at-11.18.48-1-768x1024.jpeg 768w, https:\/\/black-wood-archery.com\/wp-content\/uploads\/2023\/01\/WhatsApp-Image-2022-11-21-at-11.18.48-1-225x300.jpeg 225w, https:\/\/black-wood-archery.com\/wp-content\/uploads\/2023\/01\/WhatsApp-Image-2022-11-21-at-11.18.48-1-1152x1536.jpeg 1152w, https:\/\/black-wood-archery.com\/wp-content\/uploads\/2023\/01\/WhatsApp-Image-2022-11-21-at-11.18.48-1-9x12.jpeg 9w, https:\/\/black-wood-archery.com\/wp-content\/uploads\/2023\/01\/WhatsApp-Image-2022-11-21-at-11.18.48-1.jpeg 1512w\" sizes=\"auto, (max-width: 768px) 100vw, 768px\" \/>\t\t\t\t\t\t\t\t\t\t\t\t\t\t\t<\/div>\n\t\t\t\t<\/div>\n\t\t\t\t\t<\/div>\n\t\t<\/div>\n\t\t\t\t\t\t\t<\/div>\n\t\t<\/section>\n\t\t\t\t<section class=\"elementor-section elementor-inner-section elementor-element elementor-element-00c2bd2 elementor-section-boxed elementor-section-height-default elementor-section-height-default\" data-id=\"00c2bd2\" data-element_type=\"section\">\n\t\t\t\t\t\t<div class=\"elementor-container elementor-column-gap-default\">\n\t\t\t\t\t<div class=\"elementor-column elementor-col-33 elementor-inner-column elementor-element elementor-element-92b7e34\" data-id=\"92b7e34\" data-element_type=\"column\">\n\t\t\t<div class=\"elementor-widget-wrap elementor-element-populated\">\n\t\t\t\t\t\t\t\t<div class=\"elementor-element elementor-element-a827427 elementor-widget elementor-widget-image\" data-id=\"a827427\" data-element_type=\"widget\" data-widget_type=\"image.default\">\n\t\t\t\t<div class=\"elementor-widget-container\">\n\t\t\t\t\t\t\t\t\t\t\t\t\t\t\t<img loading=\"lazy\" decoding=\"async\" width=\"768\" height=\"1024\" src=\"https:\/\/black-wood-archery.com\/wp-content\/uploads\/2023\/01\/WhatsApp-Image-2022-11-21-at-11.18.48-3-768x1024.jpeg\" class=\"attachment-large size-large\" alt=\"\" srcset=\"https:\/\/black-wood-archery.com\/wp-content\/uploads\/2023\/01\/WhatsApp-Image-2022-11-21-at-11.18.48-3-768x1024.jpeg 768w, https:\/\/black-wood-archery.com\/wp-content\/uploads\/2023\/01\/WhatsApp-Image-2022-11-21-at-11.18.48-3-225x300.jpeg 225w, https:\/\/black-wood-archery.com\/wp-content\/uploads\/2023\/01\/WhatsApp-Image-2022-11-21-at-11.18.48-3-1152x1536.jpeg 1152w, https:\/\/black-wood-archery.com\/wp-content\/uploads\/2023\/01\/WhatsApp-Image-2022-11-21-at-11.18.48-3-9x12.jpeg 9w, https:\/\/black-wood-archery.com\/wp-content\/uploads\/2023\/01\/WhatsApp-Image-2022-11-21-at-11.18.48-3.jpeg 1512w\" sizes=\"auto, (max-width: 768px) 100vw, 768px\" \/>\t\t\t\t\t\t\t\t\t\t\t\t\t\t\t<\/div>\n\t\t\t\t<\/div>\n\t\t\t\t\t<\/div>\n\t\t<\/div>\n\t\t\t\t<div class=\"elementor-column elementor-col-33 elementor-inner-column elementor-element elementor-element-c8b0a9e\" data-id=\"c8b0a9e\" data-element_type=\"column\">\n\t\t\t<div class=\"elementor-widget-wrap elementor-element-populated\">\n\t\t\t\t\t\t\t\t<div class=\"elementor-element elementor-element-743f342 elementor-widget elementor-widget-image\" data-id=\"743f342\" data-element_type=\"widget\" data-widget_type=\"image.default\">\n\t\t\t\t<div class=\"elementor-widget-container\">\n\t\t\t\t\t\t\t\t\t\t\t\t\t\t\t<img loading=\"lazy\" decoding=\"async\" width=\"768\" height=\"1024\" src=\"https:\/\/black-wood-archery.com\/wp-content\/uploads\/2023\/01\/WhatsApp-Image-2022-11-09-at-19.03.21-3-768x1024.jpeg\" class=\"attachment-large size-large\" alt=\"\" srcset=\"https:\/\/black-wood-archery.com\/wp-content\/uploads\/2023\/01\/WhatsApp-Image-2022-11-09-at-19.03.21-3-768x1024.jpeg 768w, https:\/\/black-wood-archery.com\/wp-content\/uploads\/2023\/01\/WhatsApp-Image-2022-11-09-at-19.03.21-3-225x300.jpeg 225w, https:\/\/black-wood-archery.com\/wp-content\/uploads\/2023\/01\/WhatsApp-Image-2022-11-09-at-19.03.21-3-1152x1536.jpeg 1152w, https:\/\/black-wood-archery.com\/wp-content\/uploads\/2023\/01\/WhatsApp-Image-2022-11-09-at-19.03.21-3-9x12.jpeg 9w, https:\/\/black-wood-archery.com\/wp-content\/uploads\/2023\/01\/WhatsApp-Image-2022-11-09-at-19.03.21-3.jpeg 1512w\" sizes=\"auto, (max-width: 768px) 100vw, 768px\" \/>\t\t\t\t\t\t\t\t\t\t\t\t\t\t\t<\/div>\n\t\t\t\t<\/div>\n\t\t\t\t\t<\/div>\n\t\t<\/div>\n\t\t\t\t<div class=\"elementor-column elementor-col-33 elementor-inner-column elementor-element elementor-element-d564e7d\" data-id=\"d564e7d\" data-element_type=\"column\">\n\t\t\t<div class=\"elementor-widget-wrap elementor-element-populated\">\n\t\t\t\t\t\t\t\t<div class=\"elementor-element elementor-element-4766d39 elementor-widget elementor-widget-image\" data-id=\"4766d39\" data-element_type=\"widget\" data-widget_type=\"image.default\">\n\t\t\t\t<div class=\"elementor-widget-container\">\n\t\t\t\t\t\t\t\t\t\t\t\t\t\t\t<img loading=\"lazy\" decoding=\"async\" width=\"768\" height=\"1024\" src=\"https:\/\/black-wood-archery.com\/wp-content\/uploads\/2023\/01\/20220715_153155-768x1024.jpg\" class=\"attachment-large size-large\" alt=\"\" srcset=\"https:\/\/black-wood-archery.com\/wp-content\/uploads\/2023\/01\/20220715_153155-768x1024.jpg 768w, https:\/\/black-wood-archery.com\/wp-content\/uploads\/2023\/01\/20220715_153155-225x300.jpg 225w, https:\/\/black-wood-archery.com\/wp-content\/uploads\/2023\/01\/20220715_153155-1152x1536.jpg 1152w, https:\/\/black-wood-archery.com\/wp-content\/uploads\/2023\/01\/20220715_153155-1536x2048.jpg 1536w, https:\/\/black-wood-archery.com\/wp-content\/uploads\/2023\/01\/20220715_153155-9x12.jpg 9w, https:\/\/black-wood-archery.com\/wp-content\/uploads\/2023\/01\/20220715_153155-scaled.jpg 1920w\" sizes=\"auto, (max-width: 768px) 100vw, 768px\" \/>\t\t\t\t\t\t\t\t\t\t\t\t\t\t\t<\/div>\n\t\t\t\t<\/div>\n\t\t\t\t\t<\/div>\n\t\t<\/div>\n\t\t\t\t\t\t\t<\/div>\n\t\t<\/section>\n\t\t\t\t\t<\/div>\n\t\t<\/div>\n\t\t\t\t\t\t\t<\/div>\n\t\t<\/section>\n\t\t\t\t\t\t<\/div>\n\t\t\t\t\t<\/div>","protected":false},"excerpt":{"rendered":"<p>Patent-protected clip-on quiver made of 3.0 &#8211; 3.5 mm thick vegetable-tanned cowhide, which is particularly important because it is worn directly on the body. It is 100% handmade and completely double-stitched. With the convenient clip you can easily attach it to your pocket, belt or even backpack. It is also available with a belt loop. [&hellip;]<\/p>","protected":false},"author":2,"featured_media":0,"parent":0,"menu_order":0,"comment_status":"closed","ping_status":"closed","template":"elementor_header_footer","meta":{"footnotes":""},"class_list":["post-2104","page","type-page","status-publish","hentry"],"_links":{"self":[{"href":"https:\/\/black-wood-archery.com\/de\/wp-json\/wp\/v2\/pages\/2104","targetHints":{"allow":["GET"]}}],"collection":[{"href":"https:\/\/black-wood-archery.com\/de\/wp-json\/wp\/v2\/pages"}],"about":[{"href":"https:\/\/black-wood-archery.com\/de\/wp-json\/wp\/v2\/types\/page"}],"author":[{"embeddable":true,"href":"https:\/\/black-wood-archery.com\/de\/wp-json\/wp\/v2\/users\/2"}],"replies":[{"embeddable":true,"href":"https:\/\/black-wood-archery.com\/de\/wp-json\/wp\/v2\/comments?post=2104"}],"version-history":[{"count":7,"href":"https:\/\/black-wood-archery.com\/de\/wp-json\/wp\/v2\/pages\/2104\/revisions"}],"predecessor-version":[{"id":2127,"href":"https:\/\/black-wood-archery.com\/de\/wp-json\/wp\/v2\/pages\/2104\/revisions\/2127"}],"wp:attachment":[{"href":"https:\/\/black-wood-archery.com\/de\/wp-json\/wp\/v2\/media?parent=2104"}],"curies":[{"name":"wp","href":"https:\/\/api.w.org\/{rel}","templated":true}]}}