{"id":2202,"date":"2023-03-29T20:34:34","date_gmt":"2023-03-29T20:34:34","guid":{"rendered":"http:\/\/black-wood-archery.com\/?page_id=2202"},"modified":"2023-05-07T13:01:10","modified_gmt":"2023-05-07T13:01:10","slug":"string-holder","status":"publish","type":"page","link":"https:\/\/black-wood-archery.com\/de\/string-holder\/","title":{"rendered":"Sehnenhalter"},"content":{"rendered":"<div data-elementor-type=\"wp-page\" data-elementor-id=\"2202\" class=\"elementor elementor-2202\" data-elementor-settings=\"[]\">\n\t\t\t\t\t\t\t<div class=\"elementor-section-wrap\">\n\t\t\t\t\t\t\t<section class=\"elementor-section elementor-top-section elementor-element elementor-element-5a91d009 elementor-section-boxed elementor-section-height-default elementor-section-height-default\" data-id=\"5a91d009\" data-element_type=\"section\" data-settings=\"{&quot;background_background&quot;:&quot;classic&quot;,&quot;background_motion_fx_motion_fx_scrolling&quot;:&quot;yes&quot;,&quot;background_motion_fx_translateY_effect&quot;:&quot;yes&quot;,&quot;background_motion_fx_translateY_speed&quot;:{&quot;unit&quot;:&quot;px&quot;,&quot;size&quot;:10,&quot;sizes&quot;:[]},&quot;background_motion_fx_translateY_affectedRange&quot;:{&quot;unit&quot;:&quot;%&quot;,&quot;size&quot;:&quot;&quot;,&quot;sizes&quot;:{&quot;start&quot;:0,&quot;end&quot;:100}},&quot;background_motion_fx_devices&quot;:[&quot;desktop&quot;,&quot;tablet&quot;,&quot;mobile&quot;]}\">\n\t\t\t\t\t\t\t<div class=\"elementor-background-overlay\"><\/div>\n\t\t\t\t\t\t\t<div class=\"elementor-container elementor-column-gap-default\">\n\t\t\t\t\t<div class=\"elementor-column elementor-col-100 elementor-top-column elementor-element elementor-element-1f27b0\" data-id=\"1f27b0\" data-element_type=\"column\">\n\t\t\t<div class=\"elementor-widget-wrap elementor-element-populated\">\n\t\t\t\t\t\t\t\t\t<\/div>\n\t\t<\/div>\n\t\t\t\t\t\t\t<\/div>\n\t\t<\/section>\n\t\t\t\t<section class=\"elementor-section elementor-top-section elementor-element elementor-element-4a57465e elementor-section-full_width elementor-section-height-default elementor-section-height-default\" data-id=\"4a57465e\" data-element_type=\"section\" data-settings=\"{&quot;background_background&quot;:&quot;classic&quot;}\">\n\t\t\t\t\t\t<div class=\"elementor-container elementor-column-gap-default\">\n\t\t\t\t\t<div class=\"elementor-column elementor-col-100 elementor-top-column elementor-element elementor-element-182c6408\" data-id=\"182c6408\" data-element_type=\"column\">\n\t\t\t<div class=\"elementor-widget-wrap elementor-element-populated\">\n\t\t\t\t\t\t\t\t<section class=\"elementor-section elementor-inner-section elementor-element elementor-element-13d8e64e elementor-section-boxed elementor-section-height-default elementor-section-height-default\" data-id=\"13d8e64e\" data-element_type=\"section\">\n\t\t\t\t\t\t<div class=\"elementor-container elementor-column-gap-default\">\n\t\t\t\t\t<div class=\"elementor-column elementor-col-33 elementor-inner-column elementor-element elementor-element-5258b77e\" data-id=\"5258b77e\" data-element_type=\"column\">\n\t\t\t<div class=\"elementor-widget-wrap\">\n\t\t\t\t\t\t\t\t\t<\/div>\n\t\t<\/div>\n\t\t\t\t<div class=\"elementor-column elementor-col-33 elementor-inner-column elementor-element elementor-element-5b699c58\" data-id=\"5b699c58\" data-element_type=\"column\">\n\t\t\t<div class=\"elementor-widget-wrap\">\n\t\t\t\t\t\t\t\t\t<\/div>\n\t\t<\/div>\n\t\t\t\t<div class=\"elementor-column elementor-col-33 elementor-inner-column elementor-element elementor-element-18058a58\" data-id=\"18058a58\" data-element_type=\"column\">\n\t\t\t<div class=\"elementor-widget-wrap\">\n\t\t\t\t\t\t\t\t\t<\/div>\n\t\t<\/div>\n\t\t\t\t\t\t\t<\/div>\n\t\t<\/section>\n\t\t\t\t<section class=\"elementor-section elementor-inner-section elementor-element elementor-element-2e24d8a elementor-section-boxed elementor-section-height-default elementor-section-height-default\" data-id=\"2e24d8a\" data-element_type=\"section\">\n\t\t\t\t\t\t<div class=\"elementor-container elementor-column-gap-default\">\n\t\t\t\t\t<div class=\"elementor-column elementor-col-50 elementor-inner-column elementor-element elementor-element-5fbfe805\" data-id=\"5fbfe805\" data-element_type=\"column\" data-settings=\"{&quot;background_background&quot;:&quot;classic&quot;}\">\n\t\t\t<div class=\"elementor-widget-wrap elementor-element-populated\">\n\t\t\t\t\t\t\t\t<div class=\"elementor-element elementor-element-2b8fa192 elementor-widget elementor-widget-text-editor\" data-id=\"2b8fa192\" data-element_type=\"widget\" data-widget_type=\"text-editor.default\">\n\t\t\t\t<div class=\"elementor-widget-container\">\n\t\t\t\t\t\t\t<p><b>Sehnenhalter<\/b><\/p><p>Handarbeit in Deutschland<br \/><br \/>Echtes Leder, komplett farbig<br \/>Gebeizt oder nicht gebeizt erh\u00e4ltlich<\/p>\t\t\t\t\t\t<\/div>\n\t\t\t\t<\/div>\n\t\t\t\t<div class=\"elementor-element elementor-element-4dd3b6d1 elementor-widget__width-initial elementor-widget elementor-widget-text-editor\" data-id=\"4dd3b6d1\" data-element_type=\"widget\" data-widget_type=\"text-editor.default\">\n\t\t\t\t<div class=\"elementor-widget-container\">\n\t\t\t\t\t\t\t<p><strong>Basispreis<\/strong><\/p>\t\t\t\t\t\t<\/div>\n\t\t\t\t<\/div>\n\t\t\t\t<div class=\"elementor-element elementor-element-45d7a419 elementor-widget__width-initial elementor-widget elementor-widget-text-editor\" data-id=\"45d7a419\" data-element_type=\"widget\" data-widget_type=\"text-editor.default\">\n\t\t\t\t<div class=\"elementor-widget-container\">\n\t\t\t\t\t\t\t<p>ab 9,50 \u20ac<br \/>Endpreis abh\u00e4ngig von den ausgew\u00e4hlten Materialien und den ausgew\u00e4hlten Extras<\/p>\t\t\t\t\t\t<\/div>\n\t\t\t\t<\/div>\n\t\t\t\t\t<\/div>\n\t\t<\/div>\n\t\t\t\t<div class=\"elementor-column elementor-col-50 elementor-inner-column elementor-element elementor-element-72745ee8\" data-id=\"72745ee8\" data-element_type=\"column\">\n\t\t\t<div class=\"elementor-widget-wrap elementor-element-populated\">\n\t\t\t\t\t\t\t\t<div class=\"elementor-element elementor-element-74885f5 elementor-widget elementor-widget-image\" data-id=\"74885f5\" data-element_type=\"widget\" data-widget_type=\"image.default\">\n\t\t\t\t<div class=\"elementor-widget-container\">\n\t\t\t\t\t\t\t\t\t\t\t\t\t\t\t<img loading=\"lazy\" decoding=\"async\" width=\"768\" height=\"1024\" src=\"https:\/\/black-wood-archery.com\/wp-content\/uploads\/2023\/03\/WhatsApp-Image-2023-03-27-at-18.26.46-768x1024.jpeg\" class=\"attachment-large size-large\" alt=\"\" srcset=\"https:\/\/black-wood-archery.com\/wp-content\/uploads\/2023\/03\/WhatsApp-Image-2023-03-27-at-18.26.46-768x1024.jpeg 768w, https:\/\/black-wood-archery.com\/wp-content\/uploads\/2023\/03\/WhatsApp-Image-2023-03-27-at-18.26.46-225x300.jpeg 225w, https:\/\/black-wood-archery.com\/wp-content\/uploads\/2023\/03\/WhatsApp-Image-2023-03-27-at-18.26.46-1152x1536.jpeg 1152w, https:\/\/black-wood-archery.com\/wp-content\/uploads\/2023\/03\/WhatsApp-Image-2023-03-27-at-18.26.46-9x12.jpeg 9w, https:\/\/black-wood-archery.com\/wp-content\/uploads\/2023\/03\/WhatsApp-Image-2023-03-27-at-18.26.46.jpeg 1512w\" sizes=\"auto, (max-width: 768px) 100vw, 768px\" \/>\t\t\t\t\t\t\t\t\t\t\t\t\t\t\t<\/div>\n\t\t\t\t<\/div>\n\t\t\t\t\t<\/div>\n\t\t<\/div>\n\t\t\t\t\t\t\t<\/div>\n\t\t<\/section>\n\t\t\t\t<section class=\"elementor-section elementor-inner-section elementor-element elementor-element-395f97a7 elementor-section-boxed elementor-section-height-default elementor-section-height-default\" data-id=\"395f97a7\" data-element_type=\"section\">\n\t\t\t\t\t\t<div class=\"elementor-container elementor-column-gap-default\">\n\t\t\t\t\t<div class=\"elementor-column elementor-col-33 elementor-inner-column elementor-element elementor-element-489525a1\" data-id=\"489525a1\" data-element_type=\"column\">\n\t\t\t<div class=\"elementor-widget-wrap elementor-element-populated\">\n\t\t\t\t\t\t\t\t<div class=\"elementor-element elementor-element-9b24471 elementor-widget elementor-widget-image\" data-id=\"9b24471\" data-element_type=\"widget\" data-widget_type=\"image.default\">\n\t\t\t\t<div class=\"elementor-widget-container\">\n\t\t\t\t\t\t\t\t\t\t\t\t\t\t\t<img loading=\"lazy\" decoding=\"async\" width=\"800\" height=\"601\" src=\"https:\/\/black-wood-archery.com\/wp-content\/uploads\/2023\/05\/P1010032-1024x769.jpg\" class=\"attachment-large size-large\" alt=\"\" srcset=\"https:\/\/black-wood-archery.com\/wp-content\/uploads\/2023\/05\/P1010032-1024x769.jpg 1024w, https:\/\/black-wood-archery.com\/wp-content\/uploads\/2023\/05\/P1010032-300x225.jpg 300w, https:\/\/black-wood-archery.com\/wp-content\/uploads\/2023\/05\/P1010032-768x577.jpg 768w, https:\/\/black-wood-archery.com\/wp-content\/uploads\/2023\/05\/P1010032-1536x1153.jpg 1536w, https:\/\/black-wood-archery.com\/wp-content\/uploads\/2023\/05\/P1010032-2048x1538.jpg 2048w, https:\/\/black-wood-archery.com\/wp-content\/uploads\/2023\/05\/P1010032-16x12.jpg 16w\" sizes=\"auto, (max-width: 800px) 100vw, 800px\" \/>\t\t\t\t\t\t\t\t\t\t\t\t\t\t\t<\/div>\n\t\t\t\t<\/div>\n\t\t\t\t\t<\/div>\n\t\t<\/div>\n\t\t\t\t<div class=\"elementor-column elementor-col-33 elementor-inner-column elementor-element elementor-element-7c2f4055\" data-id=\"7c2f4055\" data-element_type=\"column\">\n\t\t\t<div class=\"elementor-widget-wrap elementor-element-populated\">\n\t\t\t\t\t\t\t\t<div class=\"elementor-element elementor-element-9ab4a0b elementor-widget elementor-widget-image\" data-id=\"9ab4a0b\" data-element_type=\"widget\" data-widget_type=\"image.default\">\n\t\t\t\t<div class=\"elementor-widget-container\">\n\t\t\t\t\t\t\t\t\t\t\t\t\t\t\t<img loading=\"lazy\" decoding=\"async\" width=\"800\" height=\"601\" src=\"https:\/\/black-wood-archery.com\/wp-content\/uploads\/2023\/05\/P1010021-1024x769.jpg\" class=\"attachment-large size-large\" alt=\"\" srcset=\"https:\/\/black-wood-archery.com\/wp-content\/uploads\/2023\/05\/P1010021-1024x769.jpg 1024w, https:\/\/black-wood-archery.com\/wp-content\/uploads\/2023\/05\/P1010021-300x225.jpg 300w, https:\/\/black-wood-archery.com\/wp-content\/uploads\/2023\/05\/P1010021-768x577.jpg 768w, https:\/\/black-wood-archery.com\/wp-content\/uploads\/2023\/05\/P1010021-1536x1153.jpg 1536w, https:\/\/black-wood-archery.com\/wp-content\/uploads\/2023\/05\/P1010021-2048x1538.jpg 2048w, https:\/\/black-wood-archery.com\/wp-content\/uploads\/2023\/05\/P1010021-16x12.jpg 16w\" sizes=\"auto, (max-width: 800px) 100vw, 800px\" \/>\t\t\t\t\t\t\t\t\t\t\t\t\t\t\t<\/div>\n\t\t\t\t<\/div>\n\t\t\t\t\t<\/div>\n\t\t<\/div>\n\t\t\t\t<div class=\"elementor-column elementor-col-33 elementor-inner-column elementor-element elementor-element-6663c38f\" data-id=\"6663c38f\" data-element_type=\"column\">\n\t\t\t<div class=\"elementor-widget-wrap elementor-element-populated\">\n\t\t\t\t\t\t\t\t<div class=\"elementor-element elementor-element-73ffe27 elementor-widget elementor-widget-image\" data-id=\"73ffe27\" data-element_type=\"widget\" data-widget_type=\"image.default\">\n\t\t\t\t<div class=\"elementor-widget-container\">\n\t\t\t\t\t\t\t\t\t\t\t\t\t\t\t<img loading=\"lazy\" decoding=\"async\" width=\"800\" height=\"601\" src=\"https:\/\/black-wood-archery.com\/wp-content\/uploads\/2023\/05\/P1010035-1024x769.jpg\" class=\"attachment-large size-large\" alt=\"\" srcset=\"https:\/\/black-wood-archery.com\/wp-content\/uploads\/2023\/05\/P1010035-1024x769.jpg 1024w, https:\/\/black-wood-archery.com\/wp-content\/uploads\/2023\/05\/P1010035-300x225.jpg 300w, https:\/\/black-wood-archery.com\/wp-content\/uploads\/2023\/05\/P1010035-768x577.jpg 768w, https:\/\/black-wood-archery.com\/wp-content\/uploads\/2023\/05\/P1010035-1536x1153.jpg 1536w, https:\/\/black-wood-archery.com\/wp-content\/uploads\/2023\/05\/P1010035-2048x1538.jpg 2048w, https:\/\/black-wood-archery.com\/wp-content\/uploads\/2023\/05\/P1010035-16x12.jpg 16w\" sizes=\"auto, (max-width: 800px) 100vw, 800px\" \/>\t\t\t\t\t\t\t\t\t\t\t\t\t\t\t<\/div>\n\t\t\t\t<\/div>\n\t\t\t\t\t<\/div>\n\t\t<\/div>\n\t\t\t\t\t\t\t<\/div>\n\t\t<\/section>\n\t\t\t\t\t<\/div>\n\t\t<\/div>\n\t\t\t\t\t\t\t<\/div>\n\t\t<\/section>\n\t\t\t\t\t\t<\/div>\n\t\t\t\t\t<\/div>","protected":false},"excerpt":{"rendered":"<p>String Holder Handmade in Germany Real leather, fully coloredEetched or not etched available Base price from \u20ac9.50;final price depending on the selected materials and the selected extras<\/p>","protected":false},"author":2,"featured_media":0,"parent":0,"menu_order":0,"comment_status":"closed","ping_status":"closed","template":"elementor_header_footer","meta":{"footnotes":""},"class_list":["post-2202","page","type-page","status-publish","hentry"],"_links":{"self":[{"href":"https:\/\/black-wood-archery.com\/de\/wp-json\/wp\/v2\/pages\/2202","targetHints":{"allow":["GET"]}}],"collection":[{"href":"https:\/\/black-wood-archery.com\/de\/wp-json\/wp\/v2\/pages"}],"about":[{"href":"https:\/\/black-wood-archery.com\/de\/wp-json\/wp\/v2\/types\/page"}],"author":[{"embeddable":true,"href":"https:\/\/black-wood-archery.com\/de\/wp-json\/wp\/v2\/users\/2"}],"replies":[{"embeddable":true,"href":"https:\/\/black-wood-archery.com\/de\/wp-json\/wp\/v2\/comments?post=2202"}],"version-history":[{"count":10,"href":"https:\/\/black-wood-archery.com\/de\/wp-json\/wp\/v2\/pages\/2202\/revisions"}],"predecessor-version":[{"id":2266,"href":"https:\/\/black-wood-archery.com\/de\/wp-json\/wp\/v2\/pages\/2202\/revisions\/2266"}],"wp:attachment":[{"href":"https:\/\/black-wood-archery.com\/de\/wp-json\/wp\/v2\/media?parent=2202"}],"curies":[{"name":"wp","href":"https:\/\/api.w.org\/{rel}","templated":true}]}}