{"id":2249,"date":"2023-05-07T12:49:10","date_gmt":"2023-05-07T12:49:10","guid":{"rendered":"http:\/\/black-wood-archery.com\/?page_id=2249"},"modified":"2023-11-17T16:58:11","modified_gmt":"2023-11-17T16:58:11","slug":"sting-pro-nocks","status":"publish","type":"page","link":"https:\/\/black-wood-archery.com\/de\/sting-pro-nocks\/","title":{"rendered":"STING Pro Nocken"},"content":{"rendered":"<div data-elementor-type=\"wp-page\" data-elementor-id=\"2249\" class=\"elementor elementor-2249\" data-elementor-settings=\"[]\">\n\t\t\t\t\t\t\t<div class=\"elementor-section-wrap\">\n\t\t\t\t\t\t\t<section class=\"elementor-section elementor-top-section elementor-element elementor-element-15b36417 elementor-section-boxed elementor-section-height-default elementor-section-height-default\" data-id=\"15b36417\" data-element_type=\"section\" data-settings=\"{&quot;background_background&quot;:&quot;classic&quot;,&quot;background_motion_fx_motion_fx_scrolling&quot;:&quot;yes&quot;,&quot;background_motion_fx_translateY_effect&quot;:&quot;yes&quot;,&quot;background_motion_fx_translateY_speed&quot;:{&quot;unit&quot;:&quot;px&quot;,&quot;size&quot;:10,&quot;sizes&quot;:[]},&quot;background_motion_fx_translateY_affectedRange&quot;:{&quot;unit&quot;:&quot;%&quot;,&quot;size&quot;:&quot;&quot;,&quot;sizes&quot;:{&quot;start&quot;:0,&quot;end&quot;:100}},&quot;background_motion_fx_devices&quot;:[&quot;desktop&quot;,&quot;tablet&quot;,&quot;mobile&quot;]}\">\n\t\t\t\t\t\t\t<div class=\"elementor-background-overlay\"><\/div>\n\t\t\t\t\t\t\t<div class=\"elementor-container elementor-column-gap-default\">\n\t\t\t\t\t<div class=\"elementor-column elementor-col-100 elementor-top-column elementor-element elementor-element-3b51693\" data-id=\"3b51693\" data-element_type=\"column\">\n\t\t\t<div class=\"elementor-widget-wrap elementor-element-populated\">\n\t\t\t\t\t\t\t\t\t<\/div>\n\t\t<\/div>\n\t\t\t\t\t\t\t<\/div>\n\t\t<\/section>\n\t\t\t\t<section class=\"elementor-section elementor-top-section elementor-element elementor-element-10ae95f7 elementor-section-full_width elementor-section-height-default elementor-section-height-default\" data-id=\"10ae95f7\" data-element_type=\"section\" data-settings=\"{&quot;background_background&quot;:&quot;classic&quot;}\">\n\t\t\t\t\t\t<div class=\"elementor-container elementor-column-gap-default\">\n\t\t\t\t\t<div class=\"elementor-column elementor-col-100 elementor-top-column elementor-element elementor-element-e07b72f\" data-id=\"e07b72f\" data-element_type=\"column\">\n\t\t\t<div class=\"elementor-widget-wrap elementor-element-populated\">\n\t\t\t\t\t\t\t\t<section class=\"elementor-section elementor-inner-section elementor-element elementor-element-3c0b54b7 elementor-section-boxed elementor-section-height-default elementor-section-height-default\" data-id=\"3c0b54b7\" data-element_type=\"section\">\n\t\t\t\t\t\t<div class=\"elementor-container elementor-column-gap-default\">\n\t\t\t\t\t<div class=\"elementor-column elementor-col-33 elementor-inner-column elementor-element elementor-element-3f9ee4ec\" data-id=\"3f9ee4ec\" data-element_type=\"column\">\n\t\t\t<div class=\"elementor-widget-wrap elementor-element-populated\">\n\t\t\t\t\t\t\t\t<div class=\"elementor-element elementor-element-0efa788 elementor-widget elementor-widget-image\" data-id=\"0efa788\" data-element_type=\"widget\" data-widget_type=\"image.default\">\n\t\t\t\t<div class=\"elementor-widget-container\">\n\t\t\t\t\t\t\t\t\t\t\t\t\t\t\t<img loading=\"lazy\" decoding=\"async\" width=\"800\" height=\"600\" src=\"https:\/\/black-wood-archery.com\/wp-content\/uploads\/2023\/11\/Sting-Pro-Nocke-Lemon-Transparent-1024x768.jpg\" class=\"attachment-large size-large\" alt=\"\" srcset=\"https:\/\/black-wood-archery.com\/wp-content\/uploads\/2023\/11\/Sting-Pro-Nocke-Lemon-Transparent-1024x768.jpg 1024w, https:\/\/black-wood-archery.com\/wp-content\/uploads\/2023\/11\/Sting-Pro-Nocke-Lemon-Transparent-300x225.jpg 300w, https:\/\/black-wood-archery.com\/wp-content\/uploads\/2023\/11\/Sting-Pro-Nocke-Lemon-Transparent-768x576.jpg 768w, https:\/\/black-wood-archery.com\/wp-content\/uploads\/2023\/11\/Sting-Pro-Nocke-Lemon-Transparent-1536x1152.jpg 1536w, https:\/\/black-wood-archery.com\/wp-content\/uploads\/2023\/11\/Sting-Pro-Nocke-Lemon-Transparent-16x12.jpg 16w, https:\/\/black-wood-archery.com\/wp-content\/uploads\/2023\/11\/Sting-Pro-Nocke-Lemon-Transparent.jpg 1800w\" sizes=\"auto, (max-width: 800px) 100vw, 800px\" \/>\t\t\t\t\t\t\t\t\t\t\t\t\t\t\t<\/div>\n\t\t\t\t<\/div>\n\t\t\t\t\t<\/div>\n\t\t<\/div>\n\t\t\t\t<div class=\"elementor-column elementor-col-33 elementor-inner-column elementor-element elementor-element-2cf9e706\" data-id=\"2cf9e706\" data-element_type=\"column\">\n\t\t\t<div class=\"elementor-widget-wrap elementor-element-populated\">\n\t\t\t\t\t\t\t\t<div class=\"elementor-element elementor-element-0e1e56b elementor-widget elementor-widget-image\" data-id=\"0e1e56b\" data-element_type=\"widget\" data-widget_type=\"image.default\">\n\t\t\t\t<div class=\"elementor-widget-container\">\n\t\t\t\t\t\t\t\t\t\t\t\t\t\t\t<img loading=\"lazy\" decoding=\"async\" width=\"800\" height=\"600\" src=\"https:\/\/black-wood-archery.com\/wp-content\/uploads\/2023\/11\/Sting-Pro-Nocke-Grun-1024x768.jpg\" class=\"attachment-large size-large\" alt=\"\" srcset=\"https:\/\/black-wood-archery.com\/wp-content\/uploads\/2023\/11\/Sting-Pro-Nocke-Grun-1024x768.jpg 1024w, https:\/\/black-wood-archery.com\/wp-content\/uploads\/2023\/11\/Sting-Pro-Nocke-Grun-300x225.jpg 300w, https:\/\/black-wood-archery.com\/wp-content\/uploads\/2023\/11\/Sting-Pro-Nocke-Grun-768x576.jpg 768w, https:\/\/black-wood-archery.com\/wp-content\/uploads\/2023\/11\/Sting-Pro-Nocke-Grun-1536x1152.jpg 1536w, https:\/\/black-wood-archery.com\/wp-content\/uploads\/2023\/11\/Sting-Pro-Nocke-Grun-16x12.jpg 16w, https:\/\/black-wood-archery.com\/wp-content\/uploads\/2023\/11\/Sting-Pro-Nocke-Grun.jpg 1800w\" sizes=\"auto, (max-width: 800px) 100vw, 800px\" \/>\t\t\t\t\t\t\t\t\t\t\t\t\t\t\t<\/div>\n\t\t\t\t<\/div>\n\t\t\t\t\t<\/div>\n\t\t<\/div>\n\t\t\t\t<div class=\"elementor-column elementor-col-33 elementor-inner-column elementor-element elementor-element-13e237ca\" data-id=\"13e237ca\" data-element_type=\"column\">\n\t\t\t<div class=\"elementor-widget-wrap\">\n\t\t\t\t\t\t\t\t\t<\/div>\n\t\t<\/div>\n\t\t\t\t\t\t\t<\/div>\n\t\t<\/section>\n\t\t\t\t<section class=\"elementor-section elementor-inner-section elementor-element elementor-element-4290b82d elementor-section-boxed elementor-section-height-default elementor-section-height-default\" data-id=\"4290b82d\" data-element_type=\"section\">\n\t\t\t\t\t\t<div class=\"elementor-container elementor-column-gap-default\">\n\t\t\t\t\t<div class=\"elementor-column elementor-col-33 elementor-inner-column elementor-element elementor-element-6d0f981e\" data-id=\"6d0f981e\" data-element_type=\"column\" data-settings=\"{&quot;background_background&quot;:&quot;classic&quot;}\">\n\t\t\t<div class=\"elementor-widget-wrap elementor-element-populated\">\n\t\t\t\t\t\t\t\t<div class=\"elementor-element elementor-element-b0d71c9 elementor-widget elementor-widget-text-editor\" data-id=\"b0d71c9\" data-element_type=\"widget\" data-widget_type=\"text-editor.default\">\n\t\t\t\t<div class=\"elementor-widget-container\">\n\t\t\t\t\t\t\t<p><strong>Die STING Pro Nocke aus Kunststoff ist f\u00fcr alle Sch\u00e4fte mit einem Innendurchmesser von 6.2 geeignet. Es handelt sich um eine Push-In Nocke und ist somit sofort einsatzbereit. Sie verf\u00fcgt \u00fcber eine Doppel-Lock Sehnenaufnahme, welche sicherstellt, dass der Pfeil auch durch ein Herunterhalten (Pfeil auflegen, Bergab-Sch\u00fcsse etc.) des Bogens nicht von der Sehne rutscht. Ein sicherer Halt und trotzdem ist ein sauberes und schnelles L\u00f6sen von der Sehne garantiert.<\/strong><\/p><p>\u00a0<\/p><p><strong>Geeignet f\u00fcr Sch\u00e4fte mit einem ID 6.2<br \/>Push-In Nocke<br \/>Durchschnittsgewicht von 8 gn pro Nocke<br \/>Doppel einrastende Sehnenaufnahme<br \/>In 10 Farben erh\u00e4ltlich:<br \/>schwarz, wei\u00df, gelb, rot, gr\u00fcn, orange<br \/>Orange transparent, Lemon transparent, Rot transparent, Gr\u00fcn transparent<\/strong><\/p><p>\u00a0<\/p><p><strong>Die STING Pro Nocke ist mit ihrem Gewicht von 8 grain und ihrem Design sehr stabil und trotzdem ideal f\u00fcr schnelles Set-up mit hohen Pfundzahlen.<\/strong><\/p><p>\u00a0<\/p><p><strong>Sie schlie\u00dft au\u00dferdem leicht \u00fcber dem Schaft ab und kann daher die Funktion eines hinteren Protektor-Rings \u00fcbernehmen.<\/strong><\/p><p>\u00a0<\/p><p><strong>Preis:\u00a0\u00a0<\/strong>\u20ac 0.55<\/p><p>\u00a0<\/p><p>Sie k\u00f6nnen Ihre Wunsch-Spitze direkt bei uns bestellen, indem Sie uns eine Mail schreiben oder anrufen.<\/p><p data-placeholder=\"\u00dcbersetzung\"><strong><a href=\"mailto:order@blackwood-archery.com\">bestellung@blackwood-archery.de<\/a><\/strong><\/p><p class=\" translation-block\">Sie sind H\u00e4ndler und w\u00fcrden unsere Produkte gerne in Ihr Sortiment mit aufnehmen? Dann schreiben Sie uns an und wir treten mit Ihnen in Kontakt.<\/p><p><strong><a href=\"mailto:info@blackwood-archery.com\">info@blackwood-archery.com<\/a><\/strong><\/p>\t\t\t\t\t\t<\/div>\n\t\t\t\t<\/div>\n\t\t\t\t\t<\/div>\n\t\t<\/div>\n\t\t\t\t<div class=\"elementor-column elementor-col-33 elementor-inner-column elementor-element elementor-element-3dd9274d\" data-id=\"3dd9274d\" data-element_type=\"column\">\n\t\t\t<div class=\"elementor-widget-wrap\">\n\t\t\t\t\t\t\t\t\t<\/div>\n\t\t<\/div>\n\t\t\t\t<div class=\"elementor-column elementor-col-33 elementor-inner-column elementor-element elementor-element-742c54fa\" data-id=\"742c54fa\" data-element_type=\"column\">\n\t\t\t<div class=\"elementor-widget-wrap\">\n\t\t\t\t\t\t\t\t\t<\/div>\n\t\t<\/div>\n\t\t\t\t\t\t\t<\/div>\n\t\t<\/section>\n\t\t\t\t<section class=\"elementor-section elementor-inner-section elementor-element elementor-element-5588caac elementor-section-boxed elementor-section-height-default elementor-section-height-default\" data-id=\"5588caac\" data-element_type=\"section\">\n\t\t\t\t\t\t<div class=\"elementor-container elementor-column-gap-default\">\n\t\t\t\t\t<div class=\"elementor-column elementor-col-33 elementor-inner-column elementor-element elementor-element-3e994fbe\" data-id=\"3e994fbe\" data-element_type=\"column\">\n\t\t\t<div class=\"elementor-widget-wrap\">\n\t\t\t\t\t\t\t\t\t<\/div>\n\t\t<\/div>\n\t\t\t\t<div class=\"elementor-column elementor-col-33 elementor-inner-column elementor-element elementor-element-69204a90\" data-id=\"69204a90\" data-element_type=\"column\">\n\t\t\t<div class=\"elementor-widget-wrap\">\n\t\t\t\t\t\t\t\t\t<\/div>\n\t\t<\/div>\n\t\t\t\t<div class=\"elementor-column elementor-col-33 elementor-inner-column elementor-element elementor-element-49a7d959\" data-id=\"49a7d959\" data-element_type=\"column\">\n\t\t\t<div class=\"elementor-widget-wrap\">\n\t\t\t\t\t\t\t\t\t<\/div>\n\t\t<\/div>\n\t\t\t\t\t\t\t<\/div>\n\t\t<\/section>\n\t\t\t\t\t<\/div>\n\t\t<\/div>\n\t\t\t\t\t\t\t<\/div>\n\t\t<\/section>\n\t\t\t\t\t\t<\/div>\n\t\t\t\t\t<\/div>","protected":false},"excerpt":{"rendered":"<p>The STING Pro nock made of plastic is suitable for all shafts with an inner diameter of 6.2. It is a push-in cam and is therefore immediately ready for use. It has a double-lock string holder, which ensures that the arrow does not slip off the string even when the bow is held down (positioning [&hellip;]<\/p>","protected":false},"author":2,"featured_media":0,"parent":0,"menu_order":0,"comment_status":"closed","ping_status":"closed","template":"elementor_header_footer","meta":{"footnotes":""},"class_list":["post-2249","page","type-page","status-publish","hentry"],"_links":{"self":[{"href":"https:\/\/black-wood-archery.com\/de\/wp-json\/wp\/v2\/pages\/2249","targetHints":{"allow":["GET"]}}],"collection":[{"href":"https:\/\/black-wood-archery.com\/de\/wp-json\/wp\/v2\/pages"}],"about":[{"href":"https:\/\/black-wood-archery.com\/de\/wp-json\/wp\/v2\/types\/page"}],"author":[{"embeddable":true,"href":"https:\/\/black-wood-archery.com\/de\/wp-json\/wp\/v2\/users\/2"}],"replies":[{"embeddable":true,"href":"https:\/\/black-wood-archery.com\/de\/wp-json\/wp\/v2\/comments?post=2249"}],"version-history":[{"count":28,"href":"https:\/\/black-wood-archery.com\/de\/wp-json\/wp\/v2\/pages\/2249\/revisions"}],"predecessor-version":[{"id":2408,"href":"https:\/\/black-wood-archery.com\/de\/wp-json\/wp\/v2\/pages\/2249\/revisions\/2408"}],"wp:attachment":[{"href":"https:\/\/black-wood-archery.com\/de\/wp-json\/wp\/v2\/media?parent=2249"}],"curies":[{"name":"wp","href":"https:\/\/api.w.org\/{rel}","templated":true}]}}