{"id":705,"date":"2021-10-30T10:13:03","date_gmt":"2021-10-30T10:13:03","guid":{"rendered":"http:\/\/black-wood-archery.com\/?page_id=705"},"modified":"2023-01-27T17:38:08","modified_gmt":"2023-01-27T17:38:08","slug":"triple-xxx","status":"publish","type":"page","link":"https:\/\/black-wood-archery.com\/de\/triple-xxx\/","title":{"rendered":"Tripple xXx"},"content":{"rendered":"<div data-elementor-type=\"wp-page\" data-elementor-id=\"705\" class=\"elementor elementor-705\" data-elementor-settings=\"[]\">\n\t\t\t\t\t\t\t<div class=\"elementor-section-wrap\">\n\t\t\t\t\t\t\t<section class=\"elementor-section elementor-top-section elementor-element elementor-element-ed0a160 elementor-section-boxed elementor-section-height-default elementor-section-height-default\" data-id=\"ed0a160\" data-element_type=\"section\" data-settings=\"{&quot;background_background&quot;:&quot;classic&quot;,&quot;background_motion_fx_motion_fx_scrolling&quot;:&quot;yes&quot;,&quot;background_motion_fx_translateY_effect&quot;:&quot;yes&quot;,&quot;background_motion_fx_translateY_speed&quot;:{&quot;unit&quot;:&quot;px&quot;,&quot;size&quot;:10,&quot;sizes&quot;:[]},&quot;background_motion_fx_translateY_affectedRange&quot;:{&quot;unit&quot;:&quot;%&quot;,&quot;size&quot;:&quot;&quot;,&quot;sizes&quot;:{&quot;start&quot;:0,&quot;end&quot;:100}},&quot;background_motion_fx_devices&quot;:[&quot;desktop&quot;,&quot;tablet&quot;,&quot;mobile&quot;]}\">\n\t\t\t\t\t\t\t<div class=\"elementor-background-overlay\"><\/div>\n\t\t\t\t\t\t\t<div class=\"elementor-container elementor-column-gap-default\">\n\t\t\t\t\t<div class=\"elementor-column elementor-col-100 elementor-top-column elementor-element elementor-element-58b4a53e\" data-id=\"58b4a53e\" data-element_type=\"column\">\n\t\t\t<div class=\"elementor-widget-wrap elementor-element-populated\">\n\t\t\t\t\t\t\t\t\t<\/div>\n\t\t<\/div>\n\t\t\t\t\t\t\t<\/div>\n\t\t<\/section>\n\t\t\t\t<section class=\"elementor-section elementor-top-section elementor-element elementor-element-aaf63d7 elementor-section-full_width elementor-section-height-default elementor-section-height-default\" data-id=\"aaf63d7\" data-element_type=\"section\" data-settings=\"{&quot;background_background&quot;:&quot;classic&quot;}\">\n\t\t\t\t\t\t<div class=\"elementor-container elementor-column-gap-default\">\n\t\t\t\t\t<div class=\"elementor-column elementor-col-100 elementor-top-column elementor-element elementor-element-5c3f52c\" data-id=\"5c3f52c\" data-element_type=\"column\">\n\t\t\t<div class=\"elementor-widget-wrap elementor-element-populated\">\n\t\t\t\t\t\t\t\t<section class=\"elementor-section elementor-inner-section elementor-element elementor-element-a4a8d23 elementor-section-boxed elementor-section-height-default elementor-section-height-default\" data-id=\"a4a8d23\" data-element_type=\"section\">\n\t\t\t\t\t\t<div class=\"elementor-container elementor-column-gap-default\">\n\t\t\t\t\t<div class=\"elementor-column elementor-col-33 elementor-inner-column elementor-element elementor-element-515b267\" data-id=\"515b267\" data-element_type=\"column\">\n\t\t\t<div class=\"elementor-widget-wrap elementor-element-populated\">\n\t\t\t\t\t\t\t\t<div class=\"elementor-element elementor-element-3f4a239 elementor-aspect-ratio-169 elementor-widget elementor-widget-video\" data-id=\"3f4a239\" data-element_type=\"widget\" data-settings=\"{&quot;youtube_url&quot;:&quot;https:\\\/\\\/www.youtube.com\\\/watch?v=s1Biza5b-PQ&quot;,&quot;start&quot;:1,&quot;autoplay&quot;:&quot;yes&quot;,&quot;video_type&quot;:&quot;youtube&quot;,&quot;controls&quot;:&quot;yes&quot;,&quot;aspect_ratio&quot;:&quot;169&quot;}\" data-widget_type=\"video.default\">\n\t\t\t\t<div class=\"elementor-widget-container\">\n\t\t\t\t\t<div class=\"elementor-wrapper elementor-fit-aspect-ratio elementor-open-inline\">\n\t\t\t<div class=\"elementor-video\"><\/div>\t\t<\/div>\n\t\t\t\t<\/div>\n\t\t\t\t<\/div>\n\t\t\t\t\t<\/div>\n\t\t<\/div>\n\t\t\t\t<div class=\"elementor-column elementor-col-33 elementor-inner-column elementor-element elementor-element-14c8e1c\" data-id=\"14c8e1c\" data-element_type=\"column\">\n\t\t\t<div class=\"elementor-widget-wrap elementor-element-populated\">\n\t\t\t\t\t\t\t\t<div class=\"elementor-element elementor-element-d124ad1 elementor-widget elementor-widget-image\" data-id=\"d124ad1\" data-element_type=\"widget\" data-widget_type=\"image.default\">\n\t\t\t\t<div class=\"elementor-widget-container\">\n\t\t\t\t\t\t\t\t\t\t\t\t\t\t\t<img loading=\"lazy\" decoding=\"async\" width=\"800\" height=\"600\" src=\"https:\/\/black-wood-archery.com\/wp-content\/uploads\/2021\/11\/20211009_112524-1024x768.jpg\" class=\"attachment-large size-large\" alt=\"\" srcset=\"https:\/\/black-wood-archery.com\/wp-content\/uploads\/2021\/11\/20211009_112524-1024x768.jpg 1024w, https:\/\/black-wood-archery.com\/wp-content\/uploads\/2021\/11\/20211009_112524-300x225.jpg 300w, https:\/\/black-wood-archery.com\/wp-content\/uploads\/2021\/11\/20211009_112524-768x576.jpg 768w, https:\/\/black-wood-archery.com\/wp-content\/uploads\/2021\/11\/20211009_112524-1536x1152.jpg 1536w, https:\/\/black-wood-archery.com\/wp-content\/uploads\/2021\/11\/20211009_112524-2048x1536.jpg 2048w\" sizes=\"auto, (max-width: 800px) 100vw, 800px\" \/>\t\t\t\t\t\t\t\t\t\t\t\t\t\t\t<\/div>\n\t\t\t\t<\/div>\n\t\t\t\t\t<\/div>\n\t\t<\/div>\n\t\t\t\t<div class=\"elementor-column elementor-col-33 elementor-inner-column elementor-element elementor-element-eaaa729\" data-id=\"eaaa729\" data-element_type=\"column\">\n\t\t\t<div class=\"elementor-widget-wrap elementor-element-populated\">\n\t\t\t\t\t\t\t\t<div class=\"elementor-element elementor-element-3287860 elementor-widget elementor-widget-image\" data-id=\"3287860\" data-element_type=\"widget\" data-widget_type=\"image.default\">\n\t\t\t\t<div class=\"elementor-widget-container\">\n\t\t\t\t\t\t\t\t\t\t\t\t\t\t\t<img loading=\"lazy\" decoding=\"async\" width=\"800\" height=\"600\" src=\"https:\/\/black-wood-archery.com\/wp-content\/uploads\/2021\/11\/20211009_112445-1024x768.jpg\" class=\"attachment-large size-large\" alt=\"\" srcset=\"https:\/\/black-wood-archery.com\/wp-content\/uploads\/2021\/11\/20211009_112445-1024x768.jpg 1024w, https:\/\/black-wood-archery.com\/wp-content\/uploads\/2021\/11\/20211009_112445-300x225.jpg 300w, https:\/\/black-wood-archery.com\/wp-content\/uploads\/2021\/11\/20211009_112445-768x576.jpg 768w, https:\/\/black-wood-archery.com\/wp-content\/uploads\/2021\/11\/20211009_112445-1536x1152.jpg 1536w, https:\/\/black-wood-archery.com\/wp-content\/uploads\/2021\/11\/20211009_112445-2048x1536.jpg 2048w\" sizes=\"auto, (max-width: 800px) 100vw, 800px\" \/>\t\t\t\t\t\t\t\t\t\t\t\t\t\t\t<\/div>\n\t\t\t\t<\/div>\n\t\t\t\t\t<\/div>\n\t\t<\/div>\n\t\t\t\t\t\t\t<\/div>\n\t\t<\/section>\n\t\t\t\t<section class=\"elementor-section elementor-inner-section elementor-element elementor-element-f921c2d elementor-section-boxed elementor-section-height-default elementor-section-height-default\" data-id=\"f921c2d\" data-element_type=\"section\">\n\t\t\t\t\t\t<div class=\"elementor-container elementor-column-gap-default\">\n\t\t\t\t\t<div class=\"elementor-column elementor-col-33 elementor-inner-column elementor-element elementor-element-45ea35b\" data-id=\"45ea35b\" data-element_type=\"column\" data-settings=\"{&quot;background_background&quot;:&quot;classic&quot;}\">\n\t\t\t<div class=\"elementor-widget-wrap elementor-element-populated\">\n\t\t\t\t\t\t\t\t<div class=\"elementor-element elementor-element-b68b0f3 elementor-widget elementor-widget-text-editor\" data-id=\"b68b0f3\" data-element_type=\"widget\" data-widget_type=\"text-editor.default\">\n\t\t\t\t<div class=\"elementor-widget-container\">\n\t\t\t\t\t\t\t<p>Dank drei verschiedener Lagen Carbon, einer Lage eines \u201emagischen Materials\u201c und einem Griffst\u00fcck \naus hochwertigem Paka Holz \u00fcberzeugt der Tripple xXx mit einer enormen Schussruhe, Stabilit\u00e4t und \nvor allem einer sehr hohen Geschwindigkeit.\nDer Bogen ist in den Farben Blau-Schwarz, Gr\u00fcn-Schwarz, Rot-Schwarz, Titan &amp; Aluminium erh\u00e4ltlich.<\/p>\t\t\t\t\t\t<\/div>\n\t\t\t\t<\/div>\n\t\t\t\t<div class=\"elementor-element elementor-element-5514303 elementor-widget__width-initial elementor-widget elementor-widget-text-editor\" data-id=\"5514303\" data-element_type=\"widget\" data-widget_type=\"text-editor.default\">\n\t\t\t\t<div class=\"elementor-widget-container\">\n\t\t\t\t\t\t\t<p><strong>Bogenl\u00e4nge<\/strong><\/p>\t\t\t\t\t\t<\/div>\n\t\t\t\t<\/div>\n\t\t\t\t<div class=\"elementor-element elementor-element-85d75c9 elementor-widget__width-initial elementor-widget elementor-widget-text-editor\" data-id=\"85d75c9\" data-element_type=\"widget\" data-widget_type=\"text-editor.default\">\n\t\t\t\t<div class=\"elementor-widget-container\">\n\t\t\t\t\t\t\t<p>62\u201c \u2013 68\u201c<\/p>\t\t\t\t\t\t<\/div>\n\t\t\t\t<\/div>\n\t\t\t\t<div class=\"elementor-element elementor-element-df766b0 elementor-widget__width-initial elementor-widget elementor-widget-text-editor\" data-id=\"df766b0\" data-element_type=\"widget\" data-widget_type=\"text-editor.default\">\n\t\t\t\t<div class=\"elementor-widget-container\">\n\t\t\t\t\t\t\t<p><strong>Zuggewicht<\/strong><\/p>\t\t\t\t\t\t<\/div>\n\t\t\t\t<\/div>\n\t\t\t\t<div class=\"elementor-element elementor-element-ec747c3 elementor-widget__width-initial elementor-widget elementor-widget-text-editor\" data-id=\"ec747c3\" data-element_type=\"widget\" data-widget_type=\"text-editor.default\">\n\t\t\t\t<div class=\"elementor-widget-container\">\n\t\t\t\t\t\t\t<p>30 lbs \u2013 125 lbs<\/p>\t\t\t\t\t\t<\/div>\n\t\t\t\t<\/div>\n\t\t\t\t<div class=\"elementor-element elementor-element-7b29a79 elementor-widget__width-initial elementor-widget elementor-widget-text-editor\" data-id=\"7b29a79\" data-element_type=\"widget\" data-widget_type=\"text-editor.default\">\n\t\t\t\t<div class=\"elementor-widget-container\">\n\t\t\t\t\t\t\t<p><strong>Griffst\u00fcck Rechtshand<\/strong><\/p>\t\t\t\t\t\t<\/div>\n\t\t\t\t<\/div>\n\t\t\t\t<div class=\"elementor-element elementor-element-f55c6a1 elementor-widget__width-initial elementor-widget elementor-widget-text-editor\" data-id=\"f55c6a1\" data-element_type=\"widget\" data-widget_type=\"text-editor.default\">\n\t\t\t\t<div class=\"elementor-widget-container\">\n\t\t\t\t\t\t\t<p>17\u201c, 19\u201c, 21\u201d &amp; 23\u201c<\/p>\t\t\t\t\t\t<\/div>\n\t\t\t\t<\/div>\n\t\t\t\t<div class=\"elementor-element elementor-element-2eb3708 elementor-widget__width-initial elementor-widget elementor-widget-text-editor\" data-id=\"2eb3708\" data-element_type=\"widget\" data-widget_type=\"text-editor.default\">\n\t\t\t\t<div class=\"elementor-widget-container\">\n\t\t\t\t\t\t\t<p><strong>Griffst\u00fcck Linkshand<\/strong><\/p>\t\t\t\t\t\t<\/div>\n\t\t\t\t<\/div>\n\t\t\t\t<div class=\"elementor-element elementor-element-c07280c elementor-widget__width-initial elementor-widget elementor-widget-text-editor\" data-id=\"c07280c\" data-element_type=\"widget\" data-widget_type=\"text-editor.default\">\n\t\t\t\t<div class=\"elementor-widget-container\">\n\t\t\t\t\t\t\t<p>17\u201c, 19\u201c, 21\u201d &amp; 23\u201c<\/p>\t\t\t\t\t\t<\/div>\n\t\t\t\t<\/div>\n\t\t\t\t<div class=\"elementor-element elementor-element-db448f8 elementor-widget__width-initial elementor-widget elementor-widget-text-editor\" data-id=\"db448f8\" data-element_type=\"widget\" data-widget_type=\"text-editor.default\">\n\t\t\t\t<div class=\"elementor-widget-container\">\n\t\t\t\t\t\t\t<p><strong>Pfeile<\/strong><\/p>\t\t\t\t\t\t<\/div>\n\t\t\t\t<\/div>\n\t\t\t\t<div class=\"elementor-element elementor-element-076e72e elementor-widget__width-initial elementor-widget elementor-widget-text-editor\" data-id=\"076e72e\" data-element_type=\"widget\" data-widget_type=\"text-editor.default\">\n\t\t\t\t<div class=\"elementor-widget-container\">\n\t\t\t\t\t\t\t<p>min. 7 gpp<\/p>\t\t\t\t\t\t<\/div>\n\t\t\t\t<\/div>\n\t\t\t\t<div class=\"elementor-element elementor-element-0cffb5e elementor-widget__width-initial elementor-widget elementor-widget-text-editor\" data-id=\"0cffb5e\" data-element_type=\"widget\" data-widget_type=\"text-editor.default\">\n\t\t\t\t<div class=\"elementor-widget-container\">\n\t\t\t\t\t\t\t<p><strong>Sehnen<\/strong><\/p>\t\t\t\t\t\t<\/div>\n\t\t\t\t<\/div>\n\t\t\t\t<div class=\"elementor-element elementor-element-8268ea2 elementor-widget__width-initial elementor-widget elementor-widget-text-editor\" data-id=\"8268ea2\" data-element_type=\"widget\" data-widget_type=\"text-editor.default\">\n\t\t\t\t<div class=\"elementor-widget-container\">\n\t\t\t\t\t\t\t<p>Dynema 97<\/p><p>\u00a0<\/p>\t\t\t\t\t\t<\/div>\n\t\t\t\t<\/div>\n\t\t\t\t<div class=\"elementor-element elementor-element-fd20ff9 elementor-widget__width-initial elementor-widget elementor-widget-text-editor\" data-id=\"fd20ff9\" data-element_type=\"widget\" data-widget_type=\"text-editor.default\">\n\t\t\t\t<div class=\"elementor-widget-container\">\n\t\t\t\t\t\t\t<p><strong>Basispreis<\/strong><\/p>\t\t\t\t\t\t<\/div>\n\t\t\t\t<\/div>\n\t\t\t\t<div class=\"elementor-element elementor-element-4e0de2e elementor-widget__width-initial elementor-widget elementor-widget-text-editor\" data-id=\"4e0de2e\" data-element_type=\"widget\" data-widget_type=\"text-editor.default\">\n\t\t\t\t<div class=\"elementor-widget-container\">\n\t\t\t\t\t\t\t<p>from \u20ac 2,000;<br \/>Endpreis abh\u00e4ngig von den ausgew\u00e4hlten Materialien und den ausgew\u00e4hlten Extras<\/p>\t\t\t\t\t\t<\/div>\n\t\t\t\t<\/div>\n\t\t\t\t\t<\/div>\n\t\t<\/div>\n\t\t\t\t<div class=\"elementor-column elementor-col-33 elementor-inner-column elementor-element elementor-element-b00db15\" data-id=\"b00db15\" data-element_type=\"column\">\n\t\t\t<div class=\"elementor-widget-wrap elementor-element-populated\">\n\t\t\t\t\t\t\t\t<div class=\"elementor-element elementor-element-5600017 elementor-widget elementor-widget-image\" data-id=\"5600017\" data-element_type=\"widget\" data-widget_type=\"image.default\">\n\t\t\t\t<div class=\"elementor-widget-container\">\n\t\t\t\t\t\t\t\t\t\t\t\t\t\t\t<img loading=\"lazy\" decoding=\"async\" width=\"768\" height=\"1024\" src=\"https:\/\/black-wood-archery.com\/wp-content\/uploads\/2021\/12\/WhatsApp-Image-2021-11-21-at-15.51.36-3-768x1024.jpeg\" class=\"attachment-large size-large\" alt=\"\" srcset=\"https:\/\/black-wood-archery.com\/wp-content\/uploads\/2021\/12\/WhatsApp-Image-2021-11-21-at-15.51.36-3-768x1024.jpeg 768w, https:\/\/black-wood-archery.com\/wp-content\/uploads\/2021\/12\/WhatsApp-Image-2021-11-21-at-15.51.36-3-225x300.jpeg 225w, https:\/\/black-wood-archery.com\/wp-content\/uploads\/2021\/12\/WhatsApp-Image-2021-11-21-at-15.51.36-3-1152x1536.jpeg 1152w, https:\/\/black-wood-archery.com\/wp-content\/uploads\/2021\/12\/WhatsApp-Image-2021-11-21-at-15.51.36-3-9x12.jpeg 9w, https:\/\/black-wood-archery.com\/wp-content\/uploads\/2021\/12\/WhatsApp-Image-2021-11-21-at-15.51.36-3.jpeg 1512w\" sizes=\"auto, (max-width: 768px) 100vw, 768px\" \/>\t\t\t\t\t\t\t\t\t\t\t\t\t\t\t<\/div>\n\t\t\t\t<\/div>\n\t\t\t\t\t<\/div>\n\t\t<\/div>\n\t\t\t\t<div class=\"elementor-column elementor-col-33 elementor-inner-column elementor-element elementor-element-fad9003\" data-id=\"fad9003\" data-element_type=\"column\">\n\t\t\t<div class=\"elementor-widget-wrap elementor-element-populated\">\n\t\t\t\t\t\t\t\t<div class=\"elementor-element elementor-element-b5b3903 elementor-widget elementor-widget-image\" data-id=\"b5b3903\" data-element_type=\"widget\" data-widget_type=\"image.default\">\n\t\t\t\t<div class=\"elementor-widget-container\">\n\t\t\t\t\t\t\t\t\t\t\t\t\t\t\t<img loading=\"lazy\" decoding=\"async\" width=\"768\" height=\"1024\" src=\"https:\/\/black-wood-archery.com\/wp-content\/uploads\/2021\/12\/WhatsApp-Image-2021-11-21-at-15.51.36-5-768x1024.jpeg\" class=\"attachment-large size-large\" alt=\"\" srcset=\"https:\/\/black-wood-archery.com\/wp-content\/uploads\/2021\/12\/WhatsApp-Image-2021-11-21-at-15.51.36-5-768x1024.jpeg 768w, https:\/\/black-wood-archery.com\/wp-content\/uploads\/2021\/12\/WhatsApp-Image-2021-11-21-at-15.51.36-5-225x300.jpeg 225w, https:\/\/black-wood-archery.com\/wp-content\/uploads\/2021\/12\/WhatsApp-Image-2021-11-21-at-15.51.36-5-1152x1536.jpeg 1152w, https:\/\/black-wood-archery.com\/wp-content\/uploads\/2021\/12\/WhatsApp-Image-2021-11-21-at-15.51.36-5-9x12.jpeg 9w, https:\/\/black-wood-archery.com\/wp-content\/uploads\/2021\/12\/WhatsApp-Image-2021-11-21-at-15.51.36-5.jpeg 1512w\" sizes=\"auto, (max-width: 768px) 100vw, 768px\" \/>\t\t\t\t\t\t\t\t\t\t\t\t\t\t\t<\/div>\n\t\t\t\t<\/div>\n\t\t\t\t\t<\/div>\n\t\t<\/div>\n\t\t\t\t\t\t\t<\/div>\n\t\t<\/section>\n\t\t\t\t<section class=\"elementor-section elementor-inner-section elementor-element elementor-element-4913faf elementor-section-boxed elementor-section-height-default elementor-section-height-default\" data-id=\"4913faf\" data-element_type=\"section\">\n\t\t\t\t\t\t<div class=\"elementor-container elementor-column-gap-default\">\n\t\t\t\t\t<div class=\"elementor-column elementor-col-33 elementor-inner-column elementor-element elementor-element-487cb1a\" data-id=\"487cb1a\" data-element_type=\"column\">\n\t\t\t<div class=\"elementor-widget-wrap elementor-element-populated\">\n\t\t\t\t\t\t\t\t<div class=\"elementor-element elementor-element-24bafa4 elementor-widget elementor-widget-image\" data-id=\"24bafa4\" data-element_type=\"widget\" data-widget_type=\"image.default\">\n\t\t\t\t<div class=\"elementor-widget-container\">\n\t\t\t\t\t\t\t\t\t\t\t\t\t\t\t<img loading=\"lazy\" decoding=\"async\" width=\"768\" height=\"1024\" src=\"https:\/\/black-wood-archery.com\/wp-content\/uploads\/2021\/11\/20210908_173408-768x1024.jpg\" class=\"attachment-large size-large\" alt=\"\" srcset=\"https:\/\/black-wood-archery.com\/wp-content\/uploads\/2021\/11\/20210908_173408-768x1024.jpg 768w, https:\/\/black-wood-archery.com\/wp-content\/uploads\/2021\/11\/20210908_173408-225x300.jpg 225w, https:\/\/black-wood-archery.com\/wp-content\/uploads\/2021\/11\/20210908_173408-1152x1536.jpg 1152w, https:\/\/black-wood-archery.com\/wp-content\/uploads\/2021\/11\/20210908_173408-1536x2048.jpg 1536w, https:\/\/black-wood-archery.com\/wp-content\/uploads\/2021\/11\/20210908_173408-scaled.jpg 1920w\" sizes=\"auto, (max-width: 768px) 100vw, 768px\" \/>\t\t\t\t\t\t\t\t\t\t\t\t\t\t\t<\/div>\n\t\t\t\t<\/div>\n\t\t\t\t\t<\/div>\n\t\t<\/div>\n\t\t\t\t<div class=\"elementor-column elementor-col-33 elementor-inner-column elementor-element elementor-element-ed59850\" data-id=\"ed59850\" data-element_type=\"column\">\n\t\t\t<div class=\"elementor-widget-wrap elementor-element-populated\">\n\t\t\t\t\t\t\t\t<div class=\"elementor-element elementor-element-dc95d68 elementor-widget elementor-widget-image\" data-id=\"dc95d68\" data-element_type=\"widget\" data-widget_type=\"image.default\">\n\t\t\t\t<div class=\"elementor-widget-container\">\n\t\t\t\t\t\t\t\t\t\t\t\t\t\t\t<img loading=\"lazy\" decoding=\"async\" width=\"800\" height=\"600\" src=\"https:\/\/black-wood-archery.com\/wp-content\/uploads\/2021\/11\/20211009_141408-1024x768.jpg\" class=\"attachment-large size-large\" alt=\"\" srcset=\"https:\/\/black-wood-archery.com\/wp-content\/uploads\/2021\/11\/20211009_141408-1024x768.jpg 1024w, https:\/\/black-wood-archery.com\/wp-content\/uploads\/2021\/11\/20211009_141408-300x225.jpg 300w, https:\/\/black-wood-archery.com\/wp-content\/uploads\/2021\/11\/20211009_141408-768x576.jpg 768w, https:\/\/black-wood-archery.com\/wp-content\/uploads\/2021\/11\/20211009_141408-1536x1152.jpg 1536w, https:\/\/black-wood-archery.com\/wp-content\/uploads\/2021\/11\/20211009_141408-2048x1536.jpg 2048w\" sizes=\"auto, (max-width: 800px) 100vw, 800px\" \/>\t\t\t\t\t\t\t\t\t\t\t\t\t\t\t<\/div>\n\t\t\t\t<\/div>\n\t\t\t\t<div class=\"elementor-element elementor-element-d73436c elementor-widget elementor-widget-image\" data-id=\"d73436c\" data-element_type=\"widget\" data-widget_type=\"image.default\">\n\t\t\t\t<div class=\"elementor-widget-container\">\n\t\t\t\t\t\t\t\t\t\t\t\t\t\t\t<img loading=\"lazy\" decoding=\"async\" width=\"800\" height=\"600\" src=\"https:\/\/black-wood-archery.com\/wp-content\/uploads\/2021\/12\/WhatsApp-Image-2021-11-21-at-15.51.35-2-1024x768.jpeg\" class=\"attachment-large size-large\" alt=\"\" srcset=\"https:\/\/black-wood-archery.com\/wp-content\/uploads\/2021\/12\/WhatsApp-Image-2021-11-21-at-15.51.35-2-1024x768.jpeg 1024w, https:\/\/black-wood-archery.com\/wp-content\/uploads\/2021\/12\/WhatsApp-Image-2021-11-21-at-15.51.35-2-300x225.jpeg 300w, https:\/\/black-wood-archery.com\/wp-content\/uploads\/2021\/12\/WhatsApp-Image-2021-11-21-at-15.51.35-2-768x576.jpeg 768w, https:\/\/black-wood-archery.com\/wp-content\/uploads\/2021\/12\/WhatsApp-Image-2021-11-21-at-15.51.35-2-1536x1152.jpeg 1536w, https:\/\/black-wood-archery.com\/wp-content\/uploads\/2021\/12\/WhatsApp-Image-2021-11-21-at-15.51.35-2-16x12.jpeg 16w, https:\/\/black-wood-archery.com\/wp-content\/uploads\/2021\/12\/WhatsApp-Image-2021-11-21-at-15.51.35-2.jpeg 2016w\" sizes=\"auto, (max-width: 800px) 100vw, 800px\" \/>\t\t\t\t\t\t\t\t\t\t\t\t\t\t\t<\/div>\n\t\t\t\t<\/div>\n\t\t\t\t\t<\/div>\n\t\t<\/div>\n\t\t\t\t<div class=\"elementor-column elementor-col-33 elementor-inner-column elementor-element elementor-element-5a04187\" data-id=\"5a04187\" data-element_type=\"column\">\n\t\t\t<div class=\"elementor-widget-wrap elementor-element-populated\">\n\t\t\t\t\t\t\t\t<div class=\"elementor-element elementor-element-0507f9a elementor-widget elementor-widget-image\" data-id=\"0507f9a\" data-element_type=\"widget\" data-widget_type=\"image.default\">\n\t\t\t\t<div class=\"elementor-widget-container\">\n\t\t\t\t\t\t\t\t\t\t\t\t\t\t\t<img loading=\"lazy\" decoding=\"async\" width=\"768\" height=\"1024\" src=\"https:\/\/black-wood-archery.com\/wp-content\/uploads\/2021\/12\/WhatsApp-Image-2021-11-21-at-15.51.36-1-768x1024.jpeg\" class=\"attachment-large size-large\" alt=\"\" srcset=\"https:\/\/black-wood-archery.com\/wp-content\/uploads\/2021\/12\/WhatsApp-Image-2021-11-21-at-15.51.36-1-768x1024.jpeg 768w, https:\/\/black-wood-archery.com\/wp-content\/uploads\/2021\/12\/WhatsApp-Image-2021-11-21-at-15.51.36-1-225x300.jpeg 225w, https:\/\/black-wood-archery.com\/wp-content\/uploads\/2021\/12\/WhatsApp-Image-2021-11-21-at-15.51.36-1-1152x1536.jpeg 1152w, https:\/\/black-wood-archery.com\/wp-content\/uploads\/2021\/12\/WhatsApp-Image-2021-11-21-at-15.51.36-1-9x12.jpeg 9w, https:\/\/black-wood-archery.com\/wp-content\/uploads\/2021\/12\/WhatsApp-Image-2021-11-21-at-15.51.36-1.jpeg 1512w\" sizes=\"auto, (max-width: 768px) 100vw, 768px\" \/>\t\t\t\t\t\t\t\t\t\t\t\t\t\t\t<\/div>\n\t\t\t\t<\/div>\n\t\t\t\t\t<\/div>\n\t\t<\/div>\n\t\t\t\t\t\t\t<\/div>\n\t\t<\/section>\n\t\t\t\t\t<\/div>\n\t\t<\/div>\n\t\t\t\t\t\t\t<\/div>\n\t\t<\/section>\n\t\t\t\t\t\t<\/div>\n\t\t\t\t\t<\/div>","protected":false},"excerpt":{"rendered":"<p>Thanks to three different layers of carbon, one layer of a \u201cmagical material\u201d and a handle made of high-quality Paka wood, the Tripple xXx impresses with its enormous smoothness, stability and, above all, very high speed. The bow is available in the colours blue-black, green-black, red-black, titanium &amp; aluminium. Bow length 62\u201c \u2013 68\u201c Draw [&hellip;]<\/p>","protected":false},"author":2,"featured_media":0,"parent":0,"menu_order":0,"comment_status":"closed","ping_status":"closed","template":"elementor_header_footer","meta":{"footnotes":""},"class_list":["post-705","page","type-page","status-publish","hentry"],"_links":{"self":[{"href":"https:\/\/black-wood-archery.com\/de\/wp-json\/wp\/v2\/pages\/705","targetHints":{"allow":["GET"]}}],"collection":[{"href":"https:\/\/black-wood-archery.com\/de\/wp-json\/wp\/v2\/pages"}],"about":[{"href":"https:\/\/black-wood-archery.com\/de\/wp-json\/wp\/v2\/types\/page"}],"author":[{"embeddable":true,"href":"https:\/\/black-wood-archery.com\/de\/wp-json\/wp\/v2\/users\/2"}],"replies":[{"embeddable":true,"href":"https:\/\/black-wood-archery.com\/de\/wp-json\/wp\/v2\/comments?post=705"}],"version-history":[{"count":181,"href":"https:\/\/black-wood-archery.com\/de\/wp-json\/wp\/v2\/pages\/705\/revisions"}],"predecessor-version":[{"id":2154,"href":"https:\/\/black-wood-archery.com\/de\/wp-json\/wp\/v2\/pages\/705\/revisions\/2154"}],"wp:attachment":[{"href":"https:\/\/black-wood-archery.com\/de\/wp-json\/wp\/v2\/media?parent=705"}],"curies":[{"name":"wp","href":"https:\/\/api.w.org\/{rel}","templated":true}]}}